{"id":4639,"date":"2021-03-25T08:21:00","date_gmt":"2021-03-25T08:21:00","guid":{"rendered":"https:\/\/wingsdustcontrol.com.br\/dustcontrol-mecanico\/"},"modified":"2022-09-13T20:31:08","modified_gmt":"2022-09-13T20:31:08","slug":"dustcontrol-mecanico","status":"publish","type":"page","link":"https:\/\/wingsdustcontrol.com.br\/es\/dustcontrol-mecanico\/","title":{"rendered":"DUSTCONTROL MEC\u00c1NICO"},"content":{"rendered":"\n  <div id=\"page-header-1026518051\" class=\"page-header-wrapper\">\n  <div class=\"page-title dark featured-title\">\n\n        <div class=\"page-title-bg\">\n      <div class=\"title-bg fill bg-fill\"\n        data-parallax-container=\".page-title\"\n        data-parallax-background\n        data-parallax=\"-\">\n      <\/div>\n      <div class=\"title-overlay fill\"><\/div>\n    <\/div>\n    \n    <div class=\"page-title-inner container align-center text-center flex-row-col medium-flex-wrap\" >\n              <div class=\"title-wrapper flex-col\">\n          <h1 class=\"entry-title mb-0\">\n            DUSTCONTROL MEC\u00c1NICO          <\/h1>\n        <\/div>\n                    <div class=\"title-content flex-col\">\n        <div class=\"title-breadcrumbs pb-half pt-half\"><\/div>      <\/div>\n    <\/div>\n\n     \n<style>\n#page-header-1026518051 .title-bg {\n  background-image: url(https:\/\/wingsdustcontrol.com.br\/wp-content\/uploads\/2021\/03\/DustControl-Mecanico.png);\n}\n<\/style>\n  <\/div>\n    <\/div>\n  \n\n\t<div id=\"gap-1352307306\" class=\"gap-element clearfix\" style=\"display:block; height:auto;\">\n\t\t\n<style>\n#gap-1352307306 {\n  padding-top: 30px;\n}\n<\/style>\n\t<\/div>\n\t\n\n<div class=\"row align-center\"  id=\"row-1278229454\">\n\n\n\t<div id=\"col-249083467\" class=\"col medium-7 small-12 large-7\"  >\n\t\t\t\t<div class=\"col-inner\"  >\n\t\t\t\n\t\t\t\n\n\t<div id=\"text-2844317890\" class=\"text\">\n\t\t\n\n<h1 style=\"text-align: center;\" data-line-height=\"s\">Protege a sus empleados y al medio ambiente<\/h1>\n\t\t\n<style>\n#text-2844317890 {\n  font-size: 1rem;\n  color: #3a5e21;\n}\n#text-2844317890 > * {\n  color: #3a5e21;\n}\n<\/style>\n\t<\/div>\n\t\n<h2>\u00a0<\/h2>\n<h2 style=\"text-align: center;\">Sistema autom\u00e1tico de <span data-text-color=\"secondary\">control de polvo<\/span> en <span data-text-color=\"secondary\">tolvas receptoras<\/span><\/h2>\n<h3 style=\"text-align: center;\">\u00a0<\/h3>\n<div class=\"kleo_text_column wpb_content_elementvc_custom_1570195679755\">\n<div class=\"wpb_wrapper\">\n<h3 style=\"text-align: left;\" data-padding=\"30px\" data-line-height=\"xl\">\u2022 Completamente autom\u00e1tico<br \/>\u2022 Libre de mantenimiento<br \/>\u2022 Adaptado a su tolva<br \/>\u2022 Fabricado en acero al carbono patinable<br \/>\u2022 Instalado debajo de la rejilla<br \/>\u2022 Aprobado en el 100% de las inspecciones<br \/>\u2022 Instalaci\u00f3n supervisada por un t\u00e9cnico certificado por NR<br \/>\u2022 No se requiere clausura<\/h3>\n<\/div>\n<\/div>\n<div class=\"text-center\"><div class=\"is-divider divider clearfix\" ><\/div><\/div>\n\n<h2 style=\"text-align: center;\">Utilizado en tolvas convencionales para:<\/h2>\n<h2 style=\"text-align: center;\">Soja, ma\u00edz, salvado, az\u00facar, fertilizantes, caf\u00e9 y m\u00e1s.<\/h2>\n<div class=\"row\"  id=\"row-1352725733\">\n\n\n\t<div id=\"col-396236631\" class=\"col small-12 large-12\"  >\n\t\t\t\t<div class=\"col-inner\"  >\n\t\t\t\n\t\t\t\n\n\t<div id=\"text-564164301\" class=\"text\">\n\t\t\n\n<h1>\u00a0<\/h1>\n<h1 style=\"text-align: center;\"><strong>M\u00e1s de ais de 250 proyectos instalados en EUA y Brasil<\/strong><\/h1>\n<p>\u00a0<\/p>\n\t\t\n<style>\n#text-564164301 {\n  color: rgb(255,255,255);\n}\n#text-564164301 > * {\n  color: rgb(255,255,255);\n}\n<\/style>\n\t<\/div>\n\t\n\n\t\t<\/div>\n\t\t\t\t\t<\/div>\n\n\t\n\n\n<style>\n#row-1352725733 > .col > .col-inner {\n  background-color: #3a5e21;\n}\n<\/style>\n<\/div>\n<div class=\"social-icons follow-icons\" ><a href=\"https:\/\/www.facebook.com\/wingsltda\" target=\"_blank\" data-label=\"Facebook\" rel=\"noopener noreferrer nofollow\" class=\"icon button circle is-outline facebook tooltip\" title=\"S\u00edguenos en Facebook\" aria-label=\"S\u00edguenos en Facebook\"><i class=\"icon-facebook\" ><\/i><\/a><a href=\"mailto:mailto:contato@wingsdustcontrol.com.br\" data-label=\"E-mail\" rel=\"nofollow\" class=\"icon button circle is-outline  email tooltip\" title=\"Env\u00edanos un email\" aria-label=\"Env\u00edanos un email\"><i class=\"icon-envelop\" ><\/i><\/a><a href=\"tel:(11) 4789-4070\" target=\"_blank\" data-label=\"Phone\" rel=\"noopener noreferrer nofollow\" class=\"icon button circle is-outline  phone tooltip\" title=\"Call us\" aria-label=\"Call us\"><i class=\"icon-phone\" ><\/i><\/a><a href=\"https:\/\/www.linkedin.com\/company\/wingsltda\/\" target=\"_blank\" rel=\"noopener noreferrer nofollow\" data-label=\"LinkedIn\" class=\"icon button circle is-outline  linkedin tooltip\" title=\"Follow on LinkedIn\" aria-label=\"Follow on LinkedIn\"><i class=\"icon-linkedin\" ><\/i><\/a><\/div>\n\n\n\t\t<\/div>\n\t\t\t\t\t<\/div>\n\n\t\n\n\t<div id=\"col-1442473072\" class=\"col medium-5 small-12 large-5\"  >\n\t\t\t\t<div class=\"col-inner\"  >\n\t\t\t\n\t\t\t\n\n\t<div class=\"img has-hover x md-x lg-x y md-y lg-y\" id=\"image_1815197391\">\n\t\t\t\t\t\t\t\t<div class=\"img-inner dark\" >\n\t\t\t<img loading=\"lazy\" decoding=\"async\" width=\"1020\" height=\"765\" src=\"https:\/\/wingsdustcontrol.com.br\/wp-content\/uploads\/2012\/09\/BRF-Toledo-1067x800.jpg\" class=\"attachment-large size-large\" alt=\"despoeiramento moega rodovi\u00e1ria p\u00f3 poeira\" srcset=\"https:\/\/wingsdustcontrol.com.br\/wp-content\/uploads\/2012\/09\/BRF-Toledo-1067x800.jpg 1067w, https:\/\/wingsdustcontrol.com.br\/wp-content\/uploads\/2012\/09\/BRF-Toledo-533x400.jpg 533w, https:\/\/wingsdustcontrol.com.br\/wp-content\/uploads\/2012\/09\/BRF-Toledo-768x576.jpg 768w, https:\/\/wingsdustcontrol.com.br\/wp-content\/uploads\/2012\/09\/BRF-Toledo-1536x1152.jpg 1536w, https:\/\/wingsdustcontrol.com.br\/wp-content\/uploads\/2012\/09\/BRF-Toledo-600x450.jpg 600w, https:\/\/wingsdustcontrol.com.br\/wp-content\/uploads\/2012\/09\/BRF-Toledo.jpg 2048w\" sizes=\"auto, (max-width: 1020px) 100vw, 1020px\" \/>\t\t\t\t\t\t\n\t\t\t\t\t<\/div>\n\t\t\t\t\t\t\t\t\n<style>\n#image_1815197391 {\n  width: 100%;\n}\n<\/style>\n\t<\/div>\n\t\n\n\t<div class=\"img has-hover x md-x lg-x y md-y lg-y\" id=\"image_574538399\">\n\t\t\t\t\t\t\t\t<div class=\"img-inner dark\" >\n\t\t\t<img loading=\"lazy\" decoding=\"async\" width=\"640\" height=\"480\" src=\"https:\/\/wingsdustcontrol.com.br\/wp-content\/uploads\/2022\/07\/como-conseguir-despoeiramento-em-moega-ferroviaria-da-coamo-paranagua.jpg\" class=\"attachment-large size-large\" alt=\"\" \/>\t\t\t\t\t\t\n\t\t\t\t\t<\/div>\n\t\t\t\t\t\t\t\t\n<style>\n#image_574538399 {\n  width: 100%;\n}\n<\/style>\n\t<\/div>\n\t\n\n\n\t\t<\/div>\n\t\t\t\t\t<\/div>\n\n\t\n\n<\/div>\n<div class=\"text-center\"><div class=\"is-divider divider clearfix\" style=\"max-width:316px;\"><\/div><\/div>\n\n<div class=\"container section-title-container\" ><h3 class=\"section-title section-title-normal\"><b><\/b><span class=\"section-title-main\" >Productos relacionados<\/span><b><\/b><\/h3><\/div>\n\n<div class=\"row\"  id=\"row-2023334910\">\n\n\n\t<div id=\"col-2098601799\" class=\"col small-12 large-12\"  >\n\t\t\t\t<div class=\"col-inner\"  >\n\t\t\t\n\t\t\t\n\n\t<div class=\"box has-hover   has-hover box-text-bottom\" >\n\n\t\t<div class=\"box-image\" style=\"width:35%;\">\n\t\t\t<a href=\"https:\/\/wingsdustcontrol.com.br\/dustcontrol-plus\/\"  >\t\t\t<div class=\"\" >\n\t\t\t\t<img loading=\"lazy\" decoding=\"async\" width=\"300\" height=\"226\" src=\"https:\/\/wingsdustcontrol.com.br\/wp-content\/uploads\/2021\/03\/filtro-para-controle-de-poeira-em-uma-moega-com-tombador.jpg\" class=\"attachment- size-\" alt=\"Filtro para controle de poeira em uma moega de recebimento com tombador.\" \/>\t\t\t\t\t\t\t\t\t\t\t<\/div>\n\t\t\t<\/a>\t\t<\/div>\n\n\t\t<div class=\"box-text text-center\" >\n\t\t\t<div class=\"box-text-inner\">\n\t\t\t\t\n\n<h4>DUSTCONTROL PLUS<\/h4>\n<p>DUSTCONTROL<\/p>\n\n\t\t\t<\/div>\n\t\t<\/div>\n\t<\/div>\n\t\n\n\t\t<\/div>\n\t\t\t\t\t<\/div>\n\n\t\n\n<\/div>\n\n","protected":false},"excerpt":{"rendered":"","protected":false},"author":1,"featured_media":3007,"parent":0,"menu_order":0,"comment_status":"closed","ping_status":"closed","template":"page-blank.php","meta":{"footnotes":""},"class_list":["post-4639","page","type-page","status-publish","has-post-thumbnail","hentry"],"yoast_head":"<!-- This site is optimized with the Yoast SEO plugin v26.6 - https:\/\/yoast.com\/wordpress\/plugins\/seo\/ -->\n<title>DUSTCONTROL MEC\u00c1NICO - Wings Ltda |<\/title>\n<meta name=\"robots\" content=\"index, follow, max-snippet:-1, max-image-preview:large, max-video-preview:-1\" \/>\n<link rel=\"canonical\" href=\"https:\/\/wingsdustcontrol.com.br\/es\/dustcontrol-mecanico\/\" \/>\n<meta property=\"og:locale\" content=\"es_ES\" \/>\n<meta property=\"og:type\" content=\"article\" \/>\n<meta property=\"og:title\" content=\"DUSTCONTROL MEC\u00c1NICO - Wings Ltda |\" \/>\n<meta property=\"og:url\" content=\"https:\/\/wingsdustcontrol.com.br\/dustcontrol-mecanico\/\" \/>\n<meta property=\"og:site_name\" content=\"Wings Ltda |\" \/>\n<meta property=\"article:publisher\" content=\"https:\/\/www.facebook.com\/wingsltda\/\" \/>\n<meta property=\"article:modified_time\" content=\"2022-09-13T20:31:08+00:00\" \/>\n<meta property=\"og:image\" content=\"https:\/\/wingsdustcontrol.com.br\/wp-content\/uploads\/2021\/03\/DustControl-Mecanico.png\" \/>\n\t<meta property=\"og:image:width\" content=\"781\" \/>\n\t<meta property=\"og:image:height\" content=\"640\" \/>\n\t<meta property=\"og:image:type\" content=\"image\/png\" \/>\n<meta name=\"twitter:card\" content=\"summary_large_image\" \/>\n<meta name=\"twitter:label1\" content=\"Tiempo de lectura\" \/>\n\t<meta name=\"twitter:data1\" content=\"1 minuto\" \/>\n<script type=\"application\/ld+json\" class=\"yoast-schema-graph\">{\"@context\":\"https:\/\/schema.org\",\"@graph\":[{\"@type\":\"WebPage\",\"@id\":\"https:\/\/wingsdustcontrol.com.br\/dustcontrol-mecanico\/\",\"url\":\"https:\/\/wingsdustcontrol.com.br\/dustcontrol-mecanico\/\",\"name\":\"DUSTCONTROL MEC\u00c1NICO - Wings Ltda |\",\"isPartOf\":{\"@id\":\"https:\/\/wingsdustcontrol.com.br\/#website\"},\"primaryImageOfPage\":{\"@id\":\"https:\/\/wingsdustcontrol.com.br\/dustcontrol-mecanico\/#primaryimage\"},\"image\":{\"@id\":\"https:\/\/wingsdustcontrol.com.br\/dustcontrol-mecanico\/#primaryimage\"},\"thumbnailUrl\":\"https:\/\/wingsdustcontrol.com.br\/wp-content\/uploads\/2021\/03\/DustControl-Mecanico.png\",\"datePublished\":\"2021-03-25T08:21:00+00:00\",\"dateModified\":\"2022-09-13T20:31:08+00:00\",\"breadcrumb\":{\"@id\":\"https:\/\/wingsdustcontrol.com.br\/dustcontrol-mecanico\/#breadcrumb\"},\"inLanguage\":\"es\",\"potentialAction\":[{\"@type\":\"ReadAction\",\"target\":[\"https:\/\/wingsdustcontrol.com.br\/dustcontrol-mecanico\/\"]}]},{\"@type\":\"ImageObject\",\"inLanguage\":\"es\",\"@id\":\"https:\/\/wingsdustcontrol.com.br\/dustcontrol-mecanico\/#primaryimage\",\"url\":\"https:\/\/wingsdustcontrol.com.br\/wp-content\/uploads\/2021\/03\/DustControl-Mecanico.png\",\"contentUrl\":\"https:\/\/wingsdustcontrol.com.br\/wp-content\/uploads\/2021\/03\/DustControl-Mecanico.png\",\"width\":781,\"height\":640,\"caption\":\"DustControl Mecanico da Wings Ltda\"},{\"@type\":\"BreadcrumbList\",\"@id\":\"https:\/\/wingsdustcontrol.com.br\/dustcontrol-mecanico\/#breadcrumb\",\"itemListElement\":[{\"@type\":\"ListItem\",\"position\":1,\"name\":\"In\u00edcio\",\"item\":\"https:\/\/wingsdustcontrol.com.br\/\"},{\"@type\":\"ListItem\",\"position\":2,\"name\":\"DUSTCONTROL MEC\u00c1NICO\"}]},{\"@type\":\"WebSite\",\"@id\":\"https:\/\/wingsdustcontrol.com.br\/#website\",\"url\":\"https:\/\/wingsdustcontrol.com.br\/\",\"name\":\"Wings Ltda |\",\"description\":\"Transformando sua opera\u00e7\u00e3o no agro.\",\"publisher\":{\"@id\":\"https:\/\/wingsdustcontrol.com.br\/#organization\"},\"potentialAction\":[{\"@type\":\"SearchAction\",\"target\":{\"@type\":\"EntryPoint\",\"urlTemplate\":\"https:\/\/wingsdustcontrol.com.br\/?s={search_term_string}\"},\"query-input\":{\"@type\":\"PropertyValueSpecification\",\"valueRequired\":true,\"valueName\":\"search_term_string\"}}],\"inLanguage\":\"es\"},{\"@type\":\"Organization\",\"@id\":\"https:\/\/wingsdustcontrol.com.br\/#organization\",\"name\":\"Wings Ltda\",\"url\":\"https:\/\/wingsdustcontrol.com.br\/\",\"logo\":{\"@type\":\"ImageObject\",\"inLanguage\":\"es\",\"@id\":\"https:\/\/wingsdustcontrol.com.br\/#\/schema\/logo\/image\/\",\"url\":\"https:\/\/wingsdustcontrol.com.br\/wp-content\/uploads\/2021\/11\/Wings-Logo-A1-e1664037880754.png\",\"contentUrl\":\"https:\/\/wingsdustcontrol.com.br\/wp-content\/uploads\/2021\/11\/Wings-Logo-A1-e1664037880754.png\",\"width\":1089,\"height\":356,\"caption\":\"Wings Ltda\"},\"image\":{\"@id\":\"https:\/\/wingsdustcontrol.com.br\/#\/schema\/logo\/image\/\"},\"sameAs\":[\"https:\/\/www.facebook.com\/wingsltda\/\",\"https:\/\/www.linkedin.com\/company\/wingsltda\/\",\"https:\/\/www.youtube.com\/channel\/UC2XSL5EljSgDh-pwalcPLLA\"]}]}<\/script>\n<!-- \/ Yoast SEO plugin. -->","yoast_head_json":{"title":"DUSTCONTROL MEC\u00c1NICO - Wings Ltda |","robots":{"index":"index","follow":"follow","max-snippet":"max-snippet:-1","max-image-preview":"max-image-preview:large","max-video-preview":"max-video-preview:-1"},"canonical":"https:\/\/wingsdustcontrol.com.br\/es\/dustcontrol-mecanico\/","og_locale":"es_ES","og_type":"article","og_title":"DUSTCONTROL MEC\u00c1NICO - Wings Ltda |","og_url":"https:\/\/wingsdustcontrol.com.br\/dustcontrol-mecanico\/","og_site_name":"Wings Ltda |","article_publisher":"https:\/\/www.facebook.com\/wingsltda\/","article_modified_time":"2022-09-13T20:31:08+00:00","og_image":[{"width":781,"height":640,"url":"https:\/\/wingsdustcontrol.com.br\/wp-content\/uploads\/2021\/03\/DustControl-Mecanico.png","type":"image\/png"}],"twitter_card":"summary_large_image","twitter_misc":{"Tiempo de lectura":"1 minuto"},"schema":{"@context":"https:\/\/schema.org","@graph":[{"@type":"WebPage","@id":"https:\/\/wingsdustcontrol.com.br\/dustcontrol-mecanico\/","url":"https:\/\/wingsdustcontrol.com.br\/dustcontrol-mecanico\/","name":"DUSTCONTROL MEC\u00c1NICO - Wings Ltda |","isPartOf":{"@id":"https:\/\/wingsdustcontrol.com.br\/#website"},"primaryImageOfPage":{"@id":"https:\/\/wingsdustcontrol.com.br\/dustcontrol-mecanico\/#primaryimage"},"image":{"@id":"https:\/\/wingsdustcontrol.com.br\/dustcontrol-mecanico\/#primaryimage"},"thumbnailUrl":"https:\/\/wingsdustcontrol.com.br\/wp-content\/uploads\/2021\/03\/DustControl-Mecanico.png","datePublished":"2021-03-25T08:21:00+00:00","dateModified":"2022-09-13T20:31:08+00:00","breadcrumb":{"@id":"https:\/\/wingsdustcontrol.com.br\/dustcontrol-mecanico\/#breadcrumb"},"inLanguage":"es","potentialAction":[{"@type":"ReadAction","target":["https:\/\/wingsdustcontrol.com.br\/dustcontrol-mecanico\/"]}]},{"@type":"ImageObject","inLanguage":"es","@id":"https:\/\/wingsdustcontrol.com.br\/dustcontrol-mecanico\/#primaryimage","url":"https:\/\/wingsdustcontrol.com.br\/wp-content\/uploads\/2021\/03\/DustControl-Mecanico.png","contentUrl":"https:\/\/wingsdustcontrol.com.br\/wp-content\/uploads\/2021\/03\/DustControl-Mecanico.png","width":781,"height":640,"caption":"DustControl Mecanico da Wings Ltda"},{"@type":"BreadcrumbList","@id":"https:\/\/wingsdustcontrol.com.br\/dustcontrol-mecanico\/#breadcrumb","itemListElement":[{"@type":"ListItem","position":1,"name":"In\u00edcio","item":"https:\/\/wingsdustcontrol.com.br\/"},{"@type":"ListItem","position":2,"name":"DUSTCONTROL MEC\u00c1NICO"}]},{"@type":"WebSite","@id":"https:\/\/wingsdustcontrol.com.br\/#website","url":"https:\/\/wingsdustcontrol.com.br\/","name":"Wings Ltda |","description":"Transformando sua opera\u00e7\u00e3o no agro.","publisher":{"@id":"https:\/\/wingsdustcontrol.com.br\/#organization"},"potentialAction":[{"@type":"SearchAction","target":{"@type":"EntryPoint","urlTemplate":"https:\/\/wingsdustcontrol.com.br\/?s={search_term_string}"},"query-input":{"@type":"PropertyValueSpecification","valueRequired":true,"valueName":"search_term_string"}}],"inLanguage":"es"},{"@type":"Organization","@id":"https:\/\/wingsdustcontrol.com.br\/#organization","name":"Wings Ltda","url":"https:\/\/wingsdustcontrol.com.br\/","logo":{"@type":"ImageObject","inLanguage":"es","@id":"https:\/\/wingsdustcontrol.com.br\/#\/schema\/logo\/image\/","url":"https:\/\/wingsdustcontrol.com.br\/wp-content\/uploads\/2021\/11\/Wings-Logo-A1-e1664037880754.png","contentUrl":"https:\/\/wingsdustcontrol.com.br\/wp-content\/uploads\/2021\/11\/Wings-Logo-A1-e1664037880754.png","width":1089,"height":356,"caption":"Wings Ltda"},"image":{"@id":"https:\/\/wingsdustcontrol.com.br\/#\/schema\/logo\/image\/"},"sameAs":["https:\/\/www.facebook.com\/wingsltda\/","https:\/\/www.linkedin.com\/company\/wingsltda\/","https:\/\/www.youtube.com\/channel\/UC2XSL5EljSgDh-pwalcPLLA"]}]}},"_links":{"self":[{"href":"https:\/\/wingsdustcontrol.com.br\/es\/wp-json\/wp\/v2\/pages\/4639","targetHints":{"allow":["GET"]}}],"collection":[{"href":"https:\/\/wingsdustcontrol.com.br\/es\/wp-json\/wp\/v2\/pages"}],"about":[{"href":"https:\/\/wingsdustcontrol.com.br\/es\/wp-json\/wp\/v2\/types\/page"}],"author":[{"embeddable":true,"href":"https:\/\/wingsdustcontrol.com.br\/es\/wp-json\/wp\/v2\/users\/1"}],"replies":[{"embeddable":true,"href":"https:\/\/wingsdustcontrol.com.br\/es\/wp-json\/wp\/v2\/comments?post=4639"}],"version-history":[{"count":5,"href":"https:\/\/wingsdustcontrol.com.br\/es\/wp-json\/wp\/v2\/pages\/4639\/revisions"}],"predecessor-version":[{"id":8549,"href":"https:\/\/wingsdustcontrol.com.br\/es\/wp-json\/wp\/v2\/pages\/4639\/revisions\/8549"}],"wp:featuredmedia":[{"embeddable":true,"href":"https:\/\/wingsdustcontrol.com.br\/es\/wp-json\/wp\/v2\/media\/3007"}],"wp:attachment":[{"href":"https:\/\/wingsdustcontrol.com.br\/es\/wp-json\/wp\/v2\/media?parent=4639"}],"curies":[{"name":"wp","href":"https:\/\/api.w.org\/{rel}","templated":true}]}}