{"id":4786,"date":"2021-03-25T12:44:21","date_gmt":"2021-03-25T12:44:21","guid":{"rendered":"https:\/\/wingsdustcontrol.com.br\/avi-spray\/"},"modified":"2023-04-26T20:35:05","modified_gmt":"2023-04-26T20:35:05","slug":"avi-spray","status":"publish","type":"page","link":"https:\/\/wingsdustcontrol.com.br\/es\/avi-spray\/","title":{"rendered":"AVI SPRAY"},"content":{"rendered":"\n<div class=\"row\"  id=\"row-1297006106\">\n\n\n\t<div id=\"col-1635943656\" class=\"col small-12 large-12\"  >\n\t\t\t\t<div class=\"col-inner text-center\"  >\n\t\t\t\n\t\t\t\n\n\t<div class=\"img has-hover x md-x lg-x y md-y lg-y\" id=\"image_360264243\">\n\t\t\t\t\t\t\t\t<div class=\"img-inner dark\" >\n\t\t\t<img loading=\"lazy\" decoding=\"async\" width=\"320\" height=\"250\" src=\"https:\/\/wingsdustcontrol.com.br\/wp-content\/uploads\/2021\/04\/spay1.jpg\" class=\"attachment-original size-original\" alt=\"avicultura Avi-Spray Avitec vacinadora ocular spray para pintinhos aves\" \/>\t\t\t\t\t\t\n\t\t\t\t\t<\/div>\n\t\t\t\t\t\t\t\t\n<style>\n#image_360264243 {\n  width: 66%;\n}\n<\/style>\n\t<\/div>\n\t\n\n\n\t\t<\/div>\n\t\t\t\t\t<\/div>\n\n\t\n\n<\/div>\n<div class=\"row align-center\"  id=\"row-548156162\">\n\n\n\t<div id=\"col-177287616\" class=\"col medium-7 small-12 large-7\"  >\n\t\t\t\t<div class=\"col-inner\"  >\n\t\t\t\n\t\t\t\n\n<p style=\"text-align: justify;\">El Sistema Avi-Spray desarrollado por Wings Ltda, proporciona una vacunaci\u00f3n ocular f\u00e1cil y segura, con mayor protecci\u00f3n en comparaci\u00f3n con la adici\u00f3n de la vacuna al agua potable. Las grandes gotas generadas por Avi-Spray reproducen el mejor m\u00e9todo de vacunaci\u00f3n para la coccidiosis, newcastle y bronquitis, es decir, la gota individual en el ojo.<\/p>\n<p style=\"text-align: justify;\">El sistema ocular con gotas grandes evita el problema de que las aves inhalen la vacuna, lo que puede provocar una reacci\u00f3n adversa. Adem\u00e1s, las gotitas se esparcen por el cuerpo del pollito, lo que atrae la atenci\u00f3n de otras aves, que por curiosidad acaban picoteando las gotitas e ingiri\u00e9ndolas, aumentando as\u00ed la protecci\u00f3n.<\/p>\n<div class=\"social-icons follow-icons\" ><a href=\"https:\/\/www.facebook.com\/wingsltda\" target=\"_blank\" data-label=\"Facebook\" rel=\"noopener noreferrer nofollow\" class=\"icon button circle is-outline facebook tooltip\" title=\"S\u00edguenos en Facebook\" aria-label=\"S\u00edguenos en Facebook\"><i class=\"icon-facebook\" ><\/i><\/a><a href=\"mailto:mailto:contato@wingsdustcontrol.com.br\" data-label=\"E-mail\" rel=\"nofollow\" class=\"icon button circle is-outline  email tooltip\" title=\"Env\u00edanos un email\" aria-label=\"Env\u00edanos un email\"><i class=\"icon-envelop\" ><\/i><\/a><a href=\"tel:(11) 4789-4070\" target=\"_blank\" data-label=\"Phone\" rel=\"noopener noreferrer nofollow\" class=\"icon button circle is-outline  phone tooltip\" title=\"Call us\" aria-label=\"Call us\"><i class=\"icon-phone\" ><\/i><\/a><a href=\"https:\/\/www.linkedin.com\/company\/wingsltda\/\" target=\"_blank\" rel=\"noopener noreferrer nofollow\" data-label=\"LinkedIn\" class=\"icon button circle is-outline  linkedin tooltip\" title=\"Follow on LinkedIn\" aria-label=\"Follow on LinkedIn\"><i class=\"icon-linkedin\" ><\/i><\/a><\/div>\n\n\n\t\t<\/div>\n\t\t\t\t\t<\/div>\n\n\t\n\n\t<div id=\"col-1895473204\" class=\"col medium-5 small-12 large-5\"  >\n\t\t\t\t<div class=\"col-inner\"  >\n\t\t\t\n\t\t\t\n\n<a href=\"https:\/\/wingsdustcontrol.com.br\/contato\/\" target=\"_self\" class=\"button primary\"  >\n    <span>Solicita una propuesta<\/span>\n  <\/a>\n\n\n\n\t\t<\/div>\n\t\t\t\t\t<\/div>\n\n\t\n\n<\/div>\n<div class=\"row\"  id=\"row-389091836\">\n\n\n\t<div id=\"col-1558277219\" class=\"col small-12 large-12\"  >\n\t\t\t\t<div class=\"col-inner\"  >\n\t\t\t\n\t\t\t\n\n\n\t\t<div class=\"tabbed-content\">\n\t\t\t\n\t\t\t<ul class=\"nav nav-line nav-uppercase nav-size-normal nav-left\"><li class=\"tab active has-icon\"><a href=\"#tab_pulverizador-manual-avi\"><span>Pulverizador manual Avi<\/span><\/a><\/li>\n<li class=\"tab has-icon\"><a href=\"#tab_spray-autom\u00e1tico-avi\"><span>Spray autom\u00e1tico Avi<\/span><\/a><\/li><\/ul><div class=\"tab-panels\"><div class=\"panel active entry-content\" id=\"tab_pulverizador-manual-avi\">\n\n<p style=\"text-align: justify;\">El vacunador de m\u00f3dulo manual Avi-Spray es 100% neum\u00e1tico y fue desarrollado con materiales que son f\u00e1ciles de limpiar y desinfectar. La estructura est\u00e1 fabricada en acero inoxidable, lo que evita la oxidaci\u00f3n. La caja es de acr\u00edlico transparente o, en el modelo m\u00e1s robusto, de acero inoxidable con tapa de acr\u00edlico, que no oculta la suciedad y deja ver el spray sobre los pollitos.<\/p>\n<p style=\"text-align: justify;\">Para comodidad del operador, la estructura est\u00e1 montada sobre patas telesc\u00f3picas, que permiten variar la altura de la entrada de la caja, contando adem\u00e1s con ruedas y cerraduras para facilitar el movimiento de la m\u00e1quina de un lugar a otro.<\/p>\n\n<\/div>\n<div class=\"panel entry-content\" id=\"tab_spray-autom\u00e1tico-avi\">\n\n<p style=\"text-align: justify;\">La nueva generaci\u00f3n de Avi-Spray automatizado es ideal para vacunar pollos de engorde. El operador solo inserta la caja de pollitos al comienzo del cintur\u00f3n y la retira por el otro lado, despu\u00e9s de que termina la vacunaci\u00f3n. Durante el proceso, la caja se coloca debajo de las boquillas de pulverizaci\u00f3n y la vacuna se pulveriza en gotas grandes, con forma de cono lleno, para asegurar una distribuci\u00f3n uniforme. Adem\u00e1s de ser m\u00e1s sencillo, el proceso es el doble de r\u00e1pido, es decir, llega a los 100.000 pollitos \/ hora.<\/p>\n\n<\/div><\/div><\/div>\n\n\t\t<\/div>\n\t\t\t\t\t<\/div>\n\n\t\n\n<\/div>\n<div class=\"text-center\"><div class=\"is-divider divider clearfix\" style=\"max-width:316px;\"><\/div><\/div>\n\n<div class=\"container section-title-container\" ><h3 class=\"section-title section-title-normal\"><b><\/b><span class=\"section-title-main\" >Productos relacionados<\/span><b><\/b><\/h3><\/div>\n\n<div class=\"row\"  id=\"row-36648459\">\n\n\n\t<div id=\"col-1758605615\" class=\"col small-12 large-12\"  >\n\t\t\t\t<div class=\"col-inner\"  >\n\t\t\t\n\t\t\t\n\n<div class=\"row\"  id=\"row-2102576464\">\n\n\n\t<div id=\"col-1281338809\" class=\"col medium-4 small-12 large-4\"  >\n\t\t\t\t<div class=\"col-inner\"  >\n\t\t\t\n\t\t\t\n\n\t<div class=\"box has-hover   has-hover box-text-bottom\" >\n\n\t\t<div class=\"box-image\" style=\"width:99%;\">\n\t\t\t<a href=\"https:\/\/wingsdustcontrol.com.br\/avi-beaker\/\"  >\t\t\t<div class=\"\" >\n\t\t\t\t<img loading=\"lazy\" decoding=\"async\" width=\"400\" height=\"247\" src=\"https:\/\/wingsdustcontrol.com.br\/wp-content\/uploads\/2022\/07\/avi-beaker-automatico-debicagem-wings.jpg\" class=\"attachment- size-\" alt=\"\" \/>\t\t\t\t\t\t\t\t\t\t\t<\/div>\n\t\t\t<\/a>\t\t<\/div>\n\n\t\t<div class=\"box-text text-center\" >\n\t\t\t<div class=\"box-text-inner\">\n\t\t\t\t\n\n<h4><a href=\"https:\/\/wingsdustcontrol.com.br\/avi-beaker\/\">AVI BEAKER<\/a><\/h4>\n<p>AVICULTURA<\/p>\n\n\t\t\t<\/div>\n\t\t<\/div>\n\t<\/div>\n\t\n\n\t\t<\/div>\n\t\t\t\t\t<\/div>\n\n\t\n\n\t<div id=\"col-1346198248\" class=\"col medium-4 small-12 large-4\"  >\n\t\t\t\t<div class=\"col-inner\"  >\n\t\t\t\n\t\t\t\n\n\t<div class=\"box has-hover   has-hover box-text-bottom\" >\n\n\t\t<div class=\"box-image\" >\n\t\t\t<a href=\"https:\/\/wingsdustcontrol.com.br\/avi-jector-injecao-dupla\/\"  >\t\t\t<div class=\"image-cover\" style=\"padding-top:196px;\">\n\t\t\t\t<img loading=\"lazy\" decoding=\"async\" width=\"300\" height=\"198\" src=\"https:\/\/wingsdustcontrol.com.br\/wp-content\/uploads\/2022\/07\/wings-avi-jector-double-injector-for-oil-and-water-soluble-vaccines.jpg\" class=\"attachment- size-\" alt=\"\" \/>\t\t\t\t\t\t\t\t\t\t\t<\/div>\n\t\t\t<\/a>\t\t<\/div>\n\n\t\t<div class=\"box-text text-center\" >\n\t\t\t<div class=\"box-text-inner\">\n\t\t\t\t\n\n<h4>AVI JECTOR INJE\u00c7\u00c3O DUPLA<\/h4>\n<p>AVICULTURA<\/p>\n\n\t\t\t<\/div>\n\t\t<\/div>\n\t<\/div>\n\t\n\n\t\t<\/div>\n\t\t\t\t\t<\/div>\n\n\t\n\n\t<div id=\"col-735382696\" class=\"col medium-4 small-12 large-4\"  >\n\t\t\t\t<div class=\"col-inner\"  >\n\t\t\t\n\t\t\t\n\n\t<div class=\"box has-hover   has-hover box-text-bottom\" >\n\n\t\t<div class=\"box-image\" >\n\t\t\t<a href=\"https:\/\/wingsdustcontrol.com.br\/avi-jector\/\"  >\t\t\t<div class=\"image-cover\" style=\"padding-top:196px;\">\n\t\t\t\t<img loading=\"lazy\" decoding=\"async\" width=\"1000\" height=\"500\" src=\"https:\/\/wingsdustcontrol.com.br\/wp-content\/uploads\/2022\/07\/wings-pneumatic-avi-jector-vaccinating-day-old-chicks.jpg\" class=\"attachment- size-\" alt=\"\" srcset=\"https:\/\/wingsdustcontrol.com.br\/wp-content\/uploads\/2022\/07\/wings-pneumatic-avi-jector-vaccinating-day-old-chicks.jpg 1000w, https:\/\/wingsdustcontrol.com.br\/wp-content\/uploads\/2022\/07\/wings-pneumatic-avi-jector-vaccinating-day-old-chicks-800x400.jpg 800w, https:\/\/wingsdustcontrol.com.br\/wp-content\/uploads\/2022\/07\/wings-pneumatic-avi-jector-vaccinating-day-old-chicks-768x384.jpg 768w, https:\/\/wingsdustcontrol.com.br\/wp-content\/uploads\/2022\/07\/wings-pneumatic-avi-jector-vaccinating-day-old-chicks-600x300.jpg 600w\" sizes=\"auto, (max-width: 1000px) 100vw, 1000px\" \/>\t\t\t\t\t\t\t\t\t\t\t<\/div>\n\t\t\t<\/a>\t\t<\/div>\n\n\t\t<div class=\"box-text text-center\" >\n\t\t\t<div class=\"box-text-inner\">\n\t\t\t\t\n\n<h4><a href=\"https:\/\/wingsdustcontrol.com.br\/avi-jector\/\">AVI JECTOR<\/a><\/h4>\n<p>AVICULTURA<\/p>\n\n\t\t\t<\/div>\n\t\t<\/div>\n\t<\/div>\n\t\n\n\t\t<\/div>\n\t\t\t\t\t<\/div>\n\n\t\n\n<\/div>\n\n\t\t<\/div>\n\t\t\t\t\t<\/div>\n\n\t\n\n<\/div>\n\n","protected":false},"excerpt":{"rendered":"","protected":false},"author":1,"featured_media":3001,"parent":0,"menu_order":0,"comment_status":"closed","ping_status":"closed","template":"page-blank.php","meta":{"footnotes":""},"class_list":["post-4786","page","type-page","status-publish","has-post-thumbnail","hentry"],"yoast_head":"<!-- This site is optimized with the Yoast SEO plugin v26.6 - https:\/\/yoast.com\/wordpress\/plugins\/seo\/ -->\n<title>AVI SPRAY - Wings Ltda |<\/title>\n<meta name=\"robots\" content=\"index, follow, max-snippet:-1, max-image-preview:large, max-video-preview:-1\" \/>\n<link rel=\"canonical\" href=\"https:\/\/wingsdustcontrol.com.br\/es\/avi-spray\/\" \/>\n<meta property=\"og:locale\" content=\"es_ES\" \/>\n<meta property=\"og:type\" content=\"article\" \/>\n<meta property=\"og:title\" content=\"AVI SPRAY - Wings Ltda |\" \/>\n<meta property=\"og:url\" content=\"https:\/\/wingsdustcontrol.com.br\/avi-spray\/\" \/>\n<meta property=\"og:site_name\" content=\"Wings Ltda |\" \/>\n<meta property=\"article:publisher\" content=\"https:\/\/www.facebook.com\/wingsltda\/\" \/>\n<meta property=\"article:modified_time\" content=\"2023-04-26T20:35:05+00:00\" \/>\n<meta property=\"og:image\" content=\"https:\/\/wingsdustcontrol.com.br\/wp-content\/uploads\/2021\/03\/spray5.jpg\" \/>\n\t<meta property=\"og:image:width\" content=\"320\" \/>\n\t<meta property=\"og:image:height\" content=\"250\" \/>\n\t<meta property=\"og:image:type\" content=\"image\/jpeg\" \/>\n<meta name=\"twitter:card\" content=\"summary_large_image\" \/>\n<meta name=\"twitter:label1\" content=\"Tiempo de lectura\" \/>\n\t<meta name=\"twitter:data1\" content=\"3 minutos\" \/>\n<script type=\"application\/ld+json\" class=\"yoast-schema-graph\">{\"@context\":\"https:\/\/schema.org\",\"@graph\":[{\"@type\":\"WebPage\",\"@id\":\"https:\/\/wingsdustcontrol.com.br\/avi-spray\/\",\"url\":\"https:\/\/wingsdustcontrol.com.br\/avi-spray\/\",\"name\":\"AVI SPRAY - Wings Ltda |\",\"isPartOf\":{\"@id\":\"https:\/\/wingsdustcontrol.com.br\/#website\"},\"primaryImageOfPage\":{\"@id\":\"https:\/\/wingsdustcontrol.com.br\/avi-spray\/#primaryimage\"},\"image\":{\"@id\":\"https:\/\/wingsdustcontrol.com.br\/avi-spray\/#primaryimage\"},\"thumbnailUrl\":\"https:\/\/wingsdustcontrol.com.br\/wp-content\/uploads\/2021\/03\/spray5.jpg\",\"datePublished\":\"2021-03-25T12:44:21+00:00\",\"dateModified\":\"2023-04-26T20:35:05+00:00\",\"breadcrumb\":{\"@id\":\"https:\/\/wingsdustcontrol.com.br\/avi-spray\/#breadcrumb\"},\"inLanguage\":\"es\",\"potentialAction\":[{\"@type\":\"ReadAction\",\"target\":[\"https:\/\/wingsdustcontrol.com.br\/avi-spray\/\"]}]},{\"@type\":\"ImageObject\",\"inLanguage\":\"es\",\"@id\":\"https:\/\/wingsdustcontrol.com.br\/avi-spray\/#primaryimage\",\"url\":\"https:\/\/wingsdustcontrol.com.br\/wp-content\/uploads\/2021\/03\/spray5.jpg\",\"contentUrl\":\"https:\/\/wingsdustcontrol.com.br\/wp-content\/uploads\/2021\/03\/spray5.jpg\",\"width\":320,\"height\":250,\"caption\":\"O Sistema Avi-Spray desenvolvido pela Wings Ltda, proporciona uma vacina\u00e7\u00e3o ocular f\u00e1cil e segura, com maior prote\u00e7\u00e3o em compara\u00e7\u00e3o com a adi\u00e7\u00e3o de vacina \u00e0 \u00e1gua de beber. As gotas grandes geradas pela Avi-Spray reproduzem o melhor m\u00e9todo de vacina\u00e7\u00e3o para coccidiose, newcastle e bronquite, ou seja, o da gota individual no olho.\"},{\"@type\":\"BreadcrumbList\",\"@id\":\"https:\/\/wingsdustcontrol.com.br\/avi-spray\/#breadcrumb\",\"itemListElement\":[{\"@type\":\"ListItem\",\"position\":1,\"name\":\"In\u00edcio\",\"item\":\"https:\/\/wingsdustcontrol.com.br\/\"},{\"@type\":\"ListItem\",\"position\":2,\"name\":\"AVI SPRAY\"}]},{\"@type\":\"WebSite\",\"@id\":\"https:\/\/wingsdustcontrol.com.br\/#website\",\"url\":\"https:\/\/wingsdustcontrol.com.br\/\",\"name\":\"Wings Ltda |\",\"description\":\"Transformando sua opera\u00e7\u00e3o no agro.\",\"publisher\":{\"@id\":\"https:\/\/wingsdustcontrol.com.br\/#organization\"},\"potentialAction\":[{\"@type\":\"SearchAction\",\"target\":{\"@type\":\"EntryPoint\",\"urlTemplate\":\"https:\/\/wingsdustcontrol.com.br\/?s={search_term_string}\"},\"query-input\":{\"@type\":\"PropertyValueSpecification\",\"valueRequired\":true,\"valueName\":\"search_term_string\"}}],\"inLanguage\":\"es\"},{\"@type\":\"Organization\",\"@id\":\"https:\/\/wingsdustcontrol.com.br\/#organization\",\"name\":\"Wings Ltda\",\"url\":\"https:\/\/wingsdustcontrol.com.br\/\",\"logo\":{\"@type\":\"ImageObject\",\"inLanguage\":\"es\",\"@id\":\"https:\/\/wingsdustcontrol.com.br\/#\/schema\/logo\/image\/\",\"url\":\"https:\/\/wingsdustcontrol.com.br\/wp-content\/uploads\/2021\/11\/Wings-Logo-A1-e1664037880754.png\",\"contentUrl\":\"https:\/\/wingsdustcontrol.com.br\/wp-content\/uploads\/2021\/11\/Wings-Logo-A1-e1664037880754.png\",\"width\":1089,\"height\":356,\"caption\":\"Wings Ltda\"},\"image\":{\"@id\":\"https:\/\/wingsdustcontrol.com.br\/#\/schema\/logo\/image\/\"},\"sameAs\":[\"https:\/\/www.facebook.com\/wingsltda\/\",\"https:\/\/www.linkedin.com\/company\/wingsltda\/\",\"https:\/\/www.youtube.com\/channel\/UC2XSL5EljSgDh-pwalcPLLA\"]}]}<\/script>\n<!-- \/ Yoast SEO plugin. -->","yoast_head_json":{"title":"AVI SPRAY - Wings Ltda |","robots":{"index":"index","follow":"follow","max-snippet":"max-snippet:-1","max-image-preview":"max-image-preview:large","max-video-preview":"max-video-preview:-1"},"canonical":"https:\/\/wingsdustcontrol.com.br\/es\/avi-spray\/","og_locale":"es_ES","og_type":"article","og_title":"AVI SPRAY - Wings Ltda |","og_url":"https:\/\/wingsdustcontrol.com.br\/avi-spray\/","og_site_name":"Wings Ltda |","article_publisher":"https:\/\/www.facebook.com\/wingsltda\/","article_modified_time":"2023-04-26T20:35:05+00:00","og_image":[{"width":320,"height":250,"url":"https:\/\/wingsdustcontrol.com.br\/wp-content\/uploads\/2021\/03\/spray5.jpg","type":"image\/jpeg"}],"twitter_card":"summary_large_image","twitter_misc":{"Tiempo de lectura":"3 minutos"},"schema":{"@context":"https:\/\/schema.org","@graph":[{"@type":"WebPage","@id":"https:\/\/wingsdustcontrol.com.br\/avi-spray\/","url":"https:\/\/wingsdustcontrol.com.br\/avi-spray\/","name":"AVI SPRAY - Wings Ltda |","isPartOf":{"@id":"https:\/\/wingsdustcontrol.com.br\/#website"},"primaryImageOfPage":{"@id":"https:\/\/wingsdustcontrol.com.br\/avi-spray\/#primaryimage"},"image":{"@id":"https:\/\/wingsdustcontrol.com.br\/avi-spray\/#primaryimage"},"thumbnailUrl":"https:\/\/wingsdustcontrol.com.br\/wp-content\/uploads\/2021\/03\/spray5.jpg","datePublished":"2021-03-25T12:44:21+00:00","dateModified":"2023-04-26T20:35:05+00:00","breadcrumb":{"@id":"https:\/\/wingsdustcontrol.com.br\/avi-spray\/#breadcrumb"},"inLanguage":"es","potentialAction":[{"@type":"ReadAction","target":["https:\/\/wingsdustcontrol.com.br\/avi-spray\/"]}]},{"@type":"ImageObject","inLanguage":"es","@id":"https:\/\/wingsdustcontrol.com.br\/avi-spray\/#primaryimage","url":"https:\/\/wingsdustcontrol.com.br\/wp-content\/uploads\/2021\/03\/spray5.jpg","contentUrl":"https:\/\/wingsdustcontrol.com.br\/wp-content\/uploads\/2021\/03\/spray5.jpg","width":320,"height":250,"caption":"O Sistema Avi-Spray desenvolvido pela Wings Ltda, proporciona uma vacina\u00e7\u00e3o ocular f\u00e1cil e segura, com maior prote\u00e7\u00e3o em compara\u00e7\u00e3o com a adi\u00e7\u00e3o de vacina \u00e0 \u00e1gua de beber. As gotas grandes geradas pela Avi-Spray reproduzem o melhor m\u00e9todo de vacina\u00e7\u00e3o para coccidiose, newcastle e bronquite, ou seja, o da gota individual no olho."},{"@type":"BreadcrumbList","@id":"https:\/\/wingsdustcontrol.com.br\/avi-spray\/#breadcrumb","itemListElement":[{"@type":"ListItem","position":1,"name":"In\u00edcio","item":"https:\/\/wingsdustcontrol.com.br\/"},{"@type":"ListItem","position":2,"name":"AVI SPRAY"}]},{"@type":"WebSite","@id":"https:\/\/wingsdustcontrol.com.br\/#website","url":"https:\/\/wingsdustcontrol.com.br\/","name":"Wings Ltda |","description":"Transformando sua opera\u00e7\u00e3o no agro.","publisher":{"@id":"https:\/\/wingsdustcontrol.com.br\/#organization"},"potentialAction":[{"@type":"SearchAction","target":{"@type":"EntryPoint","urlTemplate":"https:\/\/wingsdustcontrol.com.br\/?s={search_term_string}"},"query-input":{"@type":"PropertyValueSpecification","valueRequired":true,"valueName":"search_term_string"}}],"inLanguage":"es"},{"@type":"Organization","@id":"https:\/\/wingsdustcontrol.com.br\/#organization","name":"Wings Ltda","url":"https:\/\/wingsdustcontrol.com.br\/","logo":{"@type":"ImageObject","inLanguage":"es","@id":"https:\/\/wingsdustcontrol.com.br\/#\/schema\/logo\/image\/","url":"https:\/\/wingsdustcontrol.com.br\/wp-content\/uploads\/2021\/11\/Wings-Logo-A1-e1664037880754.png","contentUrl":"https:\/\/wingsdustcontrol.com.br\/wp-content\/uploads\/2021\/11\/Wings-Logo-A1-e1664037880754.png","width":1089,"height":356,"caption":"Wings Ltda"},"image":{"@id":"https:\/\/wingsdustcontrol.com.br\/#\/schema\/logo\/image\/"},"sameAs":["https:\/\/www.facebook.com\/wingsltda\/","https:\/\/www.linkedin.com\/company\/wingsltda\/","https:\/\/www.youtube.com\/channel\/UC2XSL5EljSgDh-pwalcPLLA"]}]}},"_links":{"self":[{"href":"https:\/\/wingsdustcontrol.com.br\/es\/wp-json\/wp\/v2\/pages\/4786","targetHints":{"allow":["GET"]}}],"collection":[{"href":"https:\/\/wingsdustcontrol.com.br\/es\/wp-json\/wp\/v2\/pages"}],"about":[{"href":"https:\/\/wingsdustcontrol.com.br\/es\/wp-json\/wp\/v2\/types\/page"}],"author":[{"embeddable":true,"href":"https:\/\/wingsdustcontrol.com.br\/es\/wp-json\/wp\/v2\/users\/1"}],"replies":[{"embeddable":true,"href":"https:\/\/wingsdustcontrol.com.br\/es\/wp-json\/wp\/v2\/comments?post=4786"}],"version-history":[{"count":4,"href":"https:\/\/wingsdustcontrol.com.br\/es\/wp-json\/wp\/v2\/pages\/4786\/revisions"}],"predecessor-version":[{"id":10333,"href":"https:\/\/wingsdustcontrol.com.br\/es\/wp-json\/wp\/v2\/pages\/4786\/revisions\/10333"}],"wp:featuredmedia":[{"embeddable":true,"href":"https:\/\/wingsdustcontrol.com.br\/es\/wp-json\/wp\/v2\/media\/3001"}],"wp:attachment":[{"href":"https:\/\/wingsdustcontrol.com.br\/es\/wp-json\/wp\/v2\/media?parent=4786"}],"curies":[{"name":"wp","href":"https:\/\/api.w.org\/{rel}","templated":true}]}}