{"id":4813,"date":"2021-03-05T19:06:15","date_gmt":"2021-03-05T19:06:15","guid":{"rendered":"https:\/\/wingsdustcontrol.com.br\/sobre-nos\/"},"modified":"2021-04-28T16:50:31","modified_gmt":"2021-04-28T16:50:31","slug":"sobre-nos","status":"publish","type":"page","link":"https:\/\/wingsdustcontrol.com.br\/es\/sobre-nos\/","title":{"rendered":"Sobre nosotros"},"content":{"rendered":"\n\n  <div class=\"banner has-hover has-parallax\" id=\"banner-370958611\">\n          <div class=\"banner-inner fill\">\n        <div class=\"banner-bg fill\" data-parallax=\"-3\" data-parallax-container=\".banner\" data-parallax-background>\n            <div class=\"bg fill bg-fill \"><\/div>\n                        <div class=\"overlay\"><\/div>            \n                    <\/div>\n        <div class=\"banner-layers container\">\n            <div class=\"fill banner-link\"><\/div>            \n\n   <div id=\"text-box-482361748\" class=\"text-box banner-layer x50 md-x50 lg-x50 y80 md-y80 lg-y80 res-text\">\n                                <div class=\"text-box-content text dark\">\n              \n              <div class=\"text-inner text-center\">\n                  \n\n\t<div id=\"text-2936499753\" class=\"text\">\n\t\t\n\n<h1 class=\"lead\">Sobre nosotros<\/h1>\n<p class=\"lead\">\u00a0<\/p>\n\t\t\n<style>\n#text-2936499753 {\n  color: rgb(0,0,0);\n}\n#text-2936499753 > * {\n  color: rgb(0,0,0);\n}\n<\/style>\n\t<\/div>\n\t\n\n              <\/div>\n           <\/div>\n                            \n<style>\n#text-box-482361748 {\n  width: 60%;\n}\n#text-box-482361748 .text-box-content {\n  font-size: 100%;\n}\n<\/style>\n    <\/div>\n \n\n        <\/div>\n      <\/div>\n\n            \n<style>\n#banner-370958611 {\n  padding-top: 507px;\n  background-color: rgb(165, 161, 161);\n}\n#banner-370958611 .bg.bg-loaded {\n  background-image: url(https:\/\/wingsdustcontrol.com.br\/wp-content\/uploads\/2021\/04\/bannerespanhol-1400x425.png);\n}\n#banner-370958611 .overlay {\n  background-color: rgba(255,255,255,.5);\n}\n<\/style>\n  <\/div>\n\n\n<div class=\"row\"  id=\"row-644620376\">\n\n\n\t<div id=\"col-1785193264\" class=\"col small-12 large-12\"  >\n\t\t\t\t<div class=\"col-inner\"  >\n\t\t\t\n\t\t\t\n\n<p style=\"text-align: justify;\">Wings Ltda inici\u00f3 sus actividades en la industria av\u00edcola en 1983, fabricando el primer vacunador subcut\u00e1neo neum\u00e1tico en Brasil. Su l\u00ednea de productos creci\u00f3 con el desarrollo de nuevos equipos para aves de corral, como vacunas oculares, vasos autom\u00e1ticos, equipos para transferencia de huevos y, finalmente, el vacunador in-ovo Ovo-Jector.<\/p>\n<p style=\"text-align: justify;\">La alta tecnolog\u00eda de Ovo-Jector pas\u00f3 a Profilax Sa\u00fade Animal en 2012, cuando Wings Ltda vendi\u00f3 sus patentes, lo que convirti\u00f3 a esta vacuna in-ovo en una de las m\u00e1s eficientes entre las cuatro fabricadas en el mundo.<\/p>\n<p style=\"text-align: justify;\">Desde el a\u00f1o 2000, Wings Ltda es fabricante de sistemas de control de emisi\u00f3n de polvo Dustcontrol, cuya funci\u00f3n es controlar la emisi\u00f3n de polvo en tolvas que reciben productos a granel. Los sistemas se instalan en f\u00e1bricas de piensos, puertos, industrias alimentarias, almacenes de productos a granel y donde sea que se descarguen a granel desde camiones o vagones de tren. Los sistemas Dustcontrol fabricados por Wings Ltda son los \u00fanicos en el mercado con la mayor capacidad de retenci\u00f3n de polvo y el mejor costo beneficio.<\/p>\n<p style=\"text-align: justify;\">A lo largo de sus operaciones, se han instalado m\u00e1s de 250 sistemas Dustcontrol en Brasil, Estados Unidos, Chile, M\u00e9xico y Ecuador, y con ello estas empresas han hecho sus operaciones industriales amigables con el medio ambiente, contribuyendo a mejorar tanto la calidad del medio ambiente. y la calidad de vida de sus empleados.<\/p>\n<p style=\"text-align: justify;\">Hoy Wings es una empresa respetada en el mercado, por desarrollar productos que tienen como foco principal la preservaci\u00f3n del medio ambiente y ayudar a las empresas a hacer sus operaciones sustentables. Sus principales patrocinadores, adem\u00e1s de los diversos clientes y operadores a los que atiende, son los organismos gubernamentales de control ambiental.<\/p>\n<p style=\"text-align: justify;\">Luego de a\u00f1os de fabricar repuestos de alta tecnolog\u00eda para sus propios equipos, Wings Ltda, implant\u00f3 Wings Ferramentaria www.wingsferramentaria.com.br, y contactando con un equipo de trabajadores altamente calificados, comenz\u00f3 a ofrecer a sus clientes servicios de utillaje, mecanizado, calderer\u00eda y desarrollo de proyectos especiales.<\/p>\n<div class=\"text-center\"><div class=\"is-divider divider clearfix\" ><\/div><\/div>\n\n\n\t\t<\/div>\n\t\t\t\t\t<\/div>\n\n\t\n\n\t<div id=\"col-1556245907\" class=\"col medium-4 small-12 large-4\"  >\n\t\t\t\t<div class=\"col-inner\"  >\n\t\t\t\n\t\t\t\n\n    <div class=\"box has-hover has-hover box-text-bottom\" >\n\n                  <div class=\"box-image \" style=\"width:80%;\">\n           <div class=\"box-image-inner image-cover\" style=\"border-radius:100%;padding-top:100%;\">\n              <img loading=\"lazy\" decoding=\"async\" width=\"200\" height=\"200\" src=\"https:\/\/wingsdustcontrol.com.br\/wp-content\/uploads\/2021\/03\/david-smith.jpg\" class=\"attachment- size-\" alt=\"David Smith\" srcset=\"https:\/\/wingsdustcontrol.com.br\/wp-content\/uploads\/2021\/03\/david-smith.jpg 200w, https:\/\/wingsdustcontrol.com.br\/wp-content\/uploads\/2021\/03\/david-smith-100x100.jpg 100w\" sizes=\"auto, (max-width: 200px) 100vw, 200px\" \/>                         <\/div>\n          <\/div>\n         \n          <div class=\"box-text text-center\" >\n                <div class=\"box-text-inner\">\n                  <h4 class=\"uppercase\">\n                    <span class=\"person-name\">David Smith<\/span><br\/>\n                    <span class=\"person-title is-small thin-font op-7\">\n                      Presidente                    <\/span>\n                  <\/h4>\n                 <div class=\"social-icons follow-icons\" ><a href=\"https:\/\/www.facebook.com\/profile.php?id=1110854186\" target=\"_blank\" data-label=\"Facebook\" rel=\"noopener noreferrer nofollow\" class=\"icon button circle is-outline facebook tooltip\" title=\"S\u00edguenos en Facebook\" aria-label=\"S\u00edguenos en Facebook\"><i class=\"icon-facebook\" ><\/i><\/a><a href=\"mailto:david@wingsdustcontrol.com.br\" data-label=\"E-mail\" rel=\"nofollow\" class=\"icon button circle is-outline  email tooltip\" title=\"Env\u00edanos un email\" aria-label=\"Env\u00edanos un email\"><i class=\"icon-envelop\" ><\/i><\/a><a href=\"https:\/\/www.linkedin.com\/in\/david-smith-92b2411b\/\" target=\"_blank\" rel=\"noopener noreferrer nofollow\" data-label=\"LinkedIn\" class=\"icon button circle is-outline  linkedin tooltip\" title=\"Follow on LinkedIn\" aria-label=\"Follow on LinkedIn\"><i class=\"icon-linkedin\" ><\/i><\/a><\/div>                 \n\n<p>Me mud\u00e9 a Brasil hace m\u00e1s de 40 a\u00f1os como primer empleado del futuro GSI Brasil, un importante fabricante de silos de granos. En 1983, inici\u00e9 Wings, fabricando el primer vacunador neum\u00e1tico para pollos del pa\u00eds y desarrollando gradualmente una l\u00ednea completa de productos para criaderos de aves. Desde que se vendieron las patentes al vacunador de huevos, Ovo-Jector para la empresa de vacunas Merial en 2012, he dedicado el 100% de los recursos de la empresa a la fabricaci\u00f3n de sistemas DustControl\u00ae que evitan que el polvo sea expulsado de los pozos receptores a granel en el ambiente.<\/p>\n\n                <\/div>\n          <\/div>\n    <\/div>\n\n    \n    \n\n\t\t<\/div>\n\t\t\t\t\t<\/div>\n\n\t\n\n\t<div id=\"col-929719859\" class=\"col medium-4 small-12 large-4\"  >\n\t\t\t\t<div class=\"col-inner\"  >\n\t\t\t\n\t\t\t\n\n    <div class=\"box has-hover has-hover box-text-bottom\" >\n\n                  <div class=\"box-image \" style=\"width:80%;\">\n           <div class=\"box-image-inner image-cover\" style=\"border-radius:100%;padding-top:100%;\">\n              <img loading=\"lazy\" decoding=\"async\" width=\"200\" height=\"200\" src=\"https:\/\/wingsdustcontrol.com.br\/wp-content\/uploads\/2021\/03\/Linda-Smith.jpg\" class=\"attachment- size-\" alt=\"Linda Smith\" srcset=\"https:\/\/wingsdustcontrol.com.br\/wp-content\/uploads\/2021\/03\/Linda-Smith.jpg 200w, https:\/\/wingsdustcontrol.com.br\/wp-content\/uploads\/2021\/03\/Linda-Smith-100x100.jpg 100w\" sizes=\"auto, (max-width: 200px) 100vw, 200px\" \/>                         <\/div>\n          <\/div>\n         \n          <div class=\"box-text text-center\" >\n                <div class=\"box-text-inner\">\n                  <h4 class=\"uppercase\">\n                    <span class=\"person-name\">Linda Smith<\/span><br\/>\n                    <span class=\"person-title is-small thin-font op-7\">\n                      Junta Directiva                    <\/span>\n                  <\/h4>\n                 <div class=\"social-icons follow-icons\" ><a href=\"https:\/\/www.facebook.com\/linda.f.smith.967\" target=\"_blank\" data-label=\"Facebook\" rel=\"noopener noreferrer nofollow\" class=\"icon button circle is-outline facebook tooltip\" title=\"S\u00edguenos en Facebook\" aria-label=\"S\u00edguenos en Facebook\"><i class=\"icon-facebook\" ><\/i><\/a><a href=\"mailto:wingscom@wingsdustcontrol.com.br\" data-label=\"E-mail\" rel=\"nofollow\" class=\"icon button circle is-outline  email tooltip\" title=\"Env\u00edanos un email\" aria-label=\"Env\u00edanos un email\"><i class=\"icon-envelop\" ><\/i><\/a><a href=\"https:\/\/www.linkedin.com\/in\/linda-feutz-smith\/\" target=\"_blank\" rel=\"noopener noreferrer nofollow\" data-label=\"LinkedIn\" class=\"icon button circle is-outline  linkedin tooltip\" title=\"Follow on LinkedIn\" aria-label=\"Follow on LinkedIn\"><i class=\"icon-linkedin\" ><\/i><\/a><\/div>                 \n\n<p>Vivo en Brasil desde hace m\u00e1s de 40 a\u00f1os, tengo una amplia experiencia, tanto en el sector privado como como voluntario en ONG. Desde el comienzo de Wings, oper\u00e9 detr\u00e1s de escena, mientras asum\u00eda responsabilidades administrativas, tom\u00e9 cursos cortos en las principales universidades para aprender nuevas habilidades en contabilidad y administraci\u00f3n. Adem\u00e1s de las responsabilidades del d\u00eda a d\u00eda, soy responsable de muchos de los nuevos proyectos de la empresa. Me gusta el desaf\u00edo de encontrar formas de mejorar todo lo que nuestra empresa necesita hacer.<\/p>\n\n                <\/div>\n          <\/div>\n    <\/div>\n\n    \n    \n\n\t\t<\/div>\n\t\t\t\t\t<\/div>\n\n\t\n\n\t<div id=\"col-332119788\" class=\"col medium-4 small-12 large-4\"  >\n\t\t\t\t<div class=\"col-inner\"  >\n\t\t\t\n\t\t\t\n\n    <div class=\"box has-hover has-hover box-text-bottom\" >\n\n                  <div class=\"box-image \" style=\"width:80%;\">\n           <div class=\"box-image-inner image-cover\" style=\"border-radius:100%;padding-top:100%;\">\n              <img loading=\"lazy\" decoding=\"async\" width=\"200\" height=\"200\" src=\"https:\/\/wingsdustcontrol.com.br\/wp-content\/uploads\/2021\/03\/jesse.jpg\" class=\"attachment- size-\" alt=\"Jess\u00e9 Venancio\" srcset=\"https:\/\/wingsdustcontrol.com.br\/wp-content\/uploads\/2021\/03\/jesse.jpg 200w, https:\/\/wingsdustcontrol.com.br\/wp-content\/uploads\/2021\/03\/jesse-100x100.jpg 100w\" sizes=\"auto, (max-width: 200px) 100vw, 200px\" \/>                         <\/div>\n          <\/div>\n         \n          <div class=\"box-text text-center\" >\n                <div class=\"box-text-inner\">\n                  <h4 class=\"uppercase\">\n                    <span class=\"person-name\">Jess\u00e9 Ven\u00e2ncio<\/span><br\/>\n                    <span class=\"person-title is-small thin-font op-7\">\n                      Gerente administrativo                    <\/span>\n                  <\/h4>\n                 <div class=\"social-icons follow-icons\" ><a href=\"https:\/\/www.facebook.com\/jesse.venancio.5\" target=\"_blank\" data-label=\"Facebook\" rel=\"noopener noreferrer nofollow\" class=\"icon button circle is-outline facebook tooltip\" title=\"S\u00edguenos en Facebook\" aria-label=\"S\u00edguenos en Facebook\"><i class=\"icon-facebook\" ><\/i><\/a><a href=\"mailto:contato@wingsdustcontrol.com.br\" data-label=\"E-mail\" rel=\"nofollow\" class=\"icon button circle is-outline  email tooltip\" title=\"Env\u00edanos un email\" aria-label=\"Env\u00edanos un email\"><i class=\"icon-envelop\" ><\/i><\/a><a href=\"https:\/\/www.linkedin.com\/in\/jesse-venancio-de-lima-75a27ab2\/\" target=\"_blank\" rel=\"noopener noreferrer nofollow\" data-label=\"LinkedIn\" class=\"icon button circle is-outline  linkedin tooltip\" title=\"Follow on LinkedIn\" aria-label=\"Follow on LinkedIn\"><i class=\"icon-linkedin\" ><\/i><\/a><\/div>                 \n\n<p>Proveniente de otras experiencias profesionales, me incorpor\u00e9 a Wings en 2004 como gerente administrativo responsable de las operaciones de la empresa.<br \/>Hoy, socio gerente, me comprometo a garantizar y hacer factibles las operaciones comerciales y de fabricaci\u00f3n para lograr los objetivos.<br \/>Licenciada en Administraci\u00f3n de Empresas, mi gesti\u00f3n est\u00e1 enfocada a resultados, creo que el capital humano y el compromiso para hacerlo realidad es el pilar que me mueve.<\/p>\n\n                <\/div>\n          <\/div>\n    <\/div>\n\n    \n    \n\n\t\t<\/div>\n\t\t\t\t\t<\/div>\n\n\t\n\n<\/div>\n\n","protected":false},"excerpt":{"rendered":"","protected":false},"author":1,"featured_media":2923,"parent":0,"menu_order":0,"comment_status":"closed","ping_status":"closed","template":"page-blank.php","meta":{"footnotes":""},"class_list":["post-4813","page","type-page","status-publish","has-post-thumbnail","hentry"],"yoast_head":"<!-- This site is optimized with the Yoast SEO plugin v26.6 - https:\/\/yoast.com\/wordpress\/plugins\/seo\/ -->\n<title>Sobre nosotros - Wings Ltda |<\/title>\n<meta name=\"robots\" content=\"index, follow, max-snippet:-1, max-image-preview:large, max-video-preview:-1\" \/>\n<link rel=\"canonical\" href=\"https:\/\/wingsdustcontrol.com.br\/es\/sobre-nos\/\" \/>\n<meta property=\"og:locale\" content=\"es_ES\" \/>\n<meta property=\"og:type\" content=\"article\" \/>\n<meta property=\"og:title\" content=\"Sobre nosotros - Wings Ltda |\" \/>\n<meta property=\"og:url\" content=\"https:\/\/wingsdustcontrol.com.br\/sobre-nos\/\" \/>\n<meta property=\"og:site_name\" content=\"Wings Ltda |\" \/>\n<meta property=\"article:publisher\" content=\"https:\/\/www.facebook.com\/wingsltda\/\" \/>\n<meta property=\"article:modified_time\" content=\"2021-04-28T16:50:31+00:00\" \/>\n<meta property=\"og:image\" content=\"https:\/\/wingsdustcontrol.com.br\/wp-content\/uploads\/2016\/08\/dummy-1.jpg\" \/>\n\t<meta property=\"og:image:width\" content=\"400\" \/>\n\t<meta property=\"og:image:height\" content=\"260\" \/>\n\t<meta property=\"og:image:type\" content=\"image\/jpeg\" \/>\n<meta name=\"twitter:card\" content=\"summary_large_image\" \/>\n<meta name=\"twitter:label1\" content=\"Tiempo de lectura\" \/>\n\t<meta name=\"twitter:data1\" content=\"4 minutos\" \/>\n<script type=\"application\/ld+json\" class=\"yoast-schema-graph\">{\"@context\":\"https:\/\/schema.org\",\"@graph\":[{\"@type\":\"WebPage\",\"@id\":\"https:\/\/wingsdustcontrol.com.br\/sobre-nos\/\",\"url\":\"https:\/\/wingsdustcontrol.com.br\/sobre-nos\/\",\"name\":\"Sobre nosotros - Wings Ltda |\",\"isPartOf\":{\"@id\":\"https:\/\/wingsdustcontrol.com.br\/#website\"},\"primaryImageOfPage\":{\"@id\":\"https:\/\/wingsdustcontrol.com.br\/sobre-nos\/#primaryimage\"},\"image\":{\"@id\":\"https:\/\/wingsdustcontrol.com.br\/sobre-nos\/#primaryimage\"},\"thumbnailUrl\":\"https:\/\/wingsdustcontrol.com.br\/wp-content\/uploads\/2016\/08\/dummy-1.jpg\",\"datePublished\":\"2021-03-05T19:06:15+00:00\",\"dateModified\":\"2021-04-28T16:50:31+00:00\",\"breadcrumb\":{\"@id\":\"https:\/\/wingsdustcontrol.com.br\/sobre-nos\/#breadcrumb\"},\"inLanguage\":\"es\",\"potentialAction\":[{\"@type\":\"ReadAction\",\"target\":[\"https:\/\/wingsdustcontrol.com.br\/sobre-nos\/\"]}]},{\"@type\":\"ImageObject\",\"inLanguage\":\"es\",\"@id\":\"https:\/\/wingsdustcontrol.com.br\/sobre-nos\/#primaryimage\",\"url\":\"https:\/\/wingsdustcontrol.com.br\/wp-content\/uploads\/2016\/08\/dummy-1.jpg\",\"contentUrl\":\"https:\/\/wingsdustcontrol.com.br\/wp-content\/uploads\/2016\/08\/dummy-1.jpg\",\"width\":400,\"height\":260},{\"@type\":\"BreadcrumbList\",\"@id\":\"https:\/\/wingsdustcontrol.com.br\/sobre-nos\/#breadcrumb\",\"itemListElement\":[{\"@type\":\"ListItem\",\"position\":1,\"name\":\"In\u00edcio\",\"item\":\"https:\/\/wingsdustcontrol.com.br\/\"},{\"@type\":\"ListItem\",\"position\":2,\"name\":\"Sobre nosotros\"}]},{\"@type\":\"WebSite\",\"@id\":\"https:\/\/wingsdustcontrol.com.br\/#website\",\"url\":\"https:\/\/wingsdustcontrol.com.br\/\",\"name\":\"Wings Ltda |\",\"description\":\"Transformando sua opera\u00e7\u00e3o no agro.\",\"publisher\":{\"@id\":\"https:\/\/wingsdustcontrol.com.br\/#organization\"},\"potentialAction\":[{\"@type\":\"SearchAction\",\"target\":{\"@type\":\"EntryPoint\",\"urlTemplate\":\"https:\/\/wingsdustcontrol.com.br\/?s={search_term_string}\"},\"query-input\":{\"@type\":\"PropertyValueSpecification\",\"valueRequired\":true,\"valueName\":\"search_term_string\"}}],\"inLanguage\":\"es\"},{\"@type\":\"Organization\",\"@id\":\"https:\/\/wingsdustcontrol.com.br\/#organization\",\"name\":\"Wings Ltda\",\"url\":\"https:\/\/wingsdustcontrol.com.br\/\",\"logo\":{\"@type\":\"ImageObject\",\"inLanguage\":\"es\",\"@id\":\"https:\/\/wingsdustcontrol.com.br\/#\/schema\/logo\/image\/\",\"url\":\"https:\/\/wingsdustcontrol.com.br\/wp-content\/uploads\/2021\/11\/Wings-Logo-A1-e1664037880754.png\",\"contentUrl\":\"https:\/\/wingsdustcontrol.com.br\/wp-content\/uploads\/2021\/11\/Wings-Logo-A1-e1664037880754.png\",\"width\":1089,\"height\":356,\"caption\":\"Wings Ltda\"},\"image\":{\"@id\":\"https:\/\/wingsdustcontrol.com.br\/#\/schema\/logo\/image\/\"},\"sameAs\":[\"https:\/\/www.facebook.com\/wingsltda\/\",\"https:\/\/www.linkedin.com\/company\/wingsltda\/\",\"https:\/\/www.youtube.com\/channel\/UC2XSL5EljSgDh-pwalcPLLA\"]}]}<\/script>\n<!-- \/ Yoast SEO plugin. -->","yoast_head_json":{"title":"Sobre nosotros - Wings Ltda |","robots":{"index":"index","follow":"follow","max-snippet":"max-snippet:-1","max-image-preview":"max-image-preview:large","max-video-preview":"max-video-preview:-1"},"canonical":"https:\/\/wingsdustcontrol.com.br\/es\/sobre-nos\/","og_locale":"es_ES","og_type":"article","og_title":"Sobre nosotros - Wings Ltda |","og_url":"https:\/\/wingsdustcontrol.com.br\/sobre-nos\/","og_site_name":"Wings Ltda |","article_publisher":"https:\/\/www.facebook.com\/wingsltda\/","article_modified_time":"2021-04-28T16:50:31+00:00","og_image":[{"width":400,"height":260,"url":"https:\/\/wingsdustcontrol.com.br\/wp-content\/uploads\/2016\/08\/dummy-1.jpg","type":"image\/jpeg"}],"twitter_card":"summary_large_image","twitter_misc":{"Tiempo de lectura":"4 minutos"},"schema":{"@context":"https:\/\/schema.org","@graph":[{"@type":"WebPage","@id":"https:\/\/wingsdustcontrol.com.br\/sobre-nos\/","url":"https:\/\/wingsdustcontrol.com.br\/sobre-nos\/","name":"Sobre nosotros - Wings Ltda |","isPartOf":{"@id":"https:\/\/wingsdustcontrol.com.br\/#website"},"primaryImageOfPage":{"@id":"https:\/\/wingsdustcontrol.com.br\/sobre-nos\/#primaryimage"},"image":{"@id":"https:\/\/wingsdustcontrol.com.br\/sobre-nos\/#primaryimage"},"thumbnailUrl":"https:\/\/wingsdustcontrol.com.br\/wp-content\/uploads\/2016\/08\/dummy-1.jpg","datePublished":"2021-03-05T19:06:15+00:00","dateModified":"2021-04-28T16:50:31+00:00","breadcrumb":{"@id":"https:\/\/wingsdustcontrol.com.br\/sobre-nos\/#breadcrumb"},"inLanguage":"es","potentialAction":[{"@type":"ReadAction","target":["https:\/\/wingsdustcontrol.com.br\/sobre-nos\/"]}]},{"@type":"ImageObject","inLanguage":"es","@id":"https:\/\/wingsdustcontrol.com.br\/sobre-nos\/#primaryimage","url":"https:\/\/wingsdustcontrol.com.br\/wp-content\/uploads\/2016\/08\/dummy-1.jpg","contentUrl":"https:\/\/wingsdustcontrol.com.br\/wp-content\/uploads\/2016\/08\/dummy-1.jpg","width":400,"height":260},{"@type":"BreadcrumbList","@id":"https:\/\/wingsdustcontrol.com.br\/sobre-nos\/#breadcrumb","itemListElement":[{"@type":"ListItem","position":1,"name":"In\u00edcio","item":"https:\/\/wingsdustcontrol.com.br\/"},{"@type":"ListItem","position":2,"name":"Sobre nosotros"}]},{"@type":"WebSite","@id":"https:\/\/wingsdustcontrol.com.br\/#website","url":"https:\/\/wingsdustcontrol.com.br\/","name":"Wings Ltda |","description":"Transformando sua opera\u00e7\u00e3o no agro.","publisher":{"@id":"https:\/\/wingsdustcontrol.com.br\/#organization"},"potentialAction":[{"@type":"SearchAction","target":{"@type":"EntryPoint","urlTemplate":"https:\/\/wingsdustcontrol.com.br\/?s={search_term_string}"},"query-input":{"@type":"PropertyValueSpecification","valueRequired":true,"valueName":"search_term_string"}}],"inLanguage":"es"},{"@type":"Organization","@id":"https:\/\/wingsdustcontrol.com.br\/#organization","name":"Wings Ltda","url":"https:\/\/wingsdustcontrol.com.br\/","logo":{"@type":"ImageObject","inLanguage":"es","@id":"https:\/\/wingsdustcontrol.com.br\/#\/schema\/logo\/image\/","url":"https:\/\/wingsdustcontrol.com.br\/wp-content\/uploads\/2021\/11\/Wings-Logo-A1-e1664037880754.png","contentUrl":"https:\/\/wingsdustcontrol.com.br\/wp-content\/uploads\/2021\/11\/Wings-Logo-A1-e1664037880754.png","width":1089,"height":356,"caption":"Wings Ltda"},"image":{"@id":"https:\/\/wingsdustcontrol.com.br\/#\/schema\/logo\/image\/"},"sameAs":["https:\/\/www.facebook.com\/wingsltda\/","https:\/\/www.linkedin.com\/company\/wingsltda\/","https:\/\/www.youtube.com\/channel\/UC2XSL5EljSgDh-pwalcPLLA"]}]}},"_links":{"self":[{"href":"https:\/\/wingsdustcontrol.com.br\/es\/wp-json\/wp\/v2\/pages\/4813","targetHints":{"allow":["GET"]}}],"collection":[{"href":"https:\/\/wingsdustcontrol.com.br\/es\/wp-json\/wp\/v2\/pages"}],"about":[{"href":"https:\/\/wingsdustcontrol.com.br\/es\/wp-json\/wp\/v2\/types\/page"}],"author":[{"embeddable":true,"href":"https:\/\/wingsdustcontrol.com.br\/es\/wp-json\/wp\/v2\/users\/1"}],"replies":[{"embeddable":true,"href":"https:\/\/wingsdustcontrol.com.br\/es\/wp-json\/wp\/v2\/comments?post=4813"}],"version-history":[{"count":2,"href":"https:\/\/wingsdustcontrol.com.br\/es\/wp-json\/wp\/v2\/pages\/4813\/revisions"}],"predecessor-version":[{"id":4961,"href":"https:\/\/wingsdustcontrol.com.br\/es\/wp-json\/wp\/v2\/pages\/4813\/revisions\/4961"}],"wp:featuredmedia":[{"embeddable":true,"href":"https:\/\/wingsdustcontrol.com.br\/es\/wp-json\/wp\/v2\/media\/2923"}],"wp:attachment":[{"href":"https:\/\/wingsdustcontrol.com.br\/es\/wp-json\/wp\/v2\/media?parent=4813"}],"curies":[{"name":"wp","href":"https:\/\/api.w.org\/{rel}","templated":true}]}}