{"id":4836,"date":"2016-04-26T12:34:20","date_gmt":"2016-04-26T12:34:20","guid":{"rendered":"https:\/\/wingsdustcontrol.com.br\/solicitar-uma-proposta\/"},"modified":"2023-10-10T11:36:23","modified_gmt":"2023-10-10T14:36:23","slug":"solicitar-uma-proposta","status":"publish","type":"page","link":"https:\/\/wingsdustcontrol.com.br\/es\/solicitar-uma-proposta\/","title":{"rendered":"solicitar uma proposta"},"content":{"rendered":"\n\t<section class=\"section\" id=\"section_1115392242\">\n\t\t<div class=\"bg section-bg fill bg-fill  bg-loaded\" >\n\n\t\t\t\n\t\t\t\n\t\t\t\n\t<div class=\"is-border\"\n\t\tstyle=\"border-color:rgba(0, 0, 0, 0.05);border-width:1px 0px 0px 0px;\">\n\t<\/div>\n\n\t\t<\/div>\n\n\t\t<div class=\"section-content relative\">\n\t\t\t\n\n<div class=\"container section-title-container\" ><h3 class=\"section-title section-title-center\"><b><\/b><span class=\"section-title-main\" >Solicitar uma proposta<\/span><b><\/b><\/h3><\/div>\n\n<div class=\"row\"  id=\"row-205278779\">\n\n\n\t<div id=\"col-1875316193\" class=\"col medium-4 small-12 large-4\"  >\n\t\t\t\t<div class=\"col-inner\"  >\n\t\t\t\n\t\t\t\n\n<p style=\"text-align: justify;\">Preencha o formul\u00e1rio ao lado, caso possua a planta do projeto, voc\u00ea pode enviar juntamente no formul\u00e1rio que nossa equipe ir\u00e1 responder o mais breve poss\u00edvel com a nossa melhor proposta.&nbsp;<\/p>\n\n\t\t<\/div>\n\t\t\t\t\t<\/div>\n\n\t\n\n\t<div id=\"col-1693170167\" class=\"col medium-8 small-12 large-8\"  >\n\t\t\t\t<div class=\"col-inner\"  >\n\t\t\t\n\t\t\t\n\n\n<div class=\"wpcf7 no-js\" id=\"wpcf7-f17-o1\" lang=\"en-US\" dir=\"ltr\" data-wpcf7-id=\"17\">\n<div class=\"screen-reader-response\"><p role=\"status\" aria-live=\"polite\" aria-atomic=\"true\"><\/p> <ul><\/ul><\/div>\n<form action=\"\/es\/wp-json\/wp\/v2\/pages\/4836#wpcf7-f17-o1\" method=\"post\" class=\"wpcf7-form init\" aria-label=\"Contact form\" enctype=\"multipart\/form-data\" novalidate=\"novalidate\" data-status=\"init\">\n<fieldset class=\"hidden-fields-container\"><input type=\"hidden\" name=\"_wpcf7\" value=\"17\" \/><input type=\"hidden\" name=\"_wpcf7_version\" value=\"6.1.4\" \/><input type=\"hidden\" name=\"_wpcf7_locale\" value=\"en_US\" \/><input type=\"hidden\" name=\"_wpcf7_unit_tag\" value=\"wpcf7-f17-o1\" \/><input type=\"hidden\" name=\"_wpcf7_container_post\" value=\"0\" \/><input type=\"hidden\" name=\"_wpcf7_posted_data_hash\" value=\"\" \/>\n<\/fieldset>\n<div class=\"form-flat\">\n\t<p><span class=\"wpcf7-form-control-wrap\" data-name=\"your-name\"><input size=\"40\" maxlength=\"400\" class=\"wpcf7-form-control wpcf7-text wpcf7-validates-as-required\" aria-required=\"true\" aria-invalid=\"false\" placeholder=\"Nome (obrigat\u00f3rio)\" value=\"\" type=\"text\" name=\"your-name\" \/><\/span><br \/>\n<span id=\"wpcf7-69e773d0acc5d-wrapper\" class=\"wpcf7-form-control-wrap website-wrap\" ><input type=\"hidden\" name=\"website-time-start\" value=\"1776776144\"><input type=\"hidden\" name=\"website-time-check\" value=\"4\"><label for=\"wpcf7-69e773d0acc5d-field\" class=\"hp-message\">Please leave this field empty.<\/label><input id=\"wpcf7-69e773d0acc5d-field\"  class=\"wpcf7-form-control wpcf7-text\" type=\"text\" name=\"website\" value=\"\" size=\"40\" tabindex=\"-1\" autocomplete=\"new-password\" \/><\/span><br \/>\n<span class=\"wpcf7-form-control-wrap\" data-name=\"Empresa\"><input size=\"40\" maxlength=\"400\" class=\"wpcf7-form-control wpcf7-text\" aria-invalid=\"false\" placeholder=\"Empresa\" value=\"\" type=\"text\" name=\"Empresa\" \/><\/span>\n\t<\/p>\n\t<p><span class=\"wpcf7-form-control-wrap\" data-name=\"CNPJ\"><input size=\"40\" maxlength=\"400\" class=\"wpcf7-form-control wpcf7-text\" aria-invalid=\"false\" placeholder=\"CNPJ\" value=\"\" type=\"text\" name=\"CNPJ\" \/><\/span>\n\t<\/p>\n\t<p><span class=\"wpcf7-form-control-wrap\" data-name=\"Celular\"><input size=\"40\" maxlength=\"400\" class=\"wpcf7-form-control wpcf7-tel wpcf7-validates-as-required wpcf7-text wpcf7-validates-as-tel\" aria-required=\"true\" aria-invalid=\"false\" placeholder=\"Celular (obrigat\u00f3rio)\" value=\"\" type=\"tel\" name=\"Celular\" \/><\/span>\n\t<\/p>\n\t<p><span class=\"wpcf7-form-control-wrap\" data-name=\"telefone\"><input size=\"40\" maxlength=\"400\" class=\"wpcf7-form-control wpcf7-tel wpcf7-text wpcf7-validates-as-tel\" aria-invalid=\"false\" placeholder=\"Telefone\" value=\"\" type=\"tel\" name=\"telefone\" \/><\/span>\n\t<\/p>\n\t<p><span class=\"wpcf7-form-control-wrap\" data-name=\"Endereo\"><input size=\"40\" maxlength=\"400\" class=\"wpcf7-form-control wpcf7-text\" aria-invalid=\"false\" placeholder=\"Endere\u00e7o\" value=\"\" type=\"text\" name=\"Endereo\" \/><\/span>\n\t<\/p>\n\t<p><span class=\"wpcf7-form-control-wrap\" data-name=\"Cidade\"><input size=\"40\" maxlength=\"400\" class=\"wpcf7-form-control wpcf7-text wpcf7-validates-as-required\" aria-required=\"true\" aria-invalid=\"false\" placeholder=\"Cidade\/Estado (obrigat\u00f3rio)\" value=\"\" type=\"text\" name=\"Cidade\" \/><\/span>\n\t<\/p>\n\t<p><span class=\"wpcf7-form-control-wrap\" data-name=\"your-email\"><input size=\"40\" maxlength=\"400\" class=\"wpcf7-form-control wpcf7-email wpcf7-validates-as-required wpcf7-text wpcf7-validates-as-email\" aria-required=\"true\" aria-invalid=\"false\" placeholder=\"Email(obrigat\u00f3rio)\" value=\"\" type=\"email\" name=\"your-email\" \/><\/span>\n\t<\/p>\n\t<p><span class=\"wpcf7-form-control-wrap\" data-name=\"Moega\"><input size=\"40\" maxlength=\"400\" class=\"wpcf7-form-control wpcf7-text wpcf7-validates-as-required\" aria-required=\"true\" aria-invalid=\"false\" placeholder=\"Tipo de Moega\" value=\"\" type=\"text\" name=\"Moega\" \/><\/span>\n\t<\/p>\n\t<p><span class=\"wpcf7-form-control-wrap\" data-name=\"Largura\"><input size=\"40\" maxlength=\"400\" class=\"wpcf7-form-control wpcf7-text wpcf7-validates-as-required\" aria-required=\"true\" aria-invalid=\"false\" placeholder=\"Largura da moega\" value=\"\" type=\"text\" name=\"Largura\" \/><\/span>\n\t<\/p>\n\t<p><span class=\"wpcf7-form-control-wrap\" data-name=\"Altura\"><input size=\"40\" maxlength=\"400\" class=\"wpcf7-form-control wpcf7-text wpcf7-validates-as-required\" aria-required=\"true\" aria-invalid=\"false\" placeholder=\"Altura da moega\" value=\"\" type=\"text\" name=\"Altura\" \/><\/span>\n\t<\/p>\n\t<p><span class=\"wpcf7-form-control-wrap\" data-name=\"your-message\"><textarea cols=\"40\" rows=\"10\" maxlength=\"2000\" class=\"wpcf7-form-control wpcf7-textarea\" aria-invalid=\"false\" placeholder=\"Mensagem (obrigat\u00f3rio)\" name=\"your-message\"><\/textarea><\/span>\n\t<\/p>\n\t<p><span class=\"wpcf7-form-control-wrap\" data-name=\"Desenho\"><input size=\"40\" class=\"wpcf7-form-control wpcf7-file\" accept=\".doc,.docx,.pdf\" aria-invalid=\"false\" type=\"file\" name=\"Desenho\" \/><\/span>\n\t<\/p>\n\t<p><input class=\"wpcf7-form-control wpcf7-submit has-spinner button\" type=\"submit\" value=\"Enviar\" \/>\n\t<\/p>\n\t<p>[recaptcha]\n\t<\/p>\n<\/div><div class=\"wpcf7-response-output\" aria-hidden=\"true\"><\/div>\n<\/form>\n<\/div>\n\n\n\n\t\t<\/div>\n\t\t\t\t\t<\/div>\n\n\t\n\n<\/div>\n\n\t\t<\/div>\n\n\t\t\n<style>\n#section_1115392242 {\n  padding-top: 30px;\n  padding-bottom: 30px;\n  background-color: rgb(246, 246, 246);\n}\n<\/style>\n\t<\/section>\n\t\n\n\n\n<!-- Event snippet for Preenchimento proposta completa conversion page -->\n<script>\n  gtag('event', 'conversion', {'send_to': 'AW-726290704\/EBfpCJjO0OoYEJCiqdoC'});\n<\/script>\n\n","protected":false},"excerpt":{"rendered":"","protected":false},"author":1,"featured_media":3331,"parent":0,"menu_order":14,"comment_status":"closed","ping_status":"closed","template":"page-blank.php","meta":{"footnotes":""},"class_list":["post-4836","page","type-page","status-publish","has-post-thumbnail","hentry"],"yoast_head":"<!-- This site is optimized with the Yoast SEO plugin v26.6 - https:\/\/yoast.com\/wordpress\/plugins\/seo\/ -->\n<title>solicitar uma proposta - Wings Ltda |<\/title>\n<meta name=\"robots\" content=\"index, follow, max-snippet:-1, max-image-preview:large, max-video-preview:-1\" \/>\n<link rel=\"canonical\" href=\"https:\/\/wingsdustcontrol.com.br\/es\/solicitar-uma-proposta\/\" \/>\n<meta property=\"og:locale\" content=\"es_ES\" \/>\n<meta property=\"og:type\" content=\"article\" \/>\n<meta property=\"og:title\" content=\"solicitar uma proposta - Wings Ltda |\" \/>\n<meta property=\"og:url\" content=\"https:\/\/wingsdustcontrol.com.br\/solicitar-uma-proposta\/\" \/>\n<meta property=\"og:site_name\" content=\"Wings Ltda |\" \/>\n<meta property=\"article:publisher\" content=\"https:\/\/www.facebook.com\/wingsltda\/\" \/>\n<meta property=\"article:modified_time\" content=\"2023-10-10T14:36:23+00:00\" \/>\n<meta property=\"og:image\" content=\"https:\/\/wingsdustcontrol.com.br\/wp-content\/uploads\/2021\/03\/27-09-06_1008.jpg\" \/>\n\t<meta property=\"og:image:width\" content=\"640\" \/>\n\t<meta property=\"og:image:height\" content=\"480\" \/>\n\t<meta property=\"og:image:type\" content=\"image\/jpeg\" \/>\n<meta name=\"twitter:card\" content=\"summary_large_image\" \/>\n<script type=\"application\/ld+json\" class=\"yoast-schema-graph\">{\"@context\":\"https:\/\/schema.org\",\"@graph\":[{\"@type\":\"WebPage\",\"@id\":\"https:\/\/wingsdustcontrol.com.br\/solicitar-uma-proposta\/\",\"url\":\"https:\/\/wingsdustcontrol.com.br\/solicitar-uma-proposta\/\",\"name\":\"solicitar uma proposta - Wings Ltda |\",\"isPartOf\":{\"@id\":\"https:\/\/wingsdustcontrol.com.br\/#website\"},\"primaryImageOfPage\":{\"@id\":\"https:\/\/wingsdustcontrol.com.br\/solicitar-uma-proposta\/#primaryimage\"},\"image\":{\"@id\":\"https:\/\/wingsdustcontrol.com.br\/solicitar-uma-proposta\/#primaryimage\"},\"thumbnailUrl\":\"https:\/\/wingsdustcontrol.com.br\/wp-content\/uploads\/2021\/03\/27-09-06_1008.jpg\",\"datePublished\":\"2016-04-26T12:34:20+00:00\",\"dateModified\":\"2023-10-10T14:36:23+00:00\",\"breadcrumb\":{\"@id\":\"https:\/\/wingsdustcontrol.com.br\/solicitar-uma-proposta\/#breadcrumb\"},\"inLanguage\":\"es\",\"potentialAction\":[{\"@type\":\"ReadAction\",\"target\":[\"https:\/\/wingsdustcontrol.com.br\/solicitar-uma-proposta\/\"]}]},{\"@type\":\"ImageObject\",\"inLanguage\":\"es\",\"@id\":\"https:\/\/wingsdustcontrol.com.br\/solicitar-uma-proposta\/#primaryimage\",\"url\":\"https:\/\/wingsdustcontrol.com.br\/wp-content\/uploads\/2021\/03\/27-09-06_1008.jpg\",\"contentUrl\":\"https:\/\/wingsdustcontrol.com.br\/wp-content\/uploads\/2021\/03\/27-09-06_1008.jpg\",\"width\":640,\"height\":480},{\"@type\":\"BreadcrumbList\",\"@id\":\"https:\/\/wingsdustcontrol.com.br\/solicitar-uma-proposta\/#breadcrumb\",\"itemListElement\":[{\"@type\":\"ListItem\",\"position\":1,\"name\":\"In\u00edcio\",\"item\":\"https:\/\/wingsdustcontrol.com.br\/\"},{\"@type\":\"ListItem\",\"position\":2,\"name\":\"solicitar uma proposta\"}]},{\"@type\":\"WebSite\",\"@id\":\"https:\/\/wingsdustcontrol.com.br\/#website\",\"url\":\"https:\/\/wingsdustcontrol.com.br\/\",\"name\":\"Wings Ltda |\",\"description\":\"Transformando sua opera\u00e7\u00e3o no agro.\",\"publisher\":{\"@id\":\"https:\/\/wingsdustcontrol.com.br\/#organization\"},\"potentialAction\":[{\"@type\":\"SearchAction\",\"target\":{\"@type\":\"EntryPoint\",\"urlTemplate\":\"https:\/\/wingsdustcontrol.com.br\/?s={search_term_string}\"},\"query-input\":{\"@type\":\"PropertyValueSpecification\",\"valueRequired\":true,\"valueName\":\"search_term_string\"}}],\"inLanguage\":\"es\"},{\"@type\":\"Organization\",\"@id\":\"https:\/\/wingsdustcontrol.com.br\/#organization\",\"name\":\"Wings Ltda\",\"url\":\"https:\/\/wingsdustcontrol.com.br\/\",\"logo\":{\"@type\":\"ImageObject\",\"inLanguage\":\"es\",\"@id\":\"https:\/\/wingsdustcontrol.com.br\/#\/schema\/logo\/image\/\",\"url\":\"https:\/\/wingsdustcontrol.com.br\/wp-content\/uploads\/2021\/11\/Wings-Logo-A1-e1664037880754.png\",\"contentUrl\":\"https:\/\/wingsdustcontrol.com.br\/wp-content\/uploads\/2021\/11\/Wings-Logo-A1-e1664037880754.png\",\"width\":1089,\"height\":356,\"caption\":\"Wings Ltda\"},\"image\":{\"@id\":\"https:\/\/wingsdustcontrol.com.br\/#\/schema\/logo\/image\/\"},\"sameAs\":[\"https:\/\/www.facebook.com\/wingsltda\/\",\"https:\/\/www.linkedin.com\/company\/wingsltda\/\",\"https:\/\/www.youtube.com\/channel\/UC2XSL5EljSgDh-pwalcPLLA\"]}]}<\/script>\n<!-- \/ Yoast SEO plugin. -->","yoast_head_json":{"title":"solicitar uma proposta - Wings Ltda |","robots":{"index":"index","follow":"follow","max-snippet":"max-snippet:-1","max-image-preview":"max-image-preview:large","max-video-preview":"max-video-preview:-1"},"canonical":"https:\/\/wingsdustcontrol.com.br\/es\/solicitar-uma-proposta\/","og_locale":"es_ES","og_type":"article","og_title":"solicitar uma proposta - Wings Ltda |","og_url":"https:\/\/wingsdustcontrol.com.br\/solicitar-uma-proposta\/","og_site_name":"Wings Ltda |","article_publisher":"https:\/\/www.facebook.com\/wingsltda\/","article_modified_time":"2023-10-10T14:36:23+00:00","og_image":[{"width":640,"height":480,"url":"https:\/\/wingsdustcontrol.com.br\/wp-content\/uploads\/2021\/03\/27-09-06_1008.jpg","type":"image\/jpeg"}],"twitter_card":"summary_large_image","schema":{"@context":"https:\/\/schema.org","@graph":[{"@type":"WebPage","@id":"https:\/\/wingsdustcontrol.com.br\/solicitar-uma-proposta\/","url":"https:\/\/wingsdustcontrol.com.br\/solicitar-uma-proposta\/","name":"solicitar uma proposta - Wings Ltda |","isPartOf":{"@id":"https:\/\/wingsdustcontrol.com.br\/#website"},"primaryImageOfPage":{"@id":"https:\/\/wingsdustcontrol.com.br\/solicitar-uma-proposta\/#primaryimage"},"image":{"@id":"https:\/\/wingsdustcontrol.com.br\/solicitar-uma-proposta\/#primaryimage"},"thumbnailUrl":"https:\/\/wingsdustcontrol.com.br\/wp-content\/uploads\/2021\/03\/27-09-06_1008.jpg","datePublished":"2016-04-26T12:34:20+00:00","dateModified":"2023-10-10T14:36:23+00:00","breadcrumb":{"@id":"https:\/\/wingsdustcontrol.com.br\/solicitar-uma-proposta\/#breadcrumb"},"inLanguage":"es","potentialAction":[{"@type":"ReadAction","target":["https:\/\/wingsdustcontrol.com.br\/solicitar-uma-proposta\/"]}]},{"@type":"ImageObject","inLanguage":"es","@id":"https:\/\/wingsdustcontrol.com.br\/solicitar-uma-proposta\/#primaryimage","url":"https:\/\/wingsdustcontrol.com.br\/wp-content\/uploads\/2021\/03\/27-09-06_1008.jpg","contentUrl":"https:\/\/wingsdustcontrol.com.br\/wp-content\/uploads\/2021\/03\/27-09-06_1008.jpg","width":640,"height":480},{"@type":"BreadcrumbList","@id":"https:\/\/wingsdustcontrol.com.br\/solicitar-uma-proposta\/#breadcrumb","itemListElement":[{"@type":"ListItem","position":1,"name":"In\u00edcio","item":"https:\/\/wingsdustcontrol.com.br\/"},{"@type":"ListItem","position":2,"name":"solicitar uma proposta"}]},{"@type":"WebSite","@id":"https:\/\/wingsdustcontrol.com.br\/#website","url":"https:\/\/wingsdustcontrol.com.br\/","name":"Wings Ltda |","description":"Transformando sua opera\u00e7\u00e3o no agro.","publisher":{"@id":"https:\/\/wingsdustcontrol.com.br\/#organization"},"potentialAction":[{"@type":"SearchAction","target":{"@type":"EntryPoint","urlTemplate":"https:\/\/wingsdustcontrol.com.br\/?s={search_term_string}"},"query-input":{"@type":"PropertyValueSpecification","valueRequired":true,"valueName":"search_term_string"}}],"inLanguage":"es"},{"@type":"Organization","@id":"https:\/\/wingsdustcontrol.com.br\/#organization","name":"Wings Ltda","url":"https:\/\/wingsdustcontrol.com.br\/","logo":{"@type":"ImageObject","inLanguage":"es","@id":"https:\/\/wingsdustcontrol.com.br\/#\/schema\/logo\/image\/","url":"https:\/\/wingsdustcontrol.com.br\/wp-content\/uploads\/2021\/11\/Wings-Logo-A1-e1664037880754.png","contentUrl":"https:\/\/wingsdustcontrol.com.br\/wp-content\/uploads\/2021\/11\/Wings-Logo-A1-e1664037880754.png","width":1089,"height":356,"caption":"Wings Ltda"},"image":{"@id":"https:\/\/wingsdustcontrol.com.br\/#\/schema\/logo\/image\/"},"sameAs":["https:\/\/www.facebook.com\/wingsltda\/","https:\/\/www.linkedin.com\/company\/wingsltda\/","https:\/\/www.youtube.com\/channel\/UC2XSL5EljSgDh-pwalcPLLA"]}]}},"_links":{"self":[{"href":"https:\/\/wingsdustcontrol.com.br\/es\/wp-json\/wp\/v2\/pages\/4836","targetHints":{"allow":["GET"]}}],"collection":[{"href":"https:\/\/wingsdustcontrol.com.br\/es\/wp-json\/wp\/v2\/pages"}],"about":[{"href":"https:\/\/wingsdustcontrol.com.br\/es\/wp-json\/wp\/v2\/types\/page"}],"author":[{"embeddable":true,"href":"https:\/\/wingsdustcontrol.com.br\/es\/wp-json\/wp\/v2\/users\/1"}],"replies":[{"embeddable":true,"href":"https:\/\/wingsdustcontrol.com.br\/es\/wp-json\/wp\/v2\/comments?post=4836"}],"version-history":[{"count":1,"href":"https:\/\/wingsdustcontrol.com.br\/es\/wp-json\/wp\/v2\/pages\/4836\/revisions"}],"predecessor-version":[{"id":18591,"href":"https:\/\/wingsdustcontrol.com.br\/es\/wp-json\/wp\/v2\/pages\/4836\/revisions\/18591"}],"wp:featuredmedia":[{"embeddable":true,"href":"https:\/\/wingsdustcontrol.com.br\/es\/wp-json\/wp\/v2\/media\/3331"}],"wp:attachment":[{"href":"https:\/\/wingsdustcontrol.com.br\/es\/wp-json\/wp\/v2\/media?parent=4836"}],"curies":[{"name":"wp","href":"https:\/\/api.w.org\/{rel}","templated":true}]}}