{"id":4949,"date":"2021-03-25T13:01:56","date_gmt":"2021-03-25T13:01:56","guid":{"rendered":"https:\/\/wingsdustcontrol.com.br\/servicos-2\/"},"modified":"2021-04-28T16:35:53","modified_gmt":"2021-04-28T16:35:53","slug":"servicos-2","status":"publish","type":"page","link":"https:\/\/wingsdustcontrol.com.br\/es\/servicos-2\/","title":{"rendered":"SERVICIOS"},"content":{"rendered":"\n<div class=\"slider-wrapper relative\" id=\"slider-1809049807\" >\n    <div class=\"slider slider-nav-circle slider-nav-large slider-nav-light slider-style-normal\"\n        data-flickity-options='{\n            \"cellAlign\": \"center\",\n            \"imagesLoaded\": true,\n            \"lazyLoad\": 1,\n            \"freeScroll\": false,\n            \"wrapAround\": true,\n            \"autoPlay\": 6000,\n            \"pauseAutoPlayOnHover\" : true,\n            \"prevNextButtons\": true,\n            \"contain\" : true,\n            \"adaptiveHeight\" : true,\n            \"dragThreshold\" : 10,\n            \"percentPosition\": true,\n            \"pageDots\": true,\n            \"rightToLeft\": false,\n            \"draggable\": true,\n            \"selectedAttraction\": 0.1,\n            \"parallax\" : 0,\n            \"friction\": 0.6        }'\n        >\n        \n\n\n  <div class=\"banner has-hover\" id=\"banner-2032949655\">\n          <div class=\"banner-inner fill\">\n        <div class=\"banner-bg fill\" >\n            <div class=\"bg fill bg-fill \"><\/div>\n                        <div class=\"overlay\"><\/div>            \n                    <\/div>\n        <div class=\"banner-layers container\">\n            <div class=\"fill banner-link\"><\/div>            \n\n   <div id=\"text-box-2120683201\" class=\"text-box banner-layer text-box-circle x90 md-x90 lg-x90 y50 md-y50 lg-y50 res-text\">\n                                <div class=\"text-box-content text dark\">\n              \n              <div class=\"text-inner text-center\">\n                  \n\n<h2 class=\"uppercase\">Servicios completos<\/h2>\n<h3>mecanizado, utillaje y calderer\u00eda<\/h3>\n\n              <\/div>\n           <\/div>\n                            \n<style>\n#text-box-2120683201 .text-box-content {\n  background-color: rgb(22, 43, 15);\n  font-size: 100%;\n  transform: rotate(17deg);\n}\n#text-box-2120683201 .text-inner {\n  padding: 30px 30px 30px 30px;\n}\n#text-box-2120683201 {\n  width: 60%;\n}\n@media (min-width:550px) {\n  #text-box-2120683201 {\n    width: 40%;\n  }\n}\n<\/style>\n    <\/div>\n \n\n        <\/div>\n      <\/div>\n\n            \n<style>\n#banner-2032949655 {\n  padding-top: 500px;\n}\n#banner-2032949655 .bg.bg-loaded {\n  background-image: url(https:\/\/wingsdustcontrol.com.br\/wp-content\/uploads\/2021\/03\/pecas-seriadas-e-nao-seriadas-01.jpg);\n}\n#banner-2032949655 .overlay {\n  background-color: rgba(0, 0, 0, 0.31);\n}\n<\/style>\n  <\/div>\n\n\n\n     <\/div>\n\n     <div class=\"loading-spin dark large centered\"><\/div>\n\n     \t<\/div>\n\n\n<div class=\"container section-title-container\" ><h3 class=\"section-title section-title-center\"><b><\/b><span class=\"section-title-main\" >SERVICIOS<\/span><b><\/b><\/h3><\/div>\n\n<div class=\"row\"  id=\"row-1132380518\">\n\n\n\t<div id=\"col-1081255407\" class=\"col small-12 large-12\"  >\n\t\t\t\t<div class=\"col-inner\"  >\n\t\t\t\n\t\t\t\n\n<p style=\"text-align: justify;\">Wings ofrece, en una sola empresa, soluciones ideales en utillaje, mecanizado en serie y no serie, calderer\u00eda y desarrollo de proyectos especiales. Nuestro completo portafolio de servicios garantiza flexibilidad y tranquilidad para que nuestros clientes obtengan el mejor servicio e impecables servicios, todo en un solo lugar.<\/p>\n<p>Realizamos mecanizados en serie y no en serie en todas las materias primas con los siguientes equipos:<\/p>\n<ul>\n<li>Herramientas y fresas CNC;<\/li>\n<li>Tornos CNC, mec\u00e1nicos y de torreta;<\/li>\n<li>Taladro de precisi\u00f3n;<\/li>\n<li>Threaders.<\/li>\n<li>Todos est\u00e1n equipados con un sistema digital.<\/li>\n<\/ul>\n<p>Los servicios de calderer\u00eda especializados incluyen:<\/p>\n<ol>\n<li>Cortar;<\/li>\n<li>Pliegue;<\/li>\n<li>Soldadura en acero al carbono, acero inoxidable y aluminio.<\/li>\n<\/ol>\n<p style=\"text-align: justify;\">Los proyectos siguen las reglas de la <strong>ABNT<\/strong> y est\u00e1n firmados por profesionales registrados en <strong>CREA-SP.<\/strong><\/p>\n<p style=\"text-align: justify;\">Los proyectos se desarrollan \u00edntegramente en 3D con el programa SolidWorks, capaz de predecir fallas y errores de dise\u00f1o y de elaborar proyectos especiales seg\u00fan especificaciones del cliente, incluyendo dispositivos de automatizaci\u00f3n y poka-yoke.<\/p>\n<p>Si necesitas mecanizado, utillaje o calderer\u00eda, \u00a1cont\u00e1ctanos!<\/p>\n\n\t\t<\/div>\n\t\t\t\t\t<\/div>\n\n\t\n\n<\/div>\n<div class=\"row\"  id=\"row-796196186\">\n\n\n\t<div id=\"col-1641642551\" class=\"col medium-4 small-12 large-4\"  >\n\t\t\t\t<div class=\"col-inner\"  >\n\t\t\t\n\t\t\t\n\n<p><strong>CATEGORIAS<\/strong><\/p>\n<p><a href=\"https:\/\/wingsdustcontrol.com.br\/avicultura\/\">Avicultura<\/a><\/p>\n<p><a href=\"https:\/\/wingsdustcontrol.com.br\/dustcontrol\/\">DustControl<\/a><\/p>\n<p><a href=\"_wp_link_placeholder\" data-wplink-edit=\"true\">Infraestrutura<\/a><\/p>\n<p><a href=\"https:\/\/wingsdustcontrol.com.br\/infraestrutura-para-ferramentaria-e-usinagem-seriada-e-nao-seriada\/\">Usinagem e Caldeiraria<\/a><\/p>\n<p>&nbsp;<\/p>\n\n\t\t<\/div>\n\t\t\t\t\t<\/div>\n\n\t\n\n\t<div id=\"col-35976807\" class=\"col medium-8 small-12 large-8\"  >\n\t\t\t\t<div class=\"col-inner\"  >\n\t\t\t\n\t\t\t\n\n<div class=\"row\"  id=\"row-1869593409\">\n\n\n\t<div id=\"col-1377057597\" class=\"col medium-6 small-12 large-6\"  >\n\t\t\t\t<div class=\"col-inner\"  >\n\t\t\t\n\t\t\t\n\n\t<div class=\"box has-hover   has-hover box-text-bottom\" >\n\n\t\t<div class=\"box-image\" >\n\t\t\t<a href=\"https:\/\/wingsdustcontrol.com.br\/infraestrutura-para-ferramentaria-e-usinagem-seriada-e-nao-seriada\/\"  >\t\t\t<div class=\"\" >\n\t\t\t\t<img loading=\"lazy\" decoding=\"async\" width=\"800\" height=\"600\" src=\"https:\/\/wingsdustcontrol.com.br\/wp-content\/uploads\/2021\/03\/pecas-seriadas-e-nao-seriadas-01.jpg\" class=\"attachment- size-\" alt=\"Infraestrutura para ferramentaria e usinagem seriada e n\u00e3o seriada\" srcset=\"https:\/\/wingsdustcontrol.com.br\/wp-content\/uploads\/2021\/03\/pecas-seriadas-e-nao-seriadas-01.jpg 800w, https:\/\/wingsdustcontrol.com.br\/wp-content\/uploads\/2021\/03\/pecas-seriadas-e-nao-seriadas-01-533x400.jpg 533w, https:\/\/wingsdustcontrol.com.br\/wp-content\/uploads\/2021\/03\/pecas-seriadas-e-nao-seriadas-01-768x576.jpg 768w, https:\/\/wingsdustcontrol.com.br\/wp-content\/uploads\/2021\/03\/pecas-seriadas-e-nao-seriadas-01-600x450.jpg 600w\" sizes=\"auto, (max-width: 800px) 100vw, 800px\" \/>\t\t\t\t\t\t\t\t\t\t\t<\/div>\n\t\t\t<\/a>\t\t<\/div>\n\n\t\t<div class=\"box-text text-center\" >\n\t\t\t<div class=\"box-text-inner\">\n\t\t\t\t\n\n<h4>INFRAESTRUTURA<\/h4>\n<p>SERVI\u00c7OS<\/p>\n\n\t\t\t<\/div>\n\t\t<\/div>\n\t<\/div>\n\t\n\n\t\t<\/div>\n\t\t\t\t\t<\/div>\n\n\t\n\n\t<div id=\"col-540562228\" class=\"col medium-6 small-12 large-6\"  >\n\t\t\t\t<div class=\"col-inner\"  >\n\t\t\t\n\t\t\t\n\n\t<div class=\"box has-hover   has-hover box-text-bottom\" >\n\n\t\t<div class=\"box-image\" >\n\t\t\t<a href=\"https:\/\/wingsdustcontrol.com.br\/usinagem-e-calderaria\/\"  >\t\t\t<div class=\"image-cover\" style=\"padding-top:255px;\">\n\t\t\t\t<img loading=\"lazy\" decoding=\"async\" width=\"296\" height=\"194\" src=\"https:\/\/wingsdustcontrol.com.br\/wp-content\/uploads\/2021\/03\/usinagem2.png\" class=\"attachment- size-\" alt=\"Usinagem e calderaria Wings Ltda\" \/>\t\t\t\t\t\t\t\t\t\t\t<\/div>\n\t\t\t<\/a>\t\t<\/div>\n\n\t\t<div class=\"box-text text-center\" >\n\t\t\t<div class=\"box-text-inner\">\n\t\t\t\t\n\n<h4>USINAGEM<\/h4>\n<p>SERVI\u00c7OS<\/p>\n\n\t\t\t<\/div>\n\t\t<\/div>\n\t<\/div>\n\t\n\n\t\t<\/div>\n\t\t\t\t\t<\/div>\n\n\t\n\n<\/div>\n\n\t\t<\/div>\n\t\t\t\t\t<\/div>\n\n\t\n\n<\/div>\n\n","protected":false},"excerpt":{"rendered":"","protected":false},"author":1,"featured_media":2973,"parent":0,"menu_order":0,"comment_status":"closed","ping_status":"closed","template":"","meta":{"footnotes":""},"class_list":["post-4949","page","type-page","status-publish","has-post-thumbnail","hentry"],"yoast_head":"<!-- This site is optimized with the Yoast SEO plugin v26.6 - https:\/\/yoast.com\/wordpress\/plugins\/seo\/ -->\n<title>SERVICIOS - Wings Ltda |<\/title>\n<meta name=\"robots\" content=\"index, follow, max-snippet:-1, max-image-preview:large, max-video-preview:-1\" \/>\n<link rel=\"canonical\" href=\"https:\/\/wingsdustcontrol.com.br\/es\/servicos-2\/\" \/>\n<meta property=\"og:locale\" content=\"es_ES\" \/>\n<meta property=\"og:type\" content=\"article\" \/>\n<meta property=\"og:title\" content=\"SERVICIOS - Wings Ltda |\" \/>\n<meta property=\"og:url\" content=\"https:\/\/wingsdustcontrol.com.br\/servicos-2\/\" \/>\n<meta property=\"og:site_name\" content=\"Wings Ltda |\" \/>\n<meta property=\"article:publisher\" content=\"https:\/\/www.facebook.com\/wingsltda\/\" \/>\n<meta property=\"article:modified_time\" content=\"2021-04-28T16:35:53+00:00\" \/>\n<meta property=\"og:image\" content=\"https:\/\/wingsdustcontrol.com.br\/wp-content\/uploads\/2021\/03\/planta-sustentavel.jpg\" \/>\n\t<meta property=\"og:image:width\" content=\"512\" \/>\n\t<meta property=\"og:image:height\" content=\"268\" \/>\n\t<meta property=\"og:image:type\" content=\"image\/jpeg\" \/>\n<meta name=\"twitter:card\" content=\"summary_large_image\" \/>\n<meta name=\"twitter:label1\" content=\"Tiempo de lectura\" \/>\n\t<meta name=\"twitter:data1\" content=\"1 minuto\" \/>\n<script type=\"application\/ld+json\" class=\"yoast-schema-graph\">{\"@context\":\"https:\/\/schema.org\",\"@graph\":[{\"@type\":\"WebPage\",\"@id\":\"https:\/\/wingsdustcontrol.com.br\/servicos-2\/\",\"url\":\"https:\/\/wingsdustcontrol.com.br\/servicos-2\/\",\"name\":\"SERVICIOS - Wings Ltda |\",\"isPartOf\":{\"@id\":\"https:\/\/wingsdustcontrol.com.br\/#website\"},\"primaryImageOfPage\":{\"@id\":\"https:\/\/wingsdustcontrol.com.br\/servicos-2\/#primaryimage\"},\"image\":{\"@id\":\"https:\/\/wingsdustcontrol.com.br\/servicos-2\/#primaryimage\"},\"thumbnailUrl\":\"https:\/\/wingsdustcontrol.com.br\/wp-content\/uploads\/2021\/03\/planta-sustentavel.jpg\",\"datePublished\":\"2021-03-25T13:01:56+00:00\",\"dateModified\":\"2021-04-28T16:35:53+00:00\",\"breadcrumb\":{\"@id\":\"https:\/\/wingsdustcontrol.com.br\/servicos-2\/#breadcrumb\"},\"inLanguage\":\"es\",\"potentialAction\":[{\"@type\":\"ReadAction\",\"target\":[\"https:\/\/wingsdustcontrol.com.br\/servicos-2\/\"]}]},{\"@type\":\"ImageObject\",\"inLanguage\":\"es\",\"@id\":\"https:\/\/wingsdustcontrol.com.br\/servicos-2\/#primaryimage\",\"url\":\"https:\/\/wingsdustcontrol.com.br\/wp-content\/uploads\/2021\/03\/planta-sustentavel.jpg\",\"contentUrl\":\"https:\/\/wingsdustcontrol.com.br\/wp-content\/uploads\/2021\/03\/planta-sustentavel.jpg\",\"width\":512,\"height\":268,\"caption\":\"Plantio sustent\u00e1vel,\"},{\"@type\":\"BreadcrumbList\",\"@id\":\"https:\/\/wingsdustcontrol.com.br\/servicos-2\/#breadcrumb\",\"itemListElement\":[{\"@type\":\"ListItem\",\"position\":1,\"name\":\"In\u00edcio\",\"item\":\"https:\/\/wingsdustcontrol.com.br\/\"},{\"@type\":\"ListItem\",\"position\":2,\"name\":\"SERVICIOS\"}]},{\"@type\":\"WebSite\",\"@id\":\"https:\/\/wingsdustcontrol.com.br\/#website\",\"url\":\"https:\/\/wingsdustcontrol.com.br\/\",\"name\":\"Wings Ltda |\",\"description\":\"Transformando sua opera\u00e7\u00e3o no agro.\",\"publisher\":{\"@id\":\"https:\/\/wingsdustcontrol.com.br\/#organization\"},\"potentialAction\":[{\"@type\":\"SearchAction\",\"target\":{\"@type\":\"EntryPoint\",\"urlTemplate\":\"https:\/\/wingsdustcontrol.com.br\/?s={search_term_string}\"},\"query-input\":{\"@type\":\"PropertyValueSpecification\",\"valueRequired\":true,\"valueName\":\"search_term_string\"}}],\"inLanguage\":\"es\"},{\"@type\":\"Organization\",\"@id\":\"https:\/\/wingsdustcontrol.com.br\/#organization\",\"name\":\"Wings Ltda\",\"url\":\"https:\/\/wingsdustcontrol.com.br\/\",\"logo\":{\"@type\":\"ImageObject\",\"inLanguage\":\"es\",\"@id\":\"https:\/\/wingsdustcontrol.com.br\/#\/schema\/logo\/image\/\",\"url\":\"https:\/\/wingsdustcontrol.com.br\/wp-content\/uploads\/2021\/11\/Wings-Logo-A1-e1664037880754.png\",\"contentUrl\":\"https:\/\/wingsdustcontrol.com.br\/wp-content\/uploads\/2021\/11\/Wings-Logo-A1-e1664037880754.png\",\"width\":1089,\"height\":356,\"caption\":\"Wings Ltda\"},\"image\":{\"@id\":\"https:\/\/wingsdustcontrol.com.br\/#\/schema\/logo\/image\/\"},\"sameAs\":[\"https:\/\/www.facebook.com\/wingsltda\/\",\"https:\/\/www.linkedin.com\/company\/wingsltda\/\",\"https:\/\/www.youtube.com\/channel\/UC2XSL5EljSgDh-pwalcPLLA\"]}]}<\/script>\n<!-- \/ Yoast SEO plugin. -->","yoast_head_json":{"title":"SERVICIOS - Wings Ltda |","robots":{"index":"index","follow":"follow","max-snippet":"max-snippet:-1","max-image-preview":"max-image-preview:large","max-video-preview":"max-video-preview:-1"},"canonical":"https:\/\/wingsdustcontrol.com.br\/es\/servicos-2\/","og_locale":"es_ES","og_type":"article","og_title":"SERVICIOS - Wings Ltda |","og_url":"https:\/\/wingsdustcontrol.com.br\/servicos-2\/","og_site_name":"Wings Ltda |","article_publisher":"https:\/\/www.facebook.com\/wingsltda\/","article_modified_time":"2021-04-28T16:35:53+00:00","og_image":[{"width":512,"height":268,"url":"https:\/\/wingsdustcontrol.com.br\/wp-content\/uploads\/2021\/03\/planta-sustentavel.jpg","type":"image\/jpeg"}],"twitter_card":"summary_large_image","twitter_misc":{"Tiempo de lectura":"1 minuto"},"schema":{"@context":"https:\/\/schema.org","@graph":[{"@type":"WebPage","@id":"https:\/\/wingsdustcontrol.com.br\/servicos-2\/","url":"https:\/\/wingsdustcontrol.com.br\/servicos-2\/","name":"SERVICIOS - Wings Ltda |","isPartOf":{"@id":"https:\/\/wingsdustcontrol.com.br\/#website"},"primaryImageOfPage":{"@id":"https:\/\/wingsdustcontrol.com.br\/servicos-2\/#primaryimage"},"image":{"@id":"https:\/\/wingsdustcontrol.com.br\/servicos-2\/#primaryimage"},"thumbnailUrl":"https:\/\/wingsdustcontrol.com.br\/wp-content\/uploads\/2021\/03\/planta-sustentavel.jpg","datePublished":"2021-03-25T13:01:56+00:00","dateModified":"2021-04-28T16:35:53+00:00","breadcrumb":{"@id":"https:\/\/wingsdustcontrol.com.br\/servicos-2\/#breadcrumb"},"inLanguage":"es","potentialAction":[{"@type":"ReadAction","target":["https:\/\/wingsdustcontrol.com.br\/servicos-2\/"]}]},{"@type":"ImageObject","inLanguage":"es","@id":"https:\/\/wingsdustcontrol.com.br\/servicos-2\/#primaryimage","url":"https:\/\/wingsdustcontrol.com.br\/wp-content\/uploads\/2021\/03\/planta-sustentavel.jpg","contentUrl":"https:\/\/wingsdustcontrol.com.br\/wp-content\/uploads\/2021\/03\/planta-sustentavel.jpg","width":512,"height":268,"caption":"Plantio sustent\u00e1vel,"},{"@type":"BreadcrumbList","@id":"https:\/\/wingsdustcontrol.com.br\/servicos-2\/#breadcrumb","itemListElement":[{"@type":"ListItem","position":1,"name":"In\u00edcio","item":"https:\/\/wingsdustcontrol.com.br\/"},{"@type":"ListItem","position":2,"name":"SERVICIOS"}]},{"@type":"WebSite","@id":"https:\/\/wingsdustcontrol.com.br\/#website","url":"https:\/\/wingsdustcontrol.com.br\/","name":"Wings Ltda |","description":"Transformando sua opera\u00e7\u00e3o no agro.","publisher":{"@id":"https:\/\/wingsdustcontrol.com.br\/#organization"},"potentialAction":[{"@type":"SearchAction","target":{"@type":"EntryPoint","urlTemplate":"https:\/\/wingsdustcontrol.com.br\/?s={search_term_string}"},"query-input":{"@type":"PropertyValueSpecification","valueRequired":true,"valueName":"search_term_string"}}],"inLanguage":"es"},{"@type":"Organization","@id":"https:\/\/wingsdustcontrol.com.br\/#organization","name":"Wings Ltda","url":"https:\/\/wingsdustcontrol.com.br\/","logo":{"@type":"ImageObject","inLanguage":"es","@id":"https:\/\/wingsdustcontrol.com.br\/#\/schema\/logo\/image\/","url":"https:\/\/wingsdustcontrol.com.br\/wp-content\/uploads\/2021\/11\/Wings-Logo-A1-e1664037880754.png","contentUrl":"https:\/\/wingsdustcontrol.com.br\/wp-content\/uploads\/2021\/11\/Wings-Logo-A1-e1664037880754.png","width":1089,"height":356,"caption":"Wings Ltda"},"image":{"@id":"https:\/\/wingsdustcontrol.com.br\/#\/schema\/logo\/image\/"},"sameAs":["https:\/\/www.facebook.com\/wingsltda\/","https:\/\/www.linkedin.com\/company\/wingsltda\/","https:\/\/www.youtube.com\/channel\/UC2XSL5EljSgDh-pwalcPLLA"]}]}},"_links":{"self":[{"href":"https:\/\/wingsdustcontrol.com.br\/es\/wp-json\/wp\/v2\/pages\/4949","targetHints":{"allow":["GET"]}}],"collection":[{"href":"https:\/\/wingsdustcontrol.com.br\/es\/wp-json\/wp\/v2\/pages"}],"about":[{"href":"https:\/\/wingsdustcontrol.com.br\/es\/wp-json\/wp\/v2\/types\/page"}],"author":[{"embeddable":true,"href":"https:\/\/wingsdustcontrol.com.br\/es\/wp-json\/wp\/v2\/users\/1"}],"replies":[{"embeddable":true,"href":"https:\/\/wingsdustcontrol.com.br\/es\/wp-json\/wp\/v2\/comments?post=4949"}],"version-history":[{"count":2,"href":"https:\/\/wingsdustcontrol.com.br\/es\/wp-json\/wp\/v2\/pages\/4949\/revisions"}],"predecessor-version":[{"id":4951,"href":"https:\/\/wingsdustcontrol.com.br\/es\/wp-json\/wp\/v2\/pages\/4949\/revisions\/4951"}],"wp:featuredmedia":[{"embeddable":true,"href":"https:\/\/wingsdustcontrol.com.br\/es\/wp-json\/wp\/v2\/media\/2973"}],"wp:attachment":[{"href":"https:\/\/wingsdustcontrol.com.br\/es\/wp-json\/wp\/v2\/media?parent=4949"}],"curies":[{"name":"wp","href":"https:\/\/api.w.org\/{rel}","templated":true}]}}