{"id":3433,"date":"2021-03-25T09:44:57","date_gmt":"2021-03-25T09:44:57","guid":{"rendered":"https:\/\/wingsdustcontrol.com.br\/?page_id=3433"},"modified":"2024-01-08T09:47:42","modified_gmt":"2024-01-08T12:47:42","slug":"dustcontrol-plus-moega-tombador-despoeiramento-filtro-de-manga","status":"publish","type":"page","link":"https:\/\/wingsdustcontrol.com.br\/pt-br\/dustcontrol-plus-moega-tombador-despoeiramento-filtro-de-manga\/","title":{"rendered":"DUSTCONTROL PLUS"},"content":{"rendered":"\n  <div id=\"page-header-1391108055\" class=\"page-header-wrapper\">\n  <div class=\"page-title dark featured-title\">\n\n        <div class=\"page-title-bg\">\n      <div class=\"title-bg fill bg-fill\"\n        data-parallax-container=\".page-title\"\n        data-parallax-background\n        data-parallax=\"-\">\n      <\/div>\n      <div class=\"title-overlay fill\"><\/div>\n    <\/div>\n    \n    <div class=\"page-title-inner container align-center text-center flex-row-col medium-flex-wrap\" >\n              <div class=\"title-wrapper flex-col\">\n          <h1 class=\"entry-title mb-0\">\n            DUSTCONTROL PLUS          <\/h1>\n        <\/div>\n                    <div class=\"title-content flex-col\">\n              <\/div>\n    <\/div>\n\n     \n<style>\n#page-header-1391108055 .title-bg {\n  background-image: url(https:\/\/wingsdustcontrol.com.br\/wp-content\/uploads\/2021\/03\/adm-santos-sistema-dustcontrol-plus-com-filtro-de-manga-despoeiramento.png);\n}\n<\/style>\n  <\/div>\n    <\/div>\n  \n\n\t<div id=\"gap-1973552192\" class=\"gap-element clearfix\" style=\"display:block; height:auto;\">\n\t\t\n<style>\n#gap-1973552192 {\n  padding-top: 30px;\n}\n<\/style>\n\t<\/div>\n\t\n\n<div class=\"row hide-for-small\"  id=\"row-404205784\">\n\n\n\t<div id=\"col-1221073111\" class=\"col small-12 large-12\"  >\n\t\t\t\t<div class=\"col-inner\"  >\n\t\t\t\n\t\t\t\n\n<div class=\"container section-title-container\" ><h1 class=\"section-title section-title-center\"><b><\/b><span class=\"section-title-main\" style=\"font-size:113%;color:rgb(234, 111, 15);\">DESPOEIRAMENTO EM MOEGAS COM EMISS\u00c3O EXCESSIVA DE P\u00d3<\/span><b><\/b><\/h1><\/div>\n\n\n\t\t<\/div>\n\t\t\t\t\n<style>\n#col-1221073111 > .col-inner {\n  margin: 0px 0px -44px 0px;\n}\n<\/style>\n\t<\/div>\n\n\t\n\n<\/div>\n<div class=\"row\"  id=\"row-795266157\">\n\n\n\t<div id=\"col-2036543885\" class=\"col small-12 large-12\"  >\n\t\t\t\t<div class=\"col-inner\"  >\n\t\t\t\n\t\t\t\n\n<div class=\"container section-title-container show-for-small\" ><h3 class=\"section-title section-title-center\"><b><\/b><span class=\"section-title-main\" style=\"font-size:177%;color:rgb(234, 111, 15);\">DESPOEIRAMENTO EM MOEGAS COM EMISS\u00c3O EXCESSIVA DE P\u00d3<\/span><b><\/b><\/h3><\/div>\n\n\n\t\t<\/div>\n\t\t\t\t\n<style>\n#col-2036543885 > .col-inner {\n  padding: 0px 0px 0px 0px;\n}\n<\/style>\n\t<\/div>\n\n\t\n\n<\/div>\n\t<div id=\"text-970827542\" class=\"text\">\n\t\t\n\n<h1 style=\"text-align: center;\">O&nbsp;<strong>DustControl Mec\u00e2nico&nbsp;<\/strong>+<\/h1>\n\t\t\n<style>\n#text-970827542 {\n  font-size: 1.25rem;\n  line-height: 0.75;\n  color: #3a5e21;\n}\n#text-970827542 > * {\n  color: #3a5e21;\n}\n<\/style>\n\t<\/div>\n\t\n\t<div id=\"text-404165326\" class=\"text\">\n\t\t\n\n<h1 style=\"text-align: center;\">Um filtro de baixo consumo energ\u00e9tico<\/h1>\n\t\t\n<style>\n#text-404165326 {\n  font-size: 1.3rem;\n}\n<\/style>\n\t<\/div>\n\t\n\t<div id=\"gap-134951328\" class=\"gap-element clearfix\" style=\"display:block; height:auto;\">\n\t\t\n<style>\n#gap-134951328 {\n  padding-top: 30px;\n}\n<\/style>\n\t<\/div>\n\t\n\n<div class=\"row align-center\"  id=\"row-439026903\">\n\n\n\t<div id=\"col-208322063\" class=\"col medium-4 small-12 large-4\"  >\n\t\t\t\t<div class=\"col-inner\"  >\n\t\t\t\n\t\t\t\n\n\t<div id=\"text-3490990106\" class=\"text\">\n\t\t\n\n<h3 style=\"text-align: left;\">\u2022 Todos os benef\u00edcios do DustControl Mec\u00e2nico com um filtro para captar o p\u00f3 acima da grade;<\/h3>\n<h3><!--more--><\/h3>\n<h3 style=\"text-align: left;\">\u2022 Cuida do meio ambiente;<\/h3>\n<h3 style=\"text-align: left;\">\u2022 Protege a sa\u00fade de seus funcion\u00e1rios;<\/h3>\n<h3 style=\"text-align: left;\">\u2022 Reduz os riscos de explos\u00e3o em sua moega;<\/h3>\n<h3 style=\"text-align: left;\">\u2022 N\u00e3o precisa de enclausuramento;<\/h3>\n\t\t\n<style>\n#text-3490990106 {\n  color: #3a5e21;\n}\n#text-3490990106 > * {\n  color: #3a5e21;\n}\n<\/style>\n\t<\/div>\n\t\n<div class=\"social-icons follow-icons\" ><a href=\"https:\/\/www.facebook.com\/wingsltda\" target=\"_blank\" data-label=\"Facebook\" rel=\"noopener noreferrer nofollow\" class=\"icon button circle is-outline facebook tooltip\" title=\"Follow on Facebook\" aria-label=\"Follow on Facebook\"><i class=\"icon-facebook\" ><\/i><\/a><a href=\"mailto:mailto:contato@wingsdustcontrol.com.br\" data-label=\"E-mail\" rel=\"nofollow\" class=\"icon button circle is-outline  email tooltip\" title=\"Envie-nos um email\" aria-label=\"Envie-nos um email\"><i class=\"icon-envelop\" ><\/i><\/a><a href=\"tel:(11) 4789-4070\" target=\"_blank\" data-label=\"Phone\" rel=\"noopener noreferrer nofollow\" class=\"icon button circle is-outline  phone tooltip\" title=\"Call us\" aria-label=\"Call us\"><i class=\"icon-phone\" ><\/i><\/a><a href=\"https:\/\/www.linkedin.com\/company\/wingsltda\/\" target=\"_blank\" rel=\"noopener noreferrer nofollow\" data-label=\"LinkedIn\" class=\"icon button circle is-outline  linkedin tooltip\" title=\"Follow on LinkedIn\" aria-label=\"Follow on LinkedIn\"><i class=\"icon-linkedin\" ><\/i><\/a><\/div>\n\n\n\t\t<\/div>\n\t\t\t\t\t<\/div>\n\n\t\n\n\t<div id=\"col-1584568254\" class=\"col medium-3 small-12 large-3\"  >\n\t\t\t\t<div class=\"col-inner\"  >\n\t\t\t\n\t\t\t\n\n\t<div class=\"img has-hover x md-x lg-x y md-y lg-y\" id=\"image_2043762152\">\n\t\t<a class=\"\" href=\"https:\/\/wingsdustcontrol.com.br\/sera-que-os-flaps-sao-a-melhor-opcao-para-despoeiramento-em-moegas-de-graos\/\" target=\"_blank\" rel=\"noopener noreferrer\" >\t\t\t\t\t\t<div class=\"img-inner dark\" >\n\t\t\t<img loading=\"lazy\" decoding=\"async\" width=\"400\" height=\"250\" src=\"https:\/\/wingsdustcontrol.com.br\/wp-content\/uploads\/2022\/12\/E-o-Flap-Sera-que-funciona-400-\u00d7-250-px-1-1.png\" class=\"attachment-large size-large\" alt=\"\" \/>\t\t\t\t\t\t\n\t\t\t\t\t<\/div>\n\t\t\t\t\t\t<\/a>\t\t\n<style>\n#image_2043762152 {\n  width: 100%;\n}\n<\/style>\n\t<\/div>\n\t\n\n\n\t\t<\/div>\n\t\t\t\t\t<\/div>\n\n\t\n\n\t<div id=\"col-2130458108\" class=\"col medium-5 small-12 large-5\"  >\n\t\t\t\t<div class=\"col-inner\"  >\n\t\t\t\n\t\t\t\n\n<div class=\"container section-title-container\" ><h3 class=\"section-title section-title-normal\"><b><\/b><span class=\"section-title-main\" >DIMINUI OS RISCOS DE EXPLOS\u00d5ES<\/span><b><\/b><\/h3><\/div>\n\n<div class=\"video video-fit mb\" style=\"padding-top:56.25%;\"><iframe loading=\"lazy\" title=\"DustControl Wings | Diminuindo os riscos de explos\u00f5es em armaz\u00e9ns\" width=\"1020\" height=\"574\" src=\"https:\/\/www.youtube.com\/embed\/u861dGoPmK8?feature=oembed\" frameborder=\"0\" allow=\"accelerometer; autoplay; clipboard-write; encrypted-media; gyroscope; picture-in-picture; web-share\" allowfullscreen><\/iframe><\/div>\n\n\n\t\t<\/div>\n\t\t\t\t\t<\/div>\n\n\t\n\n\t<div id=\"col-1068660272\" class=\"col small-12 large-12\"  >\n\t\t\t\t<div class=\"col-inner\"  >\n\t\t\t\n\t\t\t\n\n\t<div id=\"text-3270436639\" class=\"text\">\n\t\t\n\n<h3 style=\"text-align: justify;\">Existem moegas que, devido ao tipo de produto que recebem ou \u00e0s particularidades da constru\u00e7\u00e3o, acabam gerando um excesso de poeira acima da grade, o que \u00e9 dif\u00edcil de controlar. A solu\u00e7\u00e3o \u00e9 acoplar um filtro de baixo consumo energ\u00e9tico ao DustControl Mec\u00e2nico para fazer um despoeiramento mais completo.<\/h3>\n<h3 style=\"text-align: justify;\">Numa moega sem <a href=\"https:\/\/wingsdustcontrol.com.br\/2021\/01\/27\/saiba-mais-sobre-a-importancia-do-despoeiramento-nas-moegas\/\">DustControl<\/a>, uma grande quantidade de ar \u00e9 ejetada no edif\u00edcio a uma alta velocidade, levantando, tamb\u00e9m, poeira acima da grade.<\/h3>\n<h3 style=\"text-align: justify;\">O DustControl Mec\u00e2nico controla a emiss\u00e3o desse ar que sai da moega por meio da redu\u00e7\u00e3o de sua velocidade. Portanto, o ar sai limpo da moega, a uma velocidade mais lenta e n\u00e3o espalha o p\u00f3 acima da grade.<\/h3>\n<h3 style=\"text-align: justify;\">Quando a moega apresenta excesso de poeira acima da grade ou quando a empresa tem padr\u00f5es de limpeza mais rigorosos, a Wings oferece o DustControl Mec\u00e2nico PLUS, ao qual \u00e9 acoplado um filtro de baixo consumo energ\u00e9tico com a tubula\u00e7\u00e3o direcionada para dentro da moega a fim de criar uma press\u00e3o negativa e aspirar para dentro o p\u00f3 que est\u00e1 acima da grade.<\/h3>\n<h3 style=\"text-align: justify;\">O <a href=\"https:\/\/wingsdustcontrol.com.br\/2021\/01\/27\/saiba-mais-sobre-a-importancia-do-despoeiramento-nas-moegas\/\">DustControl<\/a> mant\u00e9m o p\u00f3 dentro da moega junto com o produto e impede que o ar que est\u00e1 sendo expulso da moega espalhe o p\u00f3 acima da grade, enquanto o filtro aspira o p\u00f3 acima da grade para dentro da moega.<\/h3>\n\t\t\n<style>\n#text-3270436639 {\n  color: rgb(0,0,0);\n}\n#text-3270436639 > * {\n  color: rgb(0,0,0);\n}\n<\/style>\n\t<\/div>\n\t\n\n\t\t<\/div>\n\t\t\t\t\t<\/div>\n\n\t\n\n<\/div>\n<div class=\"row\"  id=\"row-2072716482\">\n\n\n\t<div id=\"col-1209319827\" class=\"col small-12 large-12\"  >\n\t\t\t\t<div class=\"col-inner\"  >\n\t\t\t\n\t\t\t\n\n\t<div class=\"img has-hover x md-x lg-x y md-y lg-y\" id=\"image_1933590888\">\n\t\t\t\t\t\t\t\t<div class=\"img-inner dark\" >\n\t\t\t<img loading=\"lazy\" decoding=\"async\" width=\"800\" height=\"300\" src=\"https:\/\/wingsdustcontrol.com.br\/wp-content\/uploads\/2021\/04\/DustControl-Plus-Wings-Ltda-em-uma-moega-com-tombador.png\" class=\"attachment-large size-large\" alt=\"DustControl Plus Wings Ltda em uma moega com tombador\" srcset=\"https:\/\/wingsdustcontrol.com.br\/wp-content\/uploads\/2021\/04\/DustControl-Plus-Wings-Ltda-em-uma-moega-com-tombador.png 800w, https:\/\/wingsdustcontrol.com.br\/wp-content\/uploads\/2021\/04\/DustControl-Plus-Wings-Ltda-em-uma-moega-com-tombador-768x288.png 768w, https:\/\/wingsdustcontrol.com.br\/wp-content\/uploads\/2021\/04\/DustControl-Plus-Wings-Ltda-em-uma-moega-com-tombador-600x225.png 600w\" sizes=\"auto, (max-width: 800px) 100vw, 800px\" \/>\t\t\t\t\t\t\n\t\t\t\t\t<\/div>\n\t\t\t\t\t\t\t\t\n<style>\n#image_1933590888 {\n  width: 100%;\n}\n<\/style>\n\t<\/div>\n\t\n\n\n\t\t<\/div>\n\t\t\t\t\t<\/div>\n\n\t\n\n<\/div>\n<div class=\"text-center\"><div class=\"is-divider divider clearfix\" style=\"max-width:316px;\"><\/div><\/div>\n\n<div class=\"container section-title-container\" ><h3 class=\"section-title section-title-normal\"><b><\/b><span class=\"section-title-main\" >Produtos Relacionados<\/span><b><\/b><\/h3><\/div>\n\n<div class=\"row\"  id=\"row-116062062\">\n\n\n\t<div id=\"col-1556250359\" class=\"col small-12 large-12\"  >\n\t\t\t\t<div class=\"col-inner\"  >\n\t\t\t\n\t\t\t\n\n\t<div class=\"box has-hover   has-hover box-text-bottom\" >\n\n\t\t<div class=\"box-image\" style=\"width:35%;\">\n\t\t\t<a href=\"https:\/\/wingsdustcontrol.com.br\/dustcontrol-mecanico\/\"  >\t\t\t<div class=\"\" >\n\t\t\t\t<img loading=\"lazy\" decoding=\"async\" width=\"373\" height=\"400\" src=\"https:\/\/wingsdustcontrol.com.br\/wp-content\/uploads\/2020\/09\/Dust-Control-Mecanico-373x400-1.png\" class=\"attachment- size-\" alt=\"DustControl Mec\u00e2nico da Wings Ltda\" \/>\t\t\t\t\t\t\t\t\t\t\t<\/div>\n\t\t\t<\/a>\t\t<\/div>\n\n\t\t<div class=\"box-text text-center\" >\n\t\t\t<div class=\"box-text-inner\">\n\t\t\t\t\n\n<h4>DUSTCONTROL MEC\u00c2NICO<\/h4>\n<p>DUSTCONTROL<\/p>\n\n\t\t\t<\/div>\n\t\t<\/div>\n\t<\/div>\n\t\n\n\t\t<\/div>\n\t\t\t\t\t<\/div>\n\n\t\n\n<\/div>\n\n","protected":false},"excerpt":{"rendered":"","protected":false},"author":1,"featured_media":2708,"parent":0,"menu_order":0,"comment_status":"closed","ping_status":"closed","template":"page-blank.php","meta":{"footnotes":""},"class_list":["post-3433","page","type-page","status-publish","has-post-thumbnail","hentry"],"yoast_head":"<!-- This site is optimized with the Yoast SEO plugin v26.6 - https:\/\/yoast.com\/wordpress\/plugins\/seo\/ -->\n<title>DUSTCONTROL PLUS - Wings Ltda |<\/title>\n<meta name=\"description\" content=\"Quando sua moega tem um excesso de p\u00f3, pode acoplar um pequeno filtro de manga ao DustControl para impedir a sa\u00edda de p\u00f3 e aspirar a poeira acima da moega. Sistema autom\u00e1tico indicado para controlar poeira em moegas de recebimento com tombador.\" \/>\n<meta name=\"robots\" content=\"index, follow, max-snippet:-1, max-image-preview:large, max-video-preview:-1\" \/>\n<link rel=\"canonical\" href=\"https:\/\/wingsdustcontrol.com.br\/pt-br\/dustcontrol-plus-moega-tombador-despoeiramento-filtro-de-manga\/\" \/>\n<meta property=\"og:locale\" content=\"pt_BR\" \/>\n<meta property=\"og:type\" content=\"article\" \/>\n<meta property=\"og:title\" content=\"DUSTCONTROL PLUS - Wings Ltda |\" \/>\n<meta property=\"og:description\" content=\"Quando sua moega tem um excesso de p\u00f3, pode acoplar um pequeno filtro de manga ao DustControl para impedir a sa\u00edda de p\u00f3 e aspirar a poeira acima da moega. Sistema autom\u00e1tico indicado para controlar poeira em moegas de recebimento com tombador.\" \/>\n<meta property=\"og:url\" content=\"https:\/\/wingsdustcontrol.com.br\/dustcontrol-plus-moega-tombador-despoeiramento-filtro-de-manga\/\" \/>\n<meta property=\"og:site_name\" content=\"Wings Ltda |\" \/>\n<meta property=\"article:publisher\" content=\"https:\/\/www.facebook.com\/wingsltda\/\" \/>\n<meta property=\"article:modified_time\" content=\"2024-01-08T12:47:42+00:00\" \/>\n<meta property=\"og:image\" content=\"https:\/\/wingsdustcontrol.com.br\/wp-content\/uploads\/2021\/03\/adm-santos-sistema-dustcontrol-plus-com-filtro-de-manga-despoeiramento.png\" \/>\n\t<meta property=\"og:image:width\" content=\"780\" \/>\n\t<meta property=\"og:image:height\" content=\"651\" \/>\n\t<meta property=\"og:image:type\" content=\"image\/png\" \/>\n<meta name=\"twitter:card\" content=\"summary_large_image\" \/>\n<meta name=\"twitter:label1\" content=\"Est. tempo de leitura\" \/>\n\t<meta name=\"twitter:data1\" content=\"1 minuto\" \/>\n<script type=\"application\/ld+json\" class=\"yoast-schema-graph\">{\"@context\":\"https:\/\/schema.org\",\"@graph\":[{\"@type\":\"WebPage\",\"@id\":\"https:\/\/wingsdustcontrol.com.br\/dustcontrol-plus-moega-tombador-despoeiramento-filtro-de-manga\/\",\"url\":\"https:\/\/wingsdustcontrol.com.br\/dustcontrol-plus-moega-tombador-despoeiramento-filtro-de-manga\/\",\"name\":\"DUSTCONTROL PLUS - Wings Ltda |\",\"isPartOf\":{\"@id\":\"https:\/\/wingsdustcontrol.com.br\/#website\"},\"primaryImageOfPage\":{\"@id\":\"https:\/\/wingsdustcontrol.com.br\/dustcontrol-plus-moega-tombador-despoeiramento-filtro-de-manga\/#primaryimage\"},\"image\":{\"@id\":\"https:\/\/wingsdustcontrol.com.br\/dustcontrol-plus-moega-tombador-despoeiramento-filtro-de-manga\/#primaryimage\"},\"thumbnailUrl\":\"https:\/\/wingsdustcontrol.com.br\/wp-content\/uploads\/2021\/03\/adm-santos-sistema-dustcontrol-plus-com-filtro-de-manga-despoeiramento.png\",\"datePublished\":\"2021-03-25T09:44:57+00:00\",\"dateModified\":\"2024-01-08T12:47:42+00:00\",\"description\":\"Quando sua moega tem um excesso de p\u00f3, pode acoplar um pequeno filtro de manga ao DustControl para impedir a sa\u00edda de p\u00f3 e aspirar a poeira acima da moega. Sistema autom\u00e1tico indicado para controlar poeira em moegas de recebimento com tombador.\",\"breadcrumb\":{\"@id\":\"https:\/\/wingsdustcontrol.com.br\/dustcontrol-plus-moega-tombador-despoeiramento-filtro-de-manga\/#breadcrumb\"},\"inLanguage\":\"pt-BR\",\"potentialAction\":[{\"@type\":\"ReadAction\",\"target\":[\"https:\/\/wingsdustcontrol.com.br\/dustcontrol-plus-moega-tombador-despoeiramento-filtro-de-manga\/\"]}]},{\"@type\":\"ImageObject\",\"inLanguage\":\"pt-BR\",\"@id\":\"https:\/\/wingsdustcontrol.com.br\/dustcontrol-plus-moega-tombador-despoeiramento-filtro-de-manga\/#primaryimage\",\"url\":\"https:\/\/wingsdustcontrol.com.br\/wp-content\/uploads\/2021\/03\/adm-santos-sistema-dustcontrol-plus-com-filtro-de-manga-despoeiramento.png\",\"contentUrl\":\"https:\/\/wingsdustcontrol.com.br\/wp-content\/uploads\/2021\/03\/adm-santos-sistema-dustcontrol-plus-com-filtro-de-manga-despoeiramento.png\",\"width\":780,\"height\":651,\"caption\":\"ADM Santos DustControl PLUS da Wings com filtro de manga acoplado\"},{\"@type\":\"BreadcrumbList\",\"@id\":\"https:\/\/wingsdustcontrol.com.br\/dustcontrol-plus-moega-tombador-despoeiramento-filtro-de-manga\/#breadcrumb\",\"itemListElement\":[{\"@type\":\"ListItem\",\"position\":1,\"name\":\"In\u00edcio\",\"item\":\"https:\/\/wingsdustcontrol.com.br\/\"},{\"@type\":\"ListItem\",\"position\":2,\"name\":\"DUSTCONTROL PLUS\"}]},{\"@type\":\"WebSite\",\"@id\":\"https:\/\/wingsdustcontrol.com.br\/#website\",\"url\":\"https:\/\/wingsdustcontrol.com.br\/\",\"name\":\"Wings Ltda |\",\"description\":\"Transformando sua opera\u00e7\u00e3o no agro.\",\"publisher\":{\"@id\":\"https:\/\/wingsdustcontrol.com.br\/#organization\"},\"potentialAction\":[{\"@type\":\"SearchAction\",\"target\":{\"@type\":\"EntryPoint\",\"urlTemplate\":\"https:\/\/wingsdustcontrol.com.br\/?s={search_term_string}\"},\"query-input\":{\"@type\":\"PropertyValueSpecification\",\"valueRequired\":true,\"valueName\":\"search_term_string\"}}],\"inLanguage\":\"pt-BR\"},{\"@type\":\"Organization\",\"@id\":\"https:\/\/wingsdustcontrol.com.br\/#organization\",\"name\":\"Wings Ltda\",\"url\":\"https:\/\/wingsdustcontrol.com.br\/\",\"logo\":{\"@type\":\"ImageObject\",\"inLanguage\":\"pt-BR\",\"@id\":\"https:\/\/wingsdustcontrol.com.br\/#\/schema\/logo\/image\/\",\"url\":\"https:\/\/wingsdustcontrol.com.br\/wp-content\/uploads\/2021\/11\/Wings-Logo-A1-e1664037880754.png\",\"contentUrl\":\"https:\/\/wingsdustcontrol.com.br\/wp-content\/uploads\/2021\/11\/Wings-Logo-A1-e1664037880754.png\",\"width\":1089,\"height\":356,\"caption\":\"Wings Ltda\"},\"image\":{\"@id\":\"https:\/\/wingsdustcontrol.com.br\/#\/schema\/logo\/image\/\"},\"sameAs\":[\"https:\/\/www.facebook.com\/wingsltda\/\",\"https:\/\/www.linkedin.com\/company\/wingsltda\/\",\"https:\/\/www.youtube.com\/channel\/UC2XSL5EljSgDh-pwalcPLLA\"]}]}<\/script>\n<!-- \/ Yoast SEO plugin. -->","yoast_head_json":{"title":"DUSTCONTROL PLUS - Wings Ltda |","description":"Quando sua moega tem um excesso de p\u00f3, pode acoplar um pequeno filtro de manga ao DustControl para impedir a sa\u00edda de p\u00f3 e aspirar a poeira acima da moega. Sistema autom\u00e1tico indicado para controlar poeira em moegas de recebimento com tombador.","robots":{"index":"index","follow":"follow","max-snippet":"max-snippet:-1","max-image-preview":"max-image-preview:large","max-video-preview":"max-video-preview:-1"},"canonical":"https:\/\/wingsdustcontrol.com.br\/pt-br\/dustcontrol-plus-moega-tombador-despoeiramento-filtro-de-manga\/","og_locale":"pt_BR","og_type":"article","og_title":"DUSTCONTROL PLUS - Wings Ltda |","og_description":"Quando sua moega tem um excesso de p\u00f3, pode acoplar um pequeno filtro de manga ao DustControl para impedir a sa\u00edda de p\u00f3 e aspirar a poeira acima da moega. Sistema autom\u00e1tico indicado para controlar poeira em moegas de recebimento com tombador.","og_url":"https:\/\/wingsdustcontrol.com.br\/dustcontrol-plus-moega-tombador-despoeiramento-filtro-de-manga\/","og_site_name":"Wings Ltda |","article_publisher":"https:\/\/www.facebook.com\/wingsltda\/","article_modified_time":"2024-01-08T12:47:42+00:00","og_image":[{"width":780,"height":651,"url":"https:\/\/wingsdustcontrol.com.br\/wp-content\/uploads\/2021\/03\/adm-santos-sistema-dustcontrol-plus-com-filtro-de-manga-despoeiramento.png","type":"image\/png"}],"twitter_card":"summary_large_image","twitter_misc":{"Est. tempo de leitura":"1 minuto"},"schema":{"@context":"https:\/\/schema.org","@graph":[{"@type":"WebPage","@id":"https:\/\/wingsdustcontrol.com.br\/dustcontrol-plus-moega-tombador-despoeiramento-filtro-de-manga\/","url":"https:\/\/wingsdustcontrol.com.br\/dustcontrol-plus-moega-tombador-despoeiramento-filtro-de-manga\/","name":"DUSTCONTROL PLUS - Wings Ltda |","isPartOf":{"@id":"https:\/\/wingsdustcontrol.com.br\/#website"},"primaryImageOfPage":{"@id":"https:\/\/wingsdustcontrol.com.br\/dustcontrol-plus-moega-tombador-despoeiramento-filtro-de-manga\/#primaryimage"},"image":{"@id":"https:\/\/wingsdustcontrol.com.br\/dustcontrol-plus-moega-tombador-despoeiramento-filtro-de-manga\/#primaryimage"},"thumbnailUrl":"https:\/\/wingsdustcontrol.com.br\/wp-content\/uploads\/2021\/03\/adm-santos-sistema-dustcontrol-plus-com-filtro-de-manga-despoeiramento.png","datePublished":"2021-03-25T09:44:57+00:00","dateModified":"2024-01-08T12:47:42+00:00","description":"Quando sua moega tem um excesso de p\u00f3, pode acoplar um pequeno filtro de manga ao DustControl para impedir a sa\u00edda de p\u00f3 e aspirar a poeira acima da moega. Sistema autom\u00e1tico indicado para controlar poeira em moegas de recebimento com tombador.","breadcrumb":{"@id":"https:\/\/wingsdustcontrol.com.br\/dustcontrol-plus-moega-tombador-despoeiramento-filtro-de-manga\/#breadcrumb"},"inLanguage":"pt-BR","potentialAction":[{"@type":"ReadAction","target":["https:\/\/wingsdustcontrol.com.br\/dustcontrol-plus-moega-tombador-despoeiramento-filtro-de-manga\/"]}]},{"@type":"ImageObject","inLanguage":"pt-BR","@id":"https:\/\/wingsdustcontrol.com.br\/dustcontrol-plus-moega-tombador-despoeiramento-filtro-de-manga\/#primaryimage","url":"https:\/\/wingsdustcontrol.com.br\/wp-content\/uploads\/2021\/03\/adm-santos-sistema-dustcontrol-plus-com-filtro-de-manga-despoeiramento.png","contentUrl":"https:\/\/wingsdustcontrol.com.br\/wp-content\/uploads\/2021\/03\/adm-santos-sistema-dustcontrol-plus-com-filtro-de-manga-despoeiramento.png","width":780,"height":651,"caption":"ADM Santos DustControl PLUS da Wings com filtro de manga acoplado"},{"@type":"BreadcrumbList","@id":"https:\/\/wingsdustcontrol.com.br\/dustcontrol-plus-moega-tombador-despoeiramento-filtro-de-manga\/#breadcrumb","itemListElement":[{"@type":"ListItem","position":1,"name":"In\u00edcio","item":"https:\/\/wingsdustcontrol.com.br\/"},{"@type":"ListItem","position":2,"name":"DUSTCONTROL PLUS"}]},{"@type":"WebSite","@id":"https:\/\/wingsdustcontrol.com.br\/#website","url":"https:\/\/wingsdustcontrol.com.br\/","name":"Wings Ltda |","description":"Transformando sua opera\u00e7\u00e3o no agro.","publisher":{"@id":"https:\/\/wingsdustcontrol.com.br\/#organization"},"potentialAction":[{"@type":"SearchAction","target":{"@type":"EntryPoint","urlTemplate":"https:\/\/wingsdustcontrol.com.br\/?s={search_term_string}"},"query-input":{"@type":"PropertyValueSpecification","valueRequired":true,"valueName":"search_term_string"}}],"inLanguage":"pt-BR"},{"@type":"Organization","@id":"https:\/\/wingsdustcontrol.com.br\/#organization","name":"Wings Ltda","url":"https:\/\/wingsdustcontrol.com.br\/","logo":{"@type":"ImageObject","inLanguage":"pt-BR","@id":"https:\/\/wingsdustcontrol.com.br\/#\/schema\/logo\/image\/","url":"https:\/\/wingsdustcontrol.com.br\/wp-content\/uploads\/2021\/11\/Wings-Logo-A1-e1664037880754.png","contentUrl":"https:\/\/wingsdustcontrol.com.br\/wp-content\/uploads\/2021\/11\/Wings-Logo-A1-e1664037880754.png","width":1089,"height":356,"caption":"Wings Ltda"},"image":{"@id":"https:\/\/wingsdustcontrol.com.br\/#\/schema\/logo\/image\/"},"sameAs":["https:\/\/www.facebook.com\/wingsltda\/","https:\/\/www.linkedin.com\/company\/wingsltda\/","https:\/\/www.youtube.com\/channel\/UC2XSL5EljSgDh-pwalcPLLA"]}]}},"_links":{"self":[{"href":"https:\/\/wingsdustcontrol.com.br\/pt-br\/wp-json\/wp\/v2\/pages\/3433","targetHints":{"allow":["GET"]}}],"collection":[{"href":"https:\/\/wingsdustcontrol.com.br\/pt-br\/wp-json\/wp\/v2\/pages"}],"about":[{"href":"https:\/\/wingsdustcontrol.com.br\/pt-br\/wp-json\/wp\/v2\/types\/page"}],"author":[{"embeddable":true,"href":"https:\/\/wingsdustcontrol.com.br\/pt-br\/wp-json\/wp\/v2\/users\/1"}],"replies":[{"embeddable":true,"href":"https:\/\/wingsdustcontrol.com.br\/pt-br\/wp-json\/wp\/v2\/comments?post=3433"}],"version-history":[{"count":40,"href":"https:\/\/wingsdustcontrol.com.br\/pt-br\/wp-json\/wp\/v2\/pages\/3433\/revisions"}],"predecessor-version":[{"id":23226,"href":"https:\/\/wingsdustcontrol.com.br\/pt-br\/wp-json\/wp\/v2\/pages\/3433\/revisions\/23226"}],"wp:featuredmedia":[{"embeddable":true,"href":"https:\/\/wingsdustcontrol.com.br\/pt-br\/wp-json\/wp\/v2\/media\/2708"}],"wp:attachment":[{"href":"https:\/\/wingsdustcontrol.com.br\/pt-br\/wp-json\/wp\/v2\/media?parent=3433"}],"curies":[{"name":"wp","href":"https:\/\/api.w.org\/{rel}","templated":true}]}}