{"id":3462,"date":"2021-03-25T11:57:57","date_gmt":"2021-03-25T11:57:57","guid":{"rendered":"https:\/\/wingsdustcontrol.com.br\/?page_id=3462"},"modified":"2023-06-29T11:47:19","modified_gmt":"2023-06-29T11:47:19","slug":"avi-beaker-debicador-automatico-aves-pintinhos","status":"publish","type":"page","link":"https:\/\/wingsdustcontrol.com.br\/pt-br\/avi-beaker-debicador-automatico-aves-pintinhos\/","title":{"rendered":"AVI BEAKER"},"content":{"rendered":"\n<div class=\"row\"  id=\"row-1388862726\">\n\n\n\t<div id=\"col-2123140757\" class=\"col small-12 large-12\"  >\n\t\t\t\t<div class=\"col-inner text-center\"  >\n\t\t\t\n\t\t\t\n\n\t<div class=\"img has-hover x md-x lg-x y md-y lg-y\" id=\"image_705519377\">\n\t\t\t\t\t\t\t\t<div class=\"img-inner dark\" >\n\t\t\t<img loading=\"lazy\" decoding=\"async\" width=\"800\" height=\"800\" src=\"https:\/\/wingsdustcontrol.com.br\/wp-content\/uploads\/2021\/03\/avibeackerproduto-800x800.png\" class=\"attachment-large size-large\" alt=\"Debicador autom\u00e1tico para pintinhos\" srcset=\"https:\/\/wingsdustcontrol.com.br\/wp-content\/uploads\/2021\/03\/avibeackerproduto-800x800.png 800w, https:\/\/wingsdustcontrol.com.br\/wp-content\/uploads\/2021\/03\/avibeackerproduto-400x400.png 400w, https:\/\/wingsdustcontrol.com.br\/wp-content\/uploads\/2021\/03\/avibeackerproduto-280x280.png 280w, https:\/\/wingsdustcontrol.com.br\/wp-content\/uploads\/2021\/03\/avibeackerproduto-768x768.png 768w, https:\/\/wingsdustcontrol.com.br\/wp-content\/uploads\/2021\/03\/avibeackerproduto-300x300.png 300w, https:\/\/wingsdustcontrol.com.br\/wp-content\/uploads\/2021\/03\/avibeackerproduto-600x600.png 600w, https:\/\/wingsdustcontrol.com.br\/wp-content\/uploads\/2021\/03\/avibeackerproduto-100x100.png 100w, https:\/\/wingsdustcontrol.com.br\/wp-content\/uploads\/2021\/03\/avibeackerproduto.png 1080w\" sizes=\"auto, (max-width: 800px) 100vw, 800px\" \/>\t\t\t\t\t\t\n\t\t\t\t\t<\/div>\n\t\t\t\t\t\t\t\t\n<style>\n#image_705519377 {\n  width: 36%;\n}\n<\/style>\n\t<\/div>\n\t\n\n\n\t\t<\/div>\n\t\t\t\t\t<\/div>\n\n\t\n\n<\/div>\n<div class=\"row align-center\"  id=\"row-124806608\">\n\n\n\t<div id=\"col-1409414937\" class=\"col medium-7 small-12 large-7\"  >\n\t\t\t\t<div class=\"col-inner\"  >\n\t\t\t\n\t\t\t\n\n<p style=\"text-align: justify;\">A <strong>Wings Ltda<\/strong> \u00e9 a fabricante do Avi-Beaker, um dos mais conceituados debicadores do mercado para aves, com fabrica\u00e7\u00e3o 100% nacional. A debicagem \u00e9 umas das pr\u00e1ticas de manejo mais importantes em uma atividade granjeira, pois \u00e9 muito importante que se evitem desperd\u00edcios de ra\u00e7\u00e3o, canibalismo e bicagem dos ovos. Cortes inadequados podem afetar o desempenho do lote e acarretar em preju\u00edzos aos produtores.<\/p>\n<p style=\"text-align: justify;\">O debicador da Wings \u00e9 sin\u00f4nimo de precis\u00e3o e durabilidade pois \u00e9 fabricado com uma caixa refor\u00e7ada, 100% em a\u00e7o inoxid\u00e1vel, resiste ao ambiente corrosivo e de f\u00e1cil transporte entre galp\u00f5es, al\u00e9m de econ\u00f4mico e vers\u00e1til. O sistema autom\u00e1tico temporizado cauteriza o bico das aves com perfei\u00e7\u00e3o e sem stress, tanto para o pintinho quanto para a ave adulta. O processo \u00e9 feito apenas uma vez.<\/p>\n<div class=\"social-icons follow-icons\" ><a href=\"https:\/\/www.facebook.com\/wingsltda\" target=\"_blank\" data-label=\"Facebook\" rel=\"noopener noreferrer nofollow\" class=\"icon button circle is-outline facebook tooltip\" title=\"Follow on Facebook\" aria-label=\"Follow on Facebook\"><i class=\"icon-facebook\" ><\/i><\/a><a href=\"mailto:mailto:contato@wingsdustcontrol.com.br\" data-label=\"E-mail\" rel=\"nofollow\" class=\"icon button circle is-outline  email tooltip\" title=\"Envie-nos um email\" aria-label=\"Envie-nos um email\"><i class=\"icon-envelop\" ><\/i><\/a><a href=\"tel:(11) 4789-4070\" target=\"_blank\" data-label=\"Phone\" rel=\"noopener noreferrer nofollow\" class=\"icon button circle is-outline  phone tooltip\" title=\"Call us\" aria-label=\"Call us\"><i class=\"icon-phone\" ><\/i><\/a><a href=\"https:\/\/www.linkedin.com\/company\/wingsltda\/\" target=\"_blank\" rel=\"noopener noreferrer nofollow\" data-label=\"LinkedIn\" class=\"icon button circle is-outline  linkedin tooltip\" title=\"Follow on LinkedIn\" aria-label=\"Follow on LinkedIn\"><i class=\"icon-linkedin\" ><\/i><\/a><\/div>\n\n\n\t\t<\/div>\n\t\t\t\t\t<\/div>\n\n\t\n\n<\/div>\n<div class=\"row\"  id=\"row-823487779\">\n\n\n\t<div id=\"col-1355201105\" class=\"col small-12 large-12\"  >\n\t\t\t\t<div class=\"col-inner\"  >\n\t\t\t\n\t\t\t\n\n\n\t\t<div class=\"tabbed-content\">\n\t\t\t\n\t\t\t<ul class=\"nav nav-line nav-uppercase nav-size-normal nav-left\"><li class=\"tab active has-icon\"><a href=\"#tab_descri\u00e7\u00e3o\"><span>Descri\u00e7\u00e3o<\/span><\/a><\/li>\n<li class=\"tab has-icon\"><a href=\"#tab_avalia\u00c7\u00d5es\"><span>aVALIA\u00c7\u00d5ES<\/span><\/a><\/li><\/ul><div class=\"tab-panels\"><div class=\"panel active entry-content\" id=\"tab_descri\u00e7\u00e3o\">\n\n<div id=\"text-block-3\" class=\"mk-text-block \">\n<p><strong>Caracter\u00edsticas \u00fanicas da Avi-Beaker:<\/strong><\/p>\n<\/div>\n<div class=\"wpb_row vc_inner vc_row vc_row-fluid attched-false \">\n<div class=\"wpb_column vc_column_container vc_col-sm-6\">\n<div class=\"vc_column-inner \">\n<div class=\"wpb_wrapper\">\n<div id=\"text-block-4\" class=\"mk-text-block \">\n<ul>\n<li style=\"list-style-type: none;\">\n<ul>\n<li>50% mais r\u00e1pido do que o sistema manual<\/li>\n<li>Caixa refor\u00e7ada de a\u00e7o inoxid\u00e1vel<\/li>\n<li>Resistente aos ambientes corrosivos<\/li>\n<li>F\u00e1cil transporte entre galp\u00f5es<\/li>\n<li>Motor temporizado<\/li>\n<li>Debica pintinhos e aves adultas<\/li>\n<li>Ventilador potente<\/li>\n<li>Aumenta a vida \u00fatil dos componentes<\/li>\n<li>Minimiza o contato do operador com fumos<\/li>\n<li>Temperatura da l\u00e2mina controlada com precis\u00e3o<\/li>\n<li>Controle eletr\u00f4nico de temperatura<\/li>\n<li>Menos stress e mortalidade das aves<\/li>\n<li>As aves podem se alimentar logo ap\u00f3s processo<\/li>\n<li>Sistema eficaz para prender l\u00e2mina<\/li>\n<li>Sistema 100% desenvolvido pela Wings Ltda<\/li>\n<li>Facilita a troca da l\u00e2mina<\/li>\n<li>Elimina espanamento das roscas<\/li>\n<li>Opera\u00e7\u00e3o por pedal facilita o trabalho do operador<\/li>\n<li>Utiliza l\u00e2minas nacionais ou importadas<\/li>\n<li>Voltagem 120 ou 230 V, 50-60 Hz.<\/li>\n<li>F\u00e1cil manuten\u00e7\u00e3o<\/li>\n<\/ul>\n<\/li>\n<\/ul>\n<\/div>\n<\/div>\n<\/div>\n<\/div>\n<\/div>\n<a href=\"https:\/\/wingsdustcontrol.com.br\/produto\/avi-beaker\/\" target=\"_self\" class=\"button primary\"  >\n    <span>Comprar o produto<\/span>\n  <\/a>\n\n\n\n<\/div>\n<div class=\"panel entry-content\" id=\"tab_avalia\u00c7\u00d5es\">\n\n\n<\/div><\/div><\/div>\n\n\t\t<\/div>\n\t\t\t\t\t<\/div>\n\n\t\n\n<\/div>\n<div class=\"text-center\"><div class=\"is-divider divider clearfix\" style=\"max-width:316px;\"><\/div><\/div>\n\n<div class=\"container section-title-container\" ><h3 class=\"section-title section-title-normal\"><b><\/b><span class=\"section-title-main\" >Produtos Relacionados<\/span><b><\/b><\/h3><\/div>\n\n<div class=\"row\"  id=\"row-291499769\">\n\n\n\t<div id=\"col-1300099275\" class=\"col small-12 large-12\"  >\n\t\t\t\t<div class=\"col-inner\"  >\n\t\t\t\n\t\t\t\n\n<div class=\"row\"  id=\"row-768644090\">\n\n\n\t<div id=\"col-1944463650\" class=\"col medium-4 small-12 large-4\"  >\n\t\t\t\t<div class=\"col-inner\"  >\n\t\t\t\n\t\t\t\n\n\t<div class=\"box has-hover   has-hover box-text-bottom\" >\n\n\t\t<div class=\"box-image\" >\n\t\t\t<a href=\"https:\/\/wingsdustcontrol.com.br\/avi-jector\/\"  >\t\t\t<div class=\"image-cover\" style=\"padding-top:163px;\">\n\t\t\t\t<img loading=\"lazy\" decoding=\"async\" width=\"1000\" height=\"500\" src=\"https:\/\/wingsdustcontrol.com.br\/wp-content\/uploads\/2022\/07\/wings-pneumatic-avi-jector-vaccinating-day-old-chicks.jpg\" class=\"attachment- size-\" alt=\"vacinas para aves avicultura autom\u00e1tico\" srcset=\"https:\/\/wingsdustcontrol.com.br\/wp-content\/uploads\/2022\/07\/wings-pneumatic-avi-jector-vaccinating-day-old-chicks.jpg 1000w, https:\/\/wingsdustcontrol.com.br\/wp-content\/uploads\/2022\/07\/wings-pneumatic-avi-jector-vaccinating-day-old-chicks-800x400.jpg 800w, https:\/\/wingsdustcontrol.com.br\/wp-content\/uploads\/2022\/07\/wings-pneumatic-avi-jector-vaccinating-day-old-chicks-768x384.jpg 768w, https:\/\/wingsdustcontrol.com.br\/wp-content\/uploads\/2022\/07\/wings-pneumatic-avi-jector-vaccinating-day-old-chicks-600x300.jpg 600w\" sizes=\"auto, (max-width: 1000px) 100vw, 1000px\" \/>\t\t\t\t\t\t\t\t\t\t\t<\/div>\n\t\t\t<\/a>\t\t<\/div>\n\n\t\t<div class=\"box-text text-center\" >\n\t\t\t<div class=\"box-text-inner\">\n\t\t\t\t\n\n<h4>AVI JECTOR<\/h4>\n<p>AVICULTURA<\/p>\n\n\t\t\t<\/div>\n\t\t<\/div>\n\t<\/div>\n\t\n\n\t\t<\/div>\n\t\t\t\t\t<\/div>\n\n\t\n\n\t<div id=\"col-1227426574\" class=\"col medium-4 small-12 large-4\"  >\n\t\t\t\t<div class=\"col-inner\"  >\n\t\t\t\n\t\t\t\n\n\t<div class=\"box has-hover   has-hover box-text-bottom\" >\n\n\t\t<div class=\"box-image\" >\n\t\t\t<a href=\"https:\/\/wingsdustcontrol.com.br\/avi-jector-injecao-dupla\/\"  >\t\t\t<div class=\"image-cover\" style=\"padding-top:163px;\">\n\t\t\t\t<img loading=\"lazy\" decoding=\"async\" width=\"300\" height=\"198\" src=\"https:\/\/wingsdustcontrol.com.br\/wp-content\/uploads\/2022\/07\/wings-avi-jector-double-injector-for-oil-and-water-soluble-vaccines.jpg\" class=\"attachment- size-\" alt=\"pullet and chick debeaker for poultry\" \/>\t\t\t\t\t\t\t\t\t\t\t<\/div>\n\t\t\t<\/a>\t\t<\/div>\n\n\t\t<div class=\"box-text text-center\" >\n\t\t\t<div class=\"box-text-inner\">\n\t\t\t\t\n\n<h4>AVI JECTOR INJE\u00c7\u00c3O DUPLA<\/h4>\n<p>AVICULTURA<\/p>\n\n\t\t\t<\/div>\n\t\t<\/div>\n\t<\/div>\n\t\n\n\t\t<\/div>\n\t\t\t\t\t<\/div>\n\n\t\n\n\t<div id=\"col-1504223832\" class=\"col medium-4 small-12 large-4\"  >\n\t\t\t\t<div class=\"col-inner\"  >\n\t\t\t\n\t\t\t\n\n\t<div class=\"box has-hover   has-hover box-text-bottom\" >\n\n\t\t<div class=\"box-image\" >\n\t\t\t<a href=\"https:\/\/wingsdustcontrol.com.br\/avi-spray\/\"  >\t\t\t<div class=\"image-cover\" style=\"padding-top:163px;\">\n\t\t\t\t<img loading=\"lazy\" decoding=\"async\" width=\"320\" height=\"250\" src=\"https:\/\/wingsdustcontrol.com.br\/wp-content\/uploads\/2021\/04\/spray3.jpg\" class=\"attachment- size-\" alt=\"Avi-Spray Avitec vacinadora spray\" \/>\t\t\t\t\t\t\t\t\t\t\t<\/div>\n\t\t\t<\/a>\t\t<\/div>\n\n\t\t<div class=\"box-text text-center\" >\n\t\t\t<div class=\"box-text-inner\">\n\t\t\t\t\n\n<h4>AVI SPRAY<\/h4>\n<p>AVICULTURA<\/p>\n\n\t\t\t<\/div>\n\t\t<\/div>\n\t<\/div>\n\t\n\n\t\t<\/div>\n\t\t\t\t\t<\/div>\n\n\t\n\n<\/div>\n\n\t\t<\/div>\n\t\t\t\t\t<\/div>\n\n\t\n\n<\/div>\n\n","protected":false},"excerpt":{"rendered":"","protected":false},"author":1,"featured_media":2680,"parent":0,"menu_order":0,"comment_status":"closed","ping_status":"closed","template":"page-blank.php","meta":{"footnotes":""},"class_list":["post-3462","page","type-page","status-publish","has-post-thumbnail","hentry"],"yoast_head":"<!-- This site is optimized with the Yoast SEO plugin v26.6 - https:\/\/yoast.com\/wordpress\/plugins\/seo\/ -->\n<title>AVI BEAKER - Wings Ltda |<\/title>\n<meta name=\"description\" content=\"Fabricado em caixa refor\u00e7ada, equipado com exaustor e motoredutor, possibilita um trabalho uniforme e de f\u00e1cil opera\u00e7\u00e3o. Indicado para debicagem de pintinhos e aves adultos.\" \/>\n<meta name=\"robots\" content=\"index, follow, max-snippet:-1, max-image-preview:large, max-video-preview:-1\" \/>\n<link rel=\"canonical\" href=\"https:\/\/wingsdustcontrol.com.br\/pt-br\/avi-beaker-debicador-automatico-aves-pintinhos\/\" \/>\n<meta property=\"og:locale\" content=\"pt_BR\" \/>\n<meta property=\"og:type\" content=\"article\" \/>\n<meta property=\"og:title\" content=\"Debicador Autom\u00e1tico para Aves Wings\" \/>\n<meta property=\"og:description\" content=\"Wings Ltda Excel\u00eancia e Qualidade. Consulte agora o pre\u00e7o do Debicador Autom\u00e1tico para Aves.\" \/>\n<meta property=\"og:url\" content=\"https:\/\/wingsdustcontrol.com.br\/avi-beaker-debicador-automatico-aves-pintinhos\/\" \/>\n<meta property=\"og:site_name\" content=\"Wings Ltda |\" \/>\n<meta property=\"article:publisher\" content=\"https:\/\/www.facebook.com\/wingsltda\/\" \/>\n<meta property=\"article:modified_time\" content=\"2023-06-29T11:47:19+00:00\" \/>\n<meta property=\"og:image\" content=\"https:\/\/wingsdustcontrol.com.br\/wp-content\/uploads\/2021\/03\/avibecker.jpg\" \/>\n\t<meta property=\"og:image:width\" content=\"400\" \/>\n\t<meta property=\"og:image:height\" content=\"247\" \/>\n\t<meta property=\"og:image:type\" content=\"image\/jpeg\" \/>\n<meta name=\"twitter:card\" content=\"summary_large_image\" \/>\n<meta name=\"twitter:label1\" content=\"Est. tempo de leitura\" \/>\n\t<meta name=\"twitter:data1\" content=\"2 minutos\" \/>\n<script type=\"application\/ld+json\" class=\"yoast-schema-graph\">{\"@context\":\"https:\/\/schema.org\",\"@graph\":[{\"@type\":\"WebPage\",\"@id\":\"https:\/\/wingsdustcontrol.com.br\/avi-beaker-debicador-automatico-aves-pintinhos\/\",\"url\":\"https:\/\/wingsdustcontrol.com.br\/avi-beaker-debicador-automatico-aves-pintinhos\/\",\"name\":\"AVI BEAKER - Wings Ltda |\",\"isPartOf\":{\"@id\":\"https:\/\/wingsdustcontrol.com.br\/#website\"},\"primaryImageOfPage\":{\"@id\":\"https:\/\/wingsdustcontrol.com.br\/avi-beaker-debicador-automatico-aves-pintinhos\/#primaryimage\"},\"image\":{\"@id\":\"https:\/\/wingsdustcontrol.com.br\/avi-beaker-debicador-automatico-aves-pintinhos\/#primaryimage\"},\"thumbnailUrl\":\"https:\/\/wingsdustcontrol.com.br\/wp-content\/uploads\/2021\/03\/avi-beaker-noti4f0j6aeklrsl2erhcn14vw7ucjo1iz1ejx9lic.jpg\",\"datePublished\":\"2021-03-25T11:57:57+00:00\",\"dateModified\":\"2023-06-29T11:47:19+00:00\",\"description\":\"Fabricado em caixa refor\u00e7ada, equipado com exaustor e motoredutor, possibilita um trabalho uniforme e de f\u00e1cil opera\u00e7\u00e3o. Indicado para debicagem de pintinhos e aves adultos.\",\"breadcrumb\":{\"@id\":\"https:\/\/wingsdustcontrol.com.br\/avi-beaker-debicador-automatico-aves-pintinhos\/#breadcrumb\"},\"inLanguage\":\"pt-BR\",\"potentialAction\":[{\"@type\":\"ReadAction\",\"target\":[\"https:\/\/wingsdustcontrol.com.br\/avi-beaker-debicador-automatico-aves-pintinhos\/\"]}]},{\"@type\":\"ImageObject\",\"inLanguage\":\"pt-BR\",\"@id\":\"https:\/\/wingsdustcontrol.com.br\/avi-beaker-debicador-automatico-aves-pintinhos\/#primaryimage\",\"url\":\"https:\/\/wingsdustcontrol.com.br\/wp-content\/uploads\/2021\/03\/avi-beaker-noti4f0j6aeklrsl2erhcn14vw7ucjo1iz1ejx9lic.jpg\",\"contentUrl\":\"https:\/\/wingsdustcontrol.com.br\/wp-content\/uploads\/2021\/03\/avi-beaker-noti4f0j6aeklrsl2erhcn14vw7ucjo1iz1ejx9lic.jpg\",\"width\":1000,\"height\":618,\"caption\":\"Debicador Wings Ltda\"},{\"@type\":\"BreadcrumbList\",\"@id\":\"https:\/\/wingsdustcontrol.com.br\/avi-beaker-debicador-automatico-aves-pintinhos\/#breadcrumb\",\"itemListElement\":[{\"@type\":\"ListItem\",\"position\":1,\"name\":\"In\u00edcio\",\"item\":\"https:\/\/wingsdustcontrol.com.br\/\"},{\"@type\":\"ListItem\",\"position\":2,\"name\":\"AVI BEAKER\"}]},{\"@type\":\"WebSite\",\"@id\":\"https:\/\/wingsdustcontrol.com.br\/#website\",\"url\":\"https:\/\/wingsdustcontrol.com.br\/\",\"name\":\"Wings Ltda |\",\"description\":\"Transformando sua opera\u00e7\u00e3o no agro.\",\"publisher\":{\"@id\":\"https:\/\/wingsdustcontrol.com.br\/#organization\"},\"potentialAction\":[{\"@type\":\"SearchAction\",\"target\":{\"@type\":\"EntryPoint\",\"urlTemplate\":\"https:\/\/wingsdustcontrol.com.br\/?s={search_term_string}\"},\"query-input\":{\"@type\":\"PropertyValueSpecification\",\"valueRequired\":true,\"valueName\":\"search_term_string\"}}],\"inLanguage\":\"pt-BR\"},{\"@type\":\"Organization\",\"@id\":\"https:\/\/wingsdustcontrol.com.br\/#organization\",\"name\":\"Wings Ltda\",\"url\":\"https:\/\/wingsdustcontrol.com.br\/\",\"logo\":{\"@type\":\"ImageObject\",\"inLanguage\":\"pt-BR\",\"@id\":\"https:\/\/wingsdustcontrol.com.br\/#\/schema\/logo\/image\/\",\"url\":\"https:\/\/wingsdustcontrol.com.br\/wp-content\/uploads\/2021\/11\/Wings-Logo-A1-e1664037880754.png\",\"contentUrl\":\"https:\/\/wingsdustcontrol.com.br\/wp-content\/uploads\/2021\/11\/Wings-Logo-A1-e1664037880754.png\",\"width\":1089,\"height\":356,\"caption\":\"Wings Ltda\"},\"image\":{\"@id\":\"https:\/\/wingsdustcontrol.com.br\/#\/schema\/logo\/image\/\"},\"sameAs\":[\"https:\/\/www.facebook.com\/wingsltda\/\",\"https:\/\/www.linkedin.com\/company\/wingsltda\/\",\"https:\/\/www.youtube.com\/channel\/UC2XSL5EljSgDh-pwalcPLLA\"]}]}<\/script>\n<!-- \/ Yoast SEO plugin. -->","yoast_head_json":{"title":"AVI BEAKER - Wings Ltda |","description":"Fabricado em caixa refor\u00e7ada, equipado com exaustor e motoredutor, possibilita um trabalho uniforme e de f\u00e1cil opera\u00e7\u00e3o. Indicado para debicagem de pintinhos e aves adultos.","robots":{"index":"index","follow":"follow","max-snippet":"max-snippet:-1","max-image-preview":"max-image-preview:large","max-video-preview":"max-video-preview:-1"},"canonical":"https:\/\/wingsdustcontrol.com.br\/pt-br\/avi-beaker-debicador-automatico-aves-pintinhos\/","og_locale":"pt_BR","og_type":"article","og_title":"Debicador Autom\u00e1tico para Aves Wings","og_description":"Wings Ltda Excel\u00eancia e Qualidade. Consulte agora o pre\u00e7o do Debicador Autom\u00e1tico para Aves.","og_url":"https:\/\/wingsdustcontrol.com.br\/avi-beaker-debicador-automatico-aves-pintinhos\/","og_site_name":"Wings Ltda |","article_publisher":"https:\/\/www.facebook.com\/wingsltda\/","article_modified_time":"2023-06-29T11:47:19+00:00","og_image":[{"width":400,"height":247,"url":"https:\/\/wingsdustcontrol.com.br\/wp-content\/uploads\/2021\/03\/avibecker.jpg","type":"image\/jpeg"}],"twitter_card":"summary_large_image","twitter_misc":{"Est. tempo de leitura":"2 minutos"},"schema":{"@context":"https:\/\/schema.org","@graph":[{"@type":"WebPage","@id":"https:\/\/wingsdustcontrol.com.br\/avi-beaker-debicador-automatico-aves-pintinhos\/","url":"https:\/\/wingsdustcontrol.com.br\/avi-beaker-debicador-automatico-aves-pintinhos\/","name":"AVI BEAKER - Wings Ltda |","isPartOf":{"@id":"https:\/\/wingsdustcontrol.com.br\/#website"},"primaryImageOfPage":{"@id":"https:\/\/wingsdustcontrol.com.br\/avi-beaker-debicador-automatico-aves-pintinhos\/#primaryimage"},"image":{"@id":"https:\/\/wingsdustcontrol.com.br\/avi-beaker-debicador-automatico-aves-pintinhos\/#primaryimage"},"thumbnailUrl":"https:\/\/wingsdustcontrol.com.br\/wp-content\/uploads\/2021\/03\/avi-beaker-noti4f0j6aeklrsl2erhcn14vw7ucjo1iz1ejx9lic.jpg","datePublished":"2021-03-25T11:57:57+00:00","dateModified":"2023-06-29T11:47:19+00:00","description":"Fabricado em caixa refor\u00e7ada, equipado com exaustor e motoredutor, possibilita um trabalho uniforme e de f\u00e1cil opera\u00e7\u00e3o. Indicado para debicagem de pintinhos e aves adultos.","breadcrumb":{"@id":"https:\/\/wingsdustcontrol.com.br\/avi-beaker-debicador-automatico-aves-pintinhos\/#breadcrumb"},"inLanguage":"pt-BR","potentialAction":[{"@type":"ReadAction","target":["https:\/\/wingsdustcontrol.com.br\/avi-beaker-debicador-automatico-aves-pintinhos\/"]}]},{"@type":"ImageObject","inLanguage":"pt-BR","@id":"https:\/\/wingsdustcontrol.com.br\/avi-beaker-debicador-automatico-aves-pintinhos\/#primaryimage","url":"https:\/\/wingsdustcontrol.com.br\/wp-content\/uploads\/2021\/03\/avi-beaker-noti4f0j6aeklrsl2erhcn14vw7ucjo1iz1ejx9lic.jpg","contentUrl":"https:\/\/wingsdustcontrol.com.br\/wp-content\/uploads\/2021\/03\/avi-beaker-noti4f0j6aeklrsl2erhcn14vw7ucjo1iz1ejx9lic.jpg","width":1000,"height":618,"caption":"Debicador Wings Ltda"},{"@type":"BreadcrumbList","@id":"https:\/\/wingsdustcontrol.com.br\/avi-beaker-debicador-automatico-aves-pintinhos\/#breadcrumb","itemListElement":[{"@type":"ListItem","position":1,"name":"In\u00edcio","item":"https:\/\/wingsdustcontrol.com.br\/"},{"@type":"ListItem","position":2,"name":"AVI BEAKER"}]},{"@type":"WebSite","@id":"https:\/\/wingsdustcontrol.com.br\/#website","url":"https:\/\/wingsdustcontrol.com.br\/","name":"Wings Ltda |","description":"Transformando sua opera\u00e7\u00e3o no agro.","publisher":{"@id":"https:\/\/wingsdustcontrol.com.br\/#organization"},"potentialAction":[{"@type":"SearchAction","target":{"@type":"EntryPoint","urlTemplate":"https:\/\/wingsdustcontrol.com.br\/?s={search_term_string}"},"query-input":{"@type":"PropertyValueSpecification","valueRequired":true,"valueName":"search_term_string"}}],"inLanguage":"pt-BR"},{"@type":"Organization","@id":"https:\/\/wingsdustcontrol.com.br\/#organization","name":"Wings Ltda","url":"https:\/\/wingsdustcontrol.com.br\/","logo":{"@type":"ImageObject","inLanguage":"pt-BR","@id":"https:\/\/wingsdustcontrol.com.br\/#\/schema\/logo\/image\/","url":"https:\/\/wingsdustcontrol.com.br\/wp-content\/uploads\/2021\/11\/Wings-Logo-A1-e1664037880754.png","contentUrl":"https:\/\/wingsdustcontrol.com.br\/wp-content\/uploads\/2021\/11\/Wings-Logo-A1-e1664037880754.png","width":1089,"height":356,"caption":"Wings Ltda"},"image":{"@id":"https:\/\/wingsdustcontrol.com.br\/#\/schema\/logo\/image\/"},"sameAs":["https:\/\/www.facebook.com\/wingsltda\/","https:\/\/www.linkedin.com\/company\/wingsltda\/","https:\/\/www.youtube.com\/channel\/UC2XSL5EljSgDh-pwalcPLLA"]}]}},"_links":{"self":[{"href":"https:\/\/wingsdustcontrol.com.br\/pt-br\/wp-json\/wp\/v2\/pages\/3462","targetHints":{"allow":["GET"]}}],"collection":[{"href":"https:\/\/wingsdustcontrol.com.br\/pt-br\/wp-json\/wp\/v2\/pages"}],"about":[{"href":"https:\/\/wingsdustcontrol.com.br\/pt-br\/wp-json\/wp\/v2\/types\/page"}],"author":[{"embeddable":true,"href":"https:\/\/wingsdustcontrol.com.br\/pt-br\/wp-json\/wp\/v2\/users\/1"}],"replies":[{"embeddable":true,"href":"https:\/\/wingsdustcontrol.com.br\/pt-br\/wp-json\/wp\/v2\/comments?post=3462"}],"version-history":[{"count":25,"href":"https:\/\/wingsdustcontrol.com.br\/pt-br\/wp-json\/wp\/v2\/pages\/3462\/revisions"}],"predecessor-version":[{"id":10531,"href":"https:\/\/wingsdustcontrol.com.br\/pt-br\/wp-json\/wp\/v2\/pages\/3462\/revisions\/10531"}],"wp:featuredmedia":[{"embeddable":true,"href":"https:\/\/wingsdustcontrol.com.br\/pt-br\/wp-json\/wp\/v2\/media\/2680"}],"wp:attachment":[{"href":"https:\/\/wingsdustcontrol.com.br\/pt-br\/wp-json\/wp\/v2\/media?parent=3462"}],"curies":[{"name":"wp","href":"https:\/\/api.w.org\/{rel}","templated":true}]}}