{"id":3469,"date":"2021-03-25T12:07:42","date_gmt":"2021-03-25T12:07:42","guid":{"rendered":"https:\/\/wingsdustcontrol.com.br\/?page_id=3469"},"modified":"2023-04-13T20:40:21","modified_gmt":"2023-04-13T20:40:21","slug":"avi-jector-vacinadora-injecao-pintinhos-aves","status":"publish","type":"page","link":"https:\/\/wingsdustcontrol.com.br\/pt-br\/avi-jector-vacinadora-injecao-pintinhos-aves\/","title":{"rendered":"AVI JECTOR"},"content":{"rendered":"\n<div class=\"row\"  id=\"row-1878733188\">\n\n\n\t<div id=\"col-537446083\" class=\"col small-12 large-12\"  >\n\t\t\t\t<div class=\"col-inner text-center\"  >\n\t\t\t\n\t\t\t\n\n\t<div class=\"img has-hover x md-x lg-x y md-y lg-y\" id=\"image_1988604874\">\n\t\t\t\t\t\t\t\t<div class=\"img-inner dark\" >\n\t\t\t<img loading=\"lazy\" decoding=\"async\" width=\"1000\" height=\"500\" src=\"https:\/\/wingsdustcontrol.com.br\/wp-content\/uploads\/2022\/07\/wings-pneumatic-avi-jector-vaccinating-day-old-chicks.jpg\" class=\"attachment-large size-large\" alt=\"vacinas para aves avicultura autom\u00e1tico\" srcset=\"https:\/\/wingsdustcontrol.com.br\/wp-content\/uploads\/2022\/07\/wings-pneumatic-avi-jector-vaccinating-day-old-chicks.jpg 1000w, https:\/\/wingsdustcontrol.com.br\/wp-content\/uploads\/2022\/07\/wings-pneumatic-avi-jector-vaccinating-day-old-chicks-800x400.jpg 800w, https:\/\/wingsdustcontrol.com.br\/wp-content\/uploads\/2022\/07\/wings-pneumatic-avi-jector-vaccinating-day-old-chicks-768x384.jpg 768w, https:\/\/wingsdustcontrol.com.br\/wp-content\/uploads\/2022\/07\/wings-pneumatic-avi-jector-vaccinating-day-old-chicks-600x300.jpg 600w\" sizes=\"auto, (max-width: 1000px) 100vw, 1000px\" \/>\t\t\t\t\t\t\n\t\t\t\t\t<\/div>\n\t\t\t\t\t\t\t\t\n<style>\n#image_1988604874 {\n  width: 66%;\n}\n<\/style>\n\t<\/div>\n\t\n\n\n\t\t<\/div>\n\t\t\t\t\t<\/div>\n\n\t\n\n<\/div>\n<div class=\"row align-center\"  id=\"row-2076809170\">\n\n\n\t<div id=\"col-475217932\" class=\"col medium-7 small-12 large-7\"  >\n\t\t\t\t<div class=\"col-inner\"  >\n\t\t\t\n\t\t\t\n\n<p style=\"text-align: justify;\">A vacinadora pneum\u00e1tica Avi-Jector, foi desenvolvida com a finalidade de vacinar qualquer tipo de ave com qualquer tipo de vacina injet\u00e1vel, seja sol\u00favel em \u00e1gua ou em \u00f3leo.<\/p>\n<p style=\"text-align: justify;\">A vacinadora Avi-Jector \u00e9 operada com um compressor, o que elimina a necessidade de eletricidade, um perigo num incubat\u00f3rio \u00famido. Seus componentes s\u00e3o exclusivamente pneum\u00e1ticos, de alta qualidade, eficientes, dur\u00e1veis e de baixa manuten\u00e7\u00e3o.<\/p>\n<div class=\"social-icons follow-icons\" ><a href=\"https:\/\/www.facebook.com\/wingsltda\" target=\"_blank\" data-label=\"Facebook\" rel=\"noopener noreferrer nofollow\" class=\"icon button circle is-outline facebook tooltip\" title=\"Follow on Facebook\" aria-label=\"Follow on Facebook\"><i class=\"icon-facebook\" ><\/i><\/a><a href=\"mailto:mailto:contato@wingsdustcontrol.com.br\" data-label=\"E-mail\" rel=\"nofollow\" class=\"icon button circle is-outline  email tooltip\" title=\"Envie-nos um email\" aria-label=\"Envie-nos um email\"><i class=\"icon-envelop\" ><\/i><\/a><a href=\"tel:(11) 4789-4070\" target=\"_blank\" data-label=\"Phone\" rel=\"noopener noreferrer nofollow\" class=\"icon button circle is-outline  phone tooltip\" title=\"Call us\" aria-label=\"Call us\"><i class=\"icon-phone\" ><\/i><\/a><a href=\"https:\/\/www.linkedin.com\/company\/wingsltda\/\" target=\"_blank\" rel=\"noopener noreferrer nofollow\" data-label=\"LinkedIn\" class=\"icon button circle is-outline  linkedin tooltip\" title=\"Follow on LinkedIn\" aria-label=\"Follow on LinkedIn\"><i class=\"icon-linkedin\" ><\/i><\/a><\/div>\n\n\n\t\t<\/div>\n\t\t\t\t\t<\/div>\n\n\t\n\n<\/div>\n<div class=\"row align-middle align-center\"  id=\"row-1346244277\">\n\n\n\t<div id=\"col-1716365009\" class=\"col medium-4 small-12 large-4\"  >\n\t\t\t\t<div class=\"col-inner\"  >\n\t\t\t\n\t\t\t\n\n\n\t\t<\/div>\n\t\t\t\t\t<\/div>\n\n\t\n\n\t<div id=\"col-878750737\" class=\"col medium-4 small-12 large-4\"  >\n\t\t\t\t<div class=\"col-inner\"  >\n\t\t\t\n\t\t\t\n\n<a href=\"https:\/\/wingsdustcontrol.com.br\/contato\/\" target=\"_self\" class=\"button primary\"  >\n    <span>Solicitar uma proposta<\/span>\n  <\/a>\n\n\n\n\t\t<\/div>\n\t\t\t\t\t<\/div>\n\n\t\n\n\t<div id=\"col-390102602\" class=\"col medium-4 small-12 large-4\"  >\n\t\t\t\t<div class=\"col-inner\"  >\n\t\t\t\n\t\t\t\n\n\n\t\t<\/div>\n\t\t\t\t\t<\/div>\n\n\t\n\n<\/div>\n<div class=\"row\"  id=\"row-1044002497\">\n\n\n\t<div id=\"col-622906391\" class=\"col small-12 large-12\"  >\n\t\t\t\t<div class=\"col-inner\"  >\n\t\t\t\n\t\t\t\n\n\n\t\t<div class=\"tabbed-content\">\n\t\t\t\n\t\t\t<ul class=\"nav nav-line nav-uppercase nav-size-normal nav-left\"><li class=\"tab active has-icon\"><a href=\"#tab_avalia\u00c7\u00d5es\"><span>aVALIA\u00c7\u00d5ES<\/span><\/a><\/li><\/ul><div class=\"tab-panels\"><div class=\"panel active entry-content\" id=\"tab_avalia\u00c7\u00d5es\">\n\n\n<\/div><\/div><\/div>\n\n\t\t<\/div>\n\t\t\t\t\t<\/div>\n\n\t\n\n<\/div>\n<div class=\"text-center\"><div class=\"is-divider divider clearfix\" style=\"max-width:316px;\"><\/div><\/div>\n\n<div class=\"container section-title-container\" ><h3 class=\"section-title section-title-normal\"><b><\/b><span class=\"section-title-main\" >Produtos Relacionados<\/span><b><\/b><\/h3><\/div>\n\n<div class=\"row\"  id=\"row-369784513\">\n\n\n\t<div id=\"col-2123655485\" class=\"col small-12 large-12\"  >\n\t\t\t\t<div class=\"col-inner\"  >\n\t\t\t\n\t\t\t\n\n<div class=\"row\"  id=\"row-971038304\">\n\n\n\t<div id=\"col-454328995\" class=\"col medium-4 small-12 large-4\"  >\n\t\t\t\t<div class=\"col-inner\"  >\n\t\t\t\n\t\t\t\n\n\t<div class=\"box has-hover   has-hover box-text-bottom\" >\n\n\t\t<div class=\"box-image\" >\n\t\t\t<a href=\"https:\/\/wingsdustcontrol.com.br\/avi-beaker\/\"  >\t\t\t<div class=\"image-cover\" style=\"padding-top:197px;\">\n\t\t\t\t<img loading=\"lazy\" decoding=\"async\" width=\"400\" height=\"247\" src=\"https:\/\/wingsdustcontrol.com.br\/wp-content\/uploads\/2022\/07\/avi-beaker-automatico-debicagem-wings.jpg\" class=\"attachment- size-\" alt=\"\" \/>\t\t\t\t\t\t\t\t\t\t\t<\/div>\n\t\t\t<\/a>\t\t<\/div>\n\n\t\t<div class=\"box-text text-center\" >\n\t\t\t<div class=\"box-text-inner\">\n\t\t\t\t\n\n<h4>AVI BEAKER<\/h4>\n<p>AVICULTURA<\/p>\n\n\t\t\t<\/div>\n\t\t<\/div>\n\t<\/div>\n\t\n\n\t\t<\/div>\n\t\t\t\t\t<\/div>\n\n\t\n\n\t<div id=\"col-274281123\" class=\"col medium-4 small-12 large-4\"  >\n\t\t\t\t<div class=\"col-inner\"  >\n\t\t\t\n\t\t\t\n\n\t<div class=\"box has-hover   has-hover box-text-bottom\" >\n\n\t\t<div class=\"box-image\" style=\"width:95%;\">\n\t\t\t<a href=\"https:\/\/wingsdustcontrol.com.br\/avi-jector-injecao-dupla\/\"  >\t\t\t<div class=\"\" >\n\t\t\t\t<img loading=\"lazy\" decoding=\"async\" width=\"300\" height=\"198\" src=\"https:\/\/wingsdustcontrol.com.br\/wp-content\/uploads\/2022\/07\/wings-avi-jector-double-injector-for-oil-and-water-soluble-vaccines.jpg\" class=\"attachment- size-\" alt=\"pullet and chick debeaker for poultry\" \/>\t\t\t\t\t\t\t\t\t\t\t<\/div>\n\t\t\t<\/a>\t\t<\/div>\n\n\t\t<div class=\"box-text text-center\" >\n\t\t\t<div class=\"box-text-inner\">\n\t\t\t\t\n\n<h4>AVI JECTOR INJE\u00c7\u00c3O DUPLA<\/h4>\n<p>AVICULTURA<\/p>\n\n\t\t\t<\/div>\n\t\t<\/div>\n\t<\/div>\n\t\n\n\t\t<\/div>\n\t\t\t\t\t<\/div>\n\n\t\n\n\t<div id=\"col-917414939\" class=\"col medium-4 small-12 large-4\"  >\n\t\t\t\t<div class=\"col-inner\"  >\n\t\t\t\n\t\t\t\n\n\t<div class=\"box has-hover   has-hover box-text-bottom\" >\n\n\t\t<div class=\"box-image\" style=\"width:88%;\">\n\t\t\t<a href=\"https:\/\/wingsdustcontrol.com.br\/avi-spray\/\"  >\t\t\t<div class=\"\" >\n\t\t\t\t<img loading=\"lazy\" decoding=\"async\" width=\"320\" height=\"250\" src=\"https:\/\/wingsdustcontrol.com.br\/wp-content\/uploads\/2021\/04\/spray3.jpg\" class=\"attachment- size-\" alt=\"Avi-Spray Avitec vacinadora spray\" \/>\t\t\t\t\t\t\t\t\t\t\t<\/div>\n\t\t\t<\/a>\t\t<\/div>\n\n\t\t<div class=\"box-text text-center\" >\n\t\t\t<div class=\"box-text-inner\">\n\t\t\t\t\n\n<h4>AVI SPRAY<\/h4>\n<p>AVICULTURA<\/p>\n\n\t\t\t<\/div>\n\t\t<\/div>\n\t<\/div>\n\t\n\n\t\t<\/div>\n\t\t\t\t\t<\/div>\n\n\t\n\n<\/div>\n\n\t\t<\/div>\n\t\t\t\t\t<\/div>\n\n\t\n\n<\/div>\n","protected":false},"excerpt":{"rendered":"","protected":false},"author":1,"featured_media":2686,"parent":0,"menu_order":0,"comment_status":"closed","ping_status":"closed","template":"page-blank.php","meta":{"footnotes":""},"class_list":["post-3469","page","type-page","status-publish","has-post-thumbnail","hentry"],"yoast_head":"<!-- This site is optimized with the Yoast SEO plugin v26.6 - https:\/\/yoast.com\/wordpress\/plugins\/seo\/ -->\n<title>AVI JECTOR - Wings Ltda |<\/title>\n<meta name=\"description\" content=\"A vacinadora Avi-Jector \u00e9 operada com um compressor, o que elimina a necessidade de eletricidade, um perigo num incubat\u00f3rio \u00famido. Seus componentes s\u00e3o exclusivamente pneum\u00e1ticos, de alta qualidade, eficientes, dur\u00e1veis e de baixa manuten\u00e7\u00e3o.\" \/>\n<meta name=\"robots\" content=\"index, follow, max-snippet:-1, max-image-preview:large, max-video-preview:-1\" \/>\n<link rel=\"canonical\" href=\"https:\/\/wingsdustcontrol.com.br\/pt-br\/avi-jector-vacinadora-injecao-pintinhos-aves\/\" \/>\n<meta property=\"og:locale\" content=\"pt_BR\" \/>\n<meta property=\"og:type\" content=\"article\" \/>\n<meta property=\"og:title\" content=\"AVI JECTOR - Wings Ltda |\" \/>\n<meta property=\"og:description\" content=\"A vacinadora Avi-Jector \u00e9 operada com um compressor, o que elimina a necessidade de eletricidade, um perigo num incubat\u00f3rio \u00famido. Seus componentes s\u00e3o exclusivamente pneum\u00e1ticos, de alta qualidade, eficientes, dur\u00e1veis e de baixa manuten\u00e7\u00e3o.\" \/>\n<meta property=\"og:url\" content=\"https:\/\/wingsdustcontrol.com.br\/avi-jector-vacinadora-injecao-pintinhos-aves\/\" \/>\n<meta property=\"og:site_name\" content=\"Wings Ltda |\" \/>\n<meta property=\"article:publisher\" content=\"https:\/\/www.facebook.com\/wingsltda\/\" \/>\n<meta property=\"article:modified_time\" content=\"2023-04-13T20:40:21+00:00\" \/>\n<meta property=\"og:image\" content=\"https:\/\/wingsdustcontrol.com.br\/wp-content\/uploads\/2021\/03\/avi-jector-full-notinopfa0rigtcatyz1sshwfio61f8cpmt3j8ldvs.jpg\" \/>\n\t<meta property=\"og:image:width\" content=\"1000\" \/>\n\t<meta property=\"og:image:height\" content=\"500\" \/>\n\t<meta property=\"og:image:type\" content=\"image\/jpeg\" \/>\n<meta name=\"twitter:card\" content=\"summary_large_image\" \/>\n<meta name=\"twitter:label1\" content=\"Est. tempo de leitura\" \/>\n\t<meta name=\"twitter:data1\" content=\"1 minuto\" \/>\n<script type=\"application\/ld+json\" class=\"yoast-schema-graph\">{\"@context\":\"https:\/\/schema.org\",\"@graph\":[{\"@type\":\"WebPage\",\"@id\":\"https:\/\/wingsdustcontrol.com.br\/avi-jector-vacinadora-injecao-pintinhos-aves\/\",\"url\":\"https:\/\/wingsdustcontrol.com.br\/avi-jector-vacinadora-injecao-pintinhos-aves\/\",\"name\":\"AVI JECTOR - Wings Ltda |\",\"isPartOf\":{\"@id\":\"https:\/\/wingsdustcontrol.com.br\/#website\"},\"primaryImageOfPage\":{\"@id\":\"https:\/\/wingsdustcontrol.com.br\/avi-jector-vacinadora-injecao-pintinhos-aves\/#primaryimage\"},\"image\":{\"@id\":\"https:\/\/wingsdustcontrol.com.br\/avi-jector-vacinadora-injecao-pintinhos-aves\/#primaryimage\"},\"thumbnailUrl\":\"https:\/\/wingsdustcontrol.com.br\/wp-content\/uploads\/2021\/03\/avi-jector-full-notinopfa0rigtcatyz1sshwfio61f8cpmt3j8ldvs.jpg\",\"datePublished\":\"2021-03-25T12:07:42+00:00\",\"dateModified\":\"2023-04-13T20:40:21+00:00\",\"description\":\"A vacinadora Avi-Jector \u00e9 operada com um compressor, o que elimina a necessidade de eletricidade, um perigo num incubat\u00f3rio \u00famido. Seus componentes s\u00e3o exclusivamente pneum\u00e1ticos, de alta qualidade, eficientes, dur\u00e1veis e de baixa manuten\u00e7\u00e3o.\",\"breadcrumb\":{\"@id\":\"https:\/\/wingsdustcontrol.com.br\/avi-jector-vacinadora-injecao-pintinhos-aves\/#breadcrumb\"},\"inLanguage\":\"pt-BR\",\"potentialAction\":[{\"@type\":\"ReadAction\",\"target\":[\"https:\/\/wingsdustcontrol.com.br\/avi-jector-vacinadora-injecao-pintinhos-aves\/\"]}]},{\"@type\":\"ImageObject\",\"inLanguage\":\"pt-BR\",\"@id\":\"https:\/\/wingsdustcontrol.com.br\/avi-jector-vacinadora-injecao-pintinhos-aves\/#primaryimage\",\"url\":\"https:\/\/wingsdustcontrol.com.br\/wp-content\/uploads\/2021\/03\/avi-jector-full-notinopfa0rigtcatyz1sshwfio61f8cpmt3j8ldvs.jpg\",\"contentUrl\":\"https:\/\/wingsdustcontrol.com.br\/wp-content\/uploads\/2021\/03\/avi-jector-full-notinopfa0rigtcatyz1sshwfio61f8cpmt3j8ldvs.jpg\",\"width\":1000,\"height\":500,\"caption\":\"A vacinadora pneum\u00e1tica Avi-Jector, foi desenvolvida com a finalidade de vacinar qualquer tipo de ave com qualquer tipo de vacina injet\u00e1vel, seja sol\u00favel em \u00e1gua ou em \u00f3leo.\"},{\"@type\":\"BreadcrumbList\",\"@id\":\"https:\/\/wingsdustcontrol.com.br\/avi-jector-vacinadora-injecao-pintinhos-aves\/#breadcrumb\",\"itemListElement\":[{\"@type\":\"ListItem\",\"position\":1,\"name\":\"In\u00edcio\",\"item\":\"https:\/\/wingsdustcontrol.com.br\/\"},{\"@type\":\"ListItem\",\"position\":2,\"name\":\"AVI JECTOR\"}]},{\"@type\":\"WebSite\",\"@id\":\"https:\/\/wingsdustcontrol.com.br\/#website\",\"url\":\"https:\/\/wingsdustcontrol.com.br\/\",\"name\":\"Wings Ltda |\",\"description\":\"Transformando sua opera\u00e7\u00e3o no agro.\",\"publisher\":{\"@id\":\"https:\/\/wingsdustcontrol.com.br\/#organization\"},\"potentialAction\":[{\"@type\":\"SearchAction\",\"target\":{\"@type\":\"EntryPoint\",\"urlTemplate\":\"https:\/\/wingsdustcontrol.com.br\/?s={search_term_string}\"},\"query-input\":{\"@type\":\"PropertyValueSpecification\",\"valueRequired\":true,\"valueName\":\"search_term_string\"}}],\"inLanguage\":\"pt-BR\"},{\"@type\":\"Organization\",\"@id\":\"https:\/\/wingsdustcontrol.com.br\/#organization\",\"name\":\"Wings Ltda\",\"url\":\"https:\/\/wingsdustcontrol.com.br\/\",\"logo\":{\"@type\":\"ImageObject\",\"inLanguage\":\"pt-BR\",\"@id\":\"https:\/\/wingsdustcontrol.com.br\/#\/schema\/logo\/image\/\",\"url\":\"https:\/\/wingsdustcontrol.com.br\/wp-content\/uploads\/2021\/11\/Wings-Logo-A1-e1664037880754.png\",\"contentUrl\":\"https:\/\/wingsdustcontrol.com.br\/wp-content\/uploads\/2021\/11\/Wings-Logo-A1-e1664037880754.png\",\"width\":1089,\"height\":356,\"caption\":\"Wings Ltda\"},\"image\":{\"@id\":\"https:\/\/wingsdustcontrol.com.br\/#\/schema\/logo\/image\/\"},\"sameAs\":[\"https:\/\/www.facebook.com\/wingsltda\/\",\"https:\/\/www.linkedin.com\/company\/wingsltda\/\",\"https:\/\/www.youtube.com\/channel\/UC2XSL5EljSgDh-pwalcPLLA\"]}]}<\/script>\n<!-- \/ Yoast SEO plugin. -->","yoast_head_json":{"title":"AVI JECTOR - Wings Ltda |","description":"A vacinadora Avi-Jector \u00e9 operada com um compressor, o que elimina a necessidade de eletricidade, um perigo num incubat\u00f3rio \u00famido. Seus componentes s\u00e3o exclusivamente pneum\u00e1ticos, de alta qualidade, eficientes, dur\u00e1veis e de baixa manuten\u00e7\u00e3o.","robots":{"index":"index","follow":"follow","max-snippet":"max-snippet:-1","max-image-preview":"max-image-preview:large","max-video-preview":"max-video-preview:-1"},"canonical":"https:\/\/wingsdustcontrol.com.br\/pt-br\/avi-jector-vacinadora-injecao-pintinhos-aves\/","og_locale":"pt_BR","og_type":"article","og_title":"AVI JECTOR - Wings Ltda |","og_description":"A vacinadora Avi-Jector \u00e9 operada com um compressor, o que elimina a necessidade de eletricidade, um perigo num incubat\u00f3rio \u00famido. Seus componentes s\u00e3o exclusivamente pneum\u00e1ticos, de alta qualidade, eficientes, dur\u00e1veis e de baixa manuten\u00e7\u00e3o.","og_url":"https:\/\/wingsdustcontrol.com.br\/avi-jector-vacinadora-injecao-pintinhos-aves\/","og_site_name":"Wings Ltda |","article_publisher":"https:\/\/www.facebook.com\/wingsltda\/","article_modified_time":"2023-04-13T20:40:21+00:00","og_image":[{"width":1000,"height":500,"url":"https:\/\/wingsdustcontrol.com.br\/wp-content\/uploads\/2021\/03\/avi-jector-full-notinopfa0rigtcatyz1sshwfio61f8cpmt3j8ldvs.jpg","type":"image\/jpeg"}],"twitter_card":"summary_large_image","twitter_misc":{"Est. tempo de leitura":"1 minuto"},"schema":{"@context":"https:\/\/schema.org","@graph":[{"@type":"WebPage","@id":"https:\/\/wingsdustcontrol.com.br\/avi-jector-vacinadora-injecao-pintinhos-aves\/","url":"https:\/\/wingsdustcontrol.com.br\/avi-jector-vacinadora-injecao-pintinhos-aves\/","name":"AVI JECTOR - Wings Ltda |","isPartOf":{"@id":"https:\/\/wingsdustcontrol.com.br\/#website"},"primaryImageOfPage":{"@id":"https:\/\/wingsdustcontrol.com.br\/avi-jector-vacinadora-injecao-pintinhos-aves\/#primaryimage"},"image":{"@id":"https:\/\/wingsdustcontrol.com.br\/avi-jector-vacinadora-injecao-pintinhos-aves\/#primaryimage"},"thumbnailUrl":"https:\/\/wingsdustcontrol.com.br\/wp-content\/uploads\/2021\/03\/avi-jector-full-notinopfa0rigtcatyz1sshwfio61f8cpmt3j8ldvs.jpg","datePublished":"2021-03-25T12:07:42+00:00","dateModified":"2023-04-13T20:40:21+00:00","description":"A vacinadora Avi-Jector \u00e9 operada com um compressor, o que elimina a necessidade de eletricidade, um perigo num incubat\u00f3rio \u00famido. Seus componentes s\u00e3o exclusivamente pneum\u00e1ticos, de alta qualidade, eficientes, dur\u00e1veis e de baixa manuten\u00e7\u00e3o.","breadcrumb":{"@id":"https:\/\/wingsdustcontrol.com.br\/avi-jector-vacinadora-injecao-pintinhos-aves\/#breadcrumb"},"inLanguage":"pt-BR","potentialAction":[{"@type":"ReadAction","target":["https:\/\/wingsdustcontrol.com.br\/avi-jector-vacinadora-injecao-pintinhos-aves\/"]}]},{"@type":"ImageObject","inLanguage":"pt-BR","@id":"https:\/\/wingsdustcontrol.com.br\/avi-jector-vacinadora-injecao-pintinhos-aves\/#primaryimage","url":"https:\/\/wingsdustcontrol.com.br\/wp-content\/uploads\/2021\/03\/avi-jector-full-notinopfa0rigtcatyz1sshwfio61f8cpmt3j8ldvs.jpg","contentUrl":"https:\/\/wingsdustcontrol.com.br\/wp-content\/uploads\/2021\/03\/avi-jector-full-notinopfa0rigtcatyz1sshwfio61f8cpmt3j8ldvs.jpg","width":1000,"height":500,"caption":"A vacinadora pneum\u00e1tica Avi-Jector, foi desenvolvida com a finalidade de vacinar qualquer tipo de ave com qualquer tipo de vacina injet\u00e1vel, seja sol\u00favel em \u00e1gua ou em \u00f3leo."},{"@type":"BreadcrumbList","@id":"https:\/\/wingsdustcontrol.com.br\/avi-jector-vacinadora-injecao-pintinhos-aves\/#breadcrumb","itemListElement":[{"@type":"ListItem","position":1,"name":"In\u00edcio","item":"https:\/\/wingsdustcontrol.com.br\/"},{"@type":"ListItem","position":2,"name":"AVI JECTOR"}]},{"@type":"WebSite","@id":"https:\/\/wingsdustcontrol.com.br\/#website","url":"https:\/\/wingsdustcontrol.com.br\/","name":"Wings Ltda |","description":"Transformando sua opera\u00e7\u00e3o no agro.","publisher":{"@id":"https:\/\/wingsdustcontrol.com.br\/#organization"},"potentialAction":[{"@type":"SearchAction","target":{"@type":"EntryPoint","urlTemplate":"https:\/\/wingsdustcontrol.com.br\/?s={search_term_string}"},"query-input":{"@type":"PropertyValueSpecification","valueRequired":true,"valueName":"search_term_string"}}],"inLanguage":"pt-BR"},{"@type":"Organization","@id":"https:\/\/wingsdustcontrol.com.br\/#organization","name":"Wings Ltda","url":"https:\/\/wingsdustcontrol.com.br\/","logo":{"@type":"ImageObject","inLanguage":"pt-BR","@id":"https:\/\/wingsdustcontrol.com.br\/#\/schema\/logo\/image\/","url":"https:\/\/wingsdustcontrol.com.br\/wp-content\/uploads\/2021\/11\/Wings-Logo-A1-e1664037880754.png","contentUrl":"https:\/\/wingsdustcontrol.com.br\/wp-content\/uploads\/2021\/11\/Wings-Logo-A1-e1664037880754.png","width":1089,"height":356,"caption":"Wings Ltda"},"image":{"@id":"https:\/\/wingsdustcontrol.com.br\/#\/schema\/logo\/image\/"},"sameAs":["https:\/\/www.facebook.com\/wingsltda\/","https:\/\/www.linkedin.com\/company\/wingsltda\/","https:\/\/www.youtube.com\/channel\/UC2XSL5EljSgDh-pwalcPLLA"]}]}},"_links":{"self":[{"href":"https:\/\/wingsdustcontrol.com.br\/pt-br\/wp-json\/wp\/v2\/pages\/3469","targetHints":{"allow":["GET"]}}],"collection":[{"href":"https:\/\/wingsdustcontrol.com.br\/pt-br\/wp-json\/wp\/v2\/pages"}],"about":[{"href":"https:\/\/wingsdustcontrol.com.br\/pt-br\/wp-json\/wp\/v2\/types\/page"}],"author":[{"embeddable":true,"href":"https:\/\/wingsdustcontrol.com.br\/pt-br\/wp-json\/wp\/v2\/users\/1"}],"replies":[{"embeddable":true,"href":"https:\/\/wingsdustcontrol.com.br\/pt-br\/wp-json\/wp\/v2\/comments?post=3469"}],"version-history":[{"count":15,"href":"https:\/\/wingsdustcontrol.com.br\/pt-br\/wp-json\/wp\/v2\/pages\/3469\/revisions"}],"predecessor-version":[{"id":8154,"href":"https:\/\/wingsdustcontrol.com.br\/pt-br\/wp-json\/wp\/v2\/pages\/3469\/revisions\/8154"}],"wp:featuredmedia":[{"embeddable":true,"href":"https:\/\/wingsdustcontrol.com.br\/pt-br\/wp-json\/wp\/v2\/media\/2686"}],"wp:attachment":[{"href":"https:\/\/wingsdustcontrol.com.br\/pt-br\/wp-json\/wp\/v2\/media?parent=3469"}],"curies":[{"name":"wp","href":"https:\/\/api.w.org\/{rel}","templated":true}]}}