{"id":3492,"date":"2021-03-25T12:44:21","date_gmt":"2021-03-25T12:44:21","guid":{"rendered":"https:\/\/wingsdustcontrol.com.br\/?page_id=3492"},"modified":"2023-04-13T20:46:39","modified_gmt":"2023-04-13T20:46:39","slug":"avi-spray-vacinacao-ocular-gotinhas-aves-pintinhos","status":"publish","type":"page","link":"https:\/\/wingsdustcontrol.com.br\/pt-br\/avi-spray-vacinacao-ocular-gotinhas-aves-pintinhos\/","title":{"rendered":"AVI SPRAY"},"content":{"rendered":"\n<div class=\"row\"  id=\"row-732021281\">\n\n\n\t<div id=\"col-1971742303\" class=\"col small-12 large-12\"  >\n\t\t\t\t<div class=\"col-inner text-center\"  >\n\t\t\t\n\t\t\t\n\n\t<div class=\"img has-hover x md-x lg-x y md-y lg-y\" id=\"image_798956650\">\n\t\t\t\t\t\t\t\t<div class=\"img-inner dark\" >\n\t\t\t<img loading=\"lazy\" decoding=\"async\" width=\"320\" height=\"250\" src=\"https:\/\/wingsdustcontrol.com.br\/wp-content\/uploads\/2021\/04\/spay1.jpg\" class=\"attachment-large size-large\" alt=\"Avi-Spray Avitec vacinadora spray\" \/>\t\t\t\t\t\t\n\t\t\t\t\t<\/div>\n\t\t\t\t\t\t\t\t\n<style>\n#image_798956650 {\n  width: 35%;\n}\n<\/style>\n\t<\/div>\n\t\n\n\n\t\t<\/div>\n\t\t\t\t\t<\/div>\n\n\t\n\n<\/div>\n<div class=\"row align-center\"  id=\"row-1575907591\">\n\n\n\t<div id=\"col-329050671\" class=\"col medium-7 small-12 large-7\"  >\n\t\t\t\t<div class=\"col-inner\"  >\n\t\t\t\n\t\t\t\n\n<p style=\"text-align: justify;\">O Sistema Avi-Spray desenvolvido pela Wings Ltda, proporciona uma vacina\u00e7\u00e3o ocular f\u00e1cil e segura, com maior prote\u00e7\u00e3o em compara\u00e7\u00e3o com a adi\u00e7\u00e3o de vacina \u00e0 \u00e1gua de beber. As gotas grandes geradas pela Avi-Spray reproduzem o melhor m\u00e9todo de vacina\u00e7\u00e3o para coccidiose, newcastle e bronquite, ou seja, o da gota individual no olho.<\/p>\n<p style=\"text-align: justify;\">O sistema ocular com gotas grandes evita o problema de as aves inalarem a vacina, o que pode provocar rea\u00e7\u00e3o adversa. Al\u00e9m disso, as gotas se espalham no corpo do pinto, o que atrai a aten\u00e7\u00e3o das outras aves, que, por curiosidade, acabam bicando as gotas e ingerindo-as, aumentando assim a prote\u00e7\u00e3o.<\/p>\n<div class=\"social-icons follow-icons\" ><a href=\"https:\/\/www.facebook.com\/wingsltda\" target=\"_blank\" data-label=\"Facebook\" rel=\"noopener noreferrer nofollow\" class=\"icon button circle is-outline facebook tooltip\" title=\"Follow on Facebook\" aria-label=\"Follow on Facebook\"><i class=\"icon-facebook\" ><\/i><\/a><a href=\"mailto:mailto:contato@wingsdustcontrol.com.br\" data-label=\"E-mail\" rel=\"nofollow\" class=\"icon button circle is-outline  email tooltip\" title=\"Envie-nos um email\" aria-label=\"Envie-nos um email\"><i class=\"icon-envelop\" ><\/i><\/a><a href=\"tel:(11) 4789-4070\" target=\"_blank\" data-label=\"Phone\" rel=\"noopener noreferrer nofollow\" class=\"icon button circle is-outline  phone tooltip\" title=\"Call us\" aria-label=\"Call us\"><i class=\"icon-phone\" ><\/i><\/a><a href=\"https:\/\/www.linkedin.com\/company\/wingsltda\/\" target=\"_blank\" rel=\"noopener noreferrer nofollow\" data-label=\"LinkedIn\" class=\"icon button circle is-outline  linkedin tooltip\" title=\"Follow on LinkedIn\" aria-label=\"Follow on LinkedIn\"><i class=\"icon-linkedin\" ><\/i><\/a><\/div>\n\n\n\t\t<\/div>\n\t\t\t\t\t<\/div>\n\n\t\n\n<\/div>\n<div class=\"row\"  id=\"row-1346433183\">\n\n\n\t<div id=\"col-615376153\" class=\"col small-12 large-12\"  >\n\t\t\t\t<div class=\"col-inner\"  >\n\t\t\t\n\t\t\t\n\n<div class=\"row\"  id=\"row-676497778\">\n\n\n\t<div id=\"col-1500490266\" class=\"col medium-4 small-12 large-4\"  >\n\t\t\t\t<div class=\"col-inner\"  >\n\t\t\t\n\t\t\t\n\n\n\t\t<\/div>\n\t\t\t\t\t<\/div>\n\n\t\n\n\t<div id=\"col-1331820467\" class=\"col medium-4 small-12 large-4\"  >\n\t\t\t\t<div class=\"col-inner\"  >\n\t\t\t\n\t\t\t\n\n<a href=\"https:\/\/wingsdustcontrol.com.br\/contato\/\" target=\"_self\" class=\"button primary\"  >\n    <span>Solicitar uma proposta<\/span>\n  <\/a>\n\n\n\n\t\t<\/div>\n\t\t\t\t\t<\/div>\n\n\t\n\n\t<div id=\"col-1456929106\" class=\"col medium-4 small-12 large-4\"  >\n\t\t\t\t<div class=\"col-inner\"  >\n\t\t\t\n\t\t\t\n\n\n\t\t<\/div>\n\t\t\t\t\t<\/div>\n\n\t\n\n<\/div>\n\n\t\t<div class=\"tabbed-content\">\n\t\t\t\n\t\t\t<ul class=\"nav nav-line nav-uppercase nav-size-normal nav-left\"><li class=\"tab active has-icon\"><a href=\"#tab_avi-spray-manual\"><span>Avi Spray Manual<\/span><\/a><\/li>\n<li class=\"tab has-icon\"><a href=\"#tab_avi-spray-autom\u00e1tico\"><span>Avi Spray Autom\u00e1tico<\/span><\/a><\/li><\/ul><div class=\"tab-panels\"><div class=\"panel active entry-content\" id=\"tab_avi-spray-manual\">\n\n<p style=\"text-align: justify;\">A vacinadora Avi-Spray m\u00f3dulo manual \u00e9 100% pneum\u00e1tica e foi desenvolvida com materiais de f\u00e1cil limpeza e higieniza\u00e7\u00e3o. A estrutura \u00e9 de a\u00e7o inoxid\u00e1vel, o que evita a ferrugem. A caixa \u00e9 de acr\u00edlico transparente ou, no modelo mais robusto, de a\u00e7o inoxid\u00e1vel com tampa acr\u00edlica, que n\u00e3o oculta a sujeira e permite a visualiza\u00e7\u00e3o da pulveriza\u00e7\u00e3o sobre os pintos.<\/p>\n<p style=\"text-align: justify;\">Para o conforto do operador, a estrutura \u00e9 montada sobre pernas telesc\u00f3picas, que permitem variar a altura da entrada da caixa, possuindo tamb\u00e9m rodas e travas para facilitar o deslocamento da m\u00e1quina de um local para o outro.<\/p>\n\n<\/div>\n<div class=\"panel entry-content\" id=\"tab_avi-spray-autom\u00e1tico\">\n\n<p style=\"text-align: justify;\">A nova gera\u00e7\u00e3o da Avi-Spray automatizada e ideal para vacinar frango de corte. O operador somente introduz a caixa de pintos no in\u00edcio da esteira e retira do outro lado, depois que termina a vacina\u00e7\u00e3o. Durante o processo, a caixa estaciona embaixo dos bicos pulverizadores e a vacina \u00e9 pulverizada em gotas grandes, com formato de um cone cheio, para garantir uma distribui\u00e7\u00e3o uniforme. Al\u00e9m de ser mais f\u00e1cil, o processo \u00e9 duas vezes mais r\u00e1pido, ou seja, atinge 100.000 pintos\/hora.<\/p>\n\n<\/div><\/div><\/div>\n\n\t\t<\/div>\n\t\t\t\t\t<\/div>\n\n\t\n\n<\/div>\n<div class=\"text-center\"><div class=\"is-divider divider clearfix\" style=\"max-width:316px;\"><\/div><\/div>\n\n<div class=\"container section-title-container\" ><h3 class=\"section-title section-title-normal\"><b><\/b><span class=\"section-title-main\" >Produtos Relacionados<\/span><b><\/b><\/h3><\/div>\n\n<div class=\"row\"  id=\"row-1330902231\">\n\n\n\t<div id=\"col-1093514607\" class=\"col small-12 large-12\"  >\n\t\t\t\t<div class=\"col-inner\"  >\n\t\t\t\n\t\t\t\n\n<div class=\"row\"  id=\"row-562445094\">\n\n\n\t<div id=\"col-978059188\" class=\"col medium-4 small-12 large-4\"  >\n\t\t\t\t<div class=\"col-inner\"  >\n\t\t\t\n\t\t\t\n\n\t<div class=\"box has-hover   has-hover box-text-bottom\" >\n\n\t\t<div class=\"box-image\" >\n\t\t\t<a href=\"https:\/\/wingsdustcontrol.com.br\/avi-beaker\/\"  >\t\t\t<div class=\"image-cover\" style=\"padding-top:197px;\">\n\t\t\t\t<img loading=\"lazy\" decoding=\"async\" width=\"400\" height=\"247\" src=\"https:\/\/wingsdustcontrol.com.br\/wp-content\/uploads\/2022\/07\/avi-beaker-automatico-debicagem-wings.jpg\" class=\"attachment- size-\" alt=\"\" \/>\t\t\t\t\t\t\t\t\t\t\t<\/div>\n\t\t\t<\/a>\t\t<\/div>\n\n\t\t<div class=\"box-text text-center\" >\n\t\t\t<div class=\"box-text-inner\">\n\t\t\t\t\n\n<h4><a href=\"https:\/\/wingsdustcontrol.com.br\/avi-beaker\/\">AVI BEAKER<\/a><\/h4>\n<p>AVICULTURA<\/p>\n\n\t\t\t<\/div>\n\t\t<\/div>\n\t<\/div>\n\t\n\n\t\t<\/div>\n\t\t\t\t\t<\/div>\n\n\t\n\n\t<div id=\"col-1054306242\" class=\"col medium-4 small-12 large-4\"  >\n\t\t\t\t<div class=\"col-inner\"  >\n\t\t\t\n\t\t\t\n\n\t<div class=\"box has-hover   has-hover box-text-bottom\" >\n\n\t\t<div class=\"box-image\" >\n\t\t\t<a href=\"https:\/\/wingsdustcontrol.com.br\/avi-jector-injecao-dupla\/\"  >\t\t\t<div class=\"image-cover\" style=\"padding-top:197px;\">\n\t\t\t\t<img loading=\"lazy\" decoding=\"async\" width=\"300\" height=\"198\" src=\"https:\/\/wingsdustcontrol.com.br\/wp-content\/uploads\/2022\/07\/wings-avi-jector-double-injector-for-oil-and-water-soluble-vaccines.jpg\" class=\"attachment- size-\" alt=\"pullet and chick debeaker for poultry\" \/>\t\t\t\t\t\t\t\t\t\t\t<\/div>\n\t\t\t<\/a>\t\t<\/div>\n\n\t\t<div class=\"box-text text-center\" >\n\t\t\t<div class=\"box-text-inner\">\n\t\t\t\t\n\n<h4>AVI JECTOR INJE\u00c7\u00c3O DUPLA<\/h4>\n<p>AVICULTURA<\/p>\n\n\t\t\t<\/div>\n\t\t<\/div>\n\t<\/div>\n\t\n\n\t\t<\/div>\n\t\t\t\t\t<\/div>\n\n\t\n\n\t<div id=\"col-565814109\" class=\"col medium-4 small-12 large-4\"  >\n\t\t\t\t<div class=\"col-inner\"  >\n\t\t\t\n\t\t\t\n\n\t<div class=\"box has-hover   has-hover box-text-bottom\" >\n\n\t\t<div class=\"box-image\" >\n\t\t\t<a href=\"https:\/\/wingsdustcontrol.com.br\/avi-jector\/\"  >\t\t\t<div class=\"image-cover\" style=\"padding-top:197px;\">\n\t\t\t\t<img loading=\"lazy\" decoding=\"async\" width=\"1000\" height=\"500\" src=\"https:\/\/wingsdustcontrol.com.br\/wp-content\/uploads\/2022\/07\/wings-pneumatic-avi-jector-vaccinating-day-old-chicks.jpg\" class=\"attachment- size-\" alt=\"vacinas para aves avicultura autom\u00e1tico\" srcset=\"https:\/\/wingsdustcontrol.com.br\/wp-content\/uploads\/2022\/07\/wings-pneumatic-avi-jector-vaccinating-day-old-chicks.jpg 1000w, https:\/\/wingsdustcontrol.com.br\/wp-content\/uploads\/2022\/07\/wings-pneumatic-avi-jector-vaccinating-day-old-chicks-800x400.jpg 800w, https:\/\/wingsdustcontrol.com.br\/wp-content\/uploads\/2022\/07\/wings-pneumatic-avi-jector-vaccinating-day-old-chicks-768x384.jpg 768w, https:\/\/wingsdustcontrol.com.br\/wp-content\/uploads\/2022\/07\/wings-pneumatic-avi-jector-vaccinating-day-old-chicks-600x300.jpg 600w\" sizes=\"auto, (max-width: 1000px) 100vw, 1000px\" \/>\t\t\t\t\t\t\t\t\t\t\t<\/div>\n\t\t\t<\/a>\t\t<\/div>\n\n\t\t<div class=\"box-text text-center\" >\n\t\t\t<div class=\"box-text-inner\">\n\t\t\t\t\n\n<h4><a href=\"https:\/\/wingsdustcontrol.com.br\/avi-jector\/\">AVI JECTOR<\/a><\/h4>\n<p>AVICULTURA<\/p>\n\n\t\t\t<\/div>\n\t\t<\/div>\n\t<\/div>\n\t\n\n\t\t<\/div>\n\t\t\t\t\t<\/div>\n\n\t\n\n<\/div>\n\n\t\t<\/div>\n\t\t\t\t\t<\/div>\n\n\t\n\n<\/div>\n","protected":false},"excerpt":{"rendered":"","protected":false},"author":1,"featured_media":2694,"parent":0,"menu_order":0,"comment_status":"closed","ping_status":"closed","template":"page-blank.php","meta":{"footnotes":""},"class_list":["post-3492","page","type-page","status-publish","has-post-thumbnail","hentry"],"yoast_head":"<!-- This site is optimized with the Yoast SEO plugin v26.6 - https:\/\/yoast.com\/wordpress\/plugins\/seo\/ -->\n<title>AVI SPRAY - Wings Ltda |<\/title>\n<meta name=\"description\" content=\"A vacinadora Avi-Spray proporciona uma vacina\u00e7\u00e3o ocular f\u00e1cil e segura, com maior prote\u00e7\u00e3o em compara\u00e7\u00e3o com a adi\u00e7\u00e3o de vacina \u00e0 \u00e1gua de beber. As gotas grandes geradas pela Avi-Spray reproduzem o melhor m\u00e9todo de vacina\u00e7\u00e3o para coccidiose, newcastle e bronquite, ou seja, o da gota individual no olho.\" \/>\n<meta name=\"robots\" content=\"index, follow, max-snippet:-1, max-image-preview:large, max-video-preview:-1\" \/>\n<link rel=\"canonical\" href=\"https:\/\/wingsdustcontrol.com.br\/pt-br\/avi-spray-vacinacao-ocular-gotinhas-aves-pintinhos\/\" \/>\n<meta property=\"og:locale\" content=\"pt_BR\" \/>\n<meta property=\"og:type\" content=\"article\" \/>\n<meta property=\"og:title\" content=\"AVI SPRAY - Wings Ltda |\" \/>\n<meta property=\"og:description\" content=\"A vacinadora Avi-Spray proporciona uma vacina\u00e7\u00e3o ocular f\u00e1cil e segura, com maior prote\u00e7\u00e3o em compara\u00e7\u00e3o com a adi\u00e7\u00e3o de vacina \u00e0 \u00e1gua de beber. As gotas grandes geradas pela Avi-Spray reproduzem o melhor m\u00e9todo de vacina\u00e7\u00e3o para coccidiose, newcastle e bronquite, ou seja, o da gota individual no olho.\" \/>\n<meta property=\"og:url\" content=\"https:\/\/wingsdustcontrol.com.br\/avi-spray-vacinacao-ocular-gotinhas-aves-pintinhos\/\" \/>\n<meta property=\"og:site_name\" content=\"Wings Ltda |\" \/>\n<meta property=\"article:publisher\" content=\"https:\/\/www.facebook.com\/wingsltda\/\" \/>\n<meta property=\"article:modified_time\" content=\"2023-04-13T20:46:39+00:00\" \/>\n<meta property=\"og:image\" content=\"https:\/\/wingsdustcontrol.com.br\/wp-content\/uploads\/2021\/03\/spray5.jpg\" \/>\n\t<meta property=\"og:image:width\" content=\"320\" \/>\n\t<meta property=\"og:image:height\" content=\"250\" \/>\n\t<meta property=\"og:image:type\" content=\"image\/jpeg\" \/>\n<meta name=\"twitter:card\" content=\"summary_large_image\" \/>\n<meta name=\"twitter:label1\" content=\"Est. tempo de leitura\" \/>\n\t<meta name=\"twitter:data1\" content=\"2 minutos\" \/>\n<script type=\"application\/ld+json\" class=\"yoast-schema-graph\">{\"@context\":\"https:\/\/schema.org\",\"@graph\":[{\"@type\":\"WebPage\",\"@id\":\"https:\/\/wingsdustcontrol.com.br\/avi-spray-vacinacao-ocular-gotinhas-aves-pintinhos\/\",\"url\":\"https:\/\/wingsdustcontrol.com.br\/avi-spray-vacinacao-ocular-gotinhas-aves-pintinhos\/\",\"name\":\"AVI SPRAY - Wings Ltda |\",\"isPartOf\":{\"@id\":\"https:\/\/wingsdustcontrol.com.br\/#website\"},\"primaryImageOfPage\":{\"@id\":\"https:\/\/wingsdustcontrol.com.br\/avi-spray-vacinacao-ocular-gotinhas-aves-pintinhos\/#primaryimage\"},\"image\":{\"@id\":\"https:\/\/wingsdustcontrol.com.br\/avi-spray-vacinacao-ocular-gotinhas-aves-pintinhos\/#primaryimage\"},\"thumbnailUrl\":\"https:\/\/wingsdustcontrol.com.br\/wp-content\/uploads\/2021\/03\/spray5.jpg\",\"datePublished\":\"2021-03-25T12:44:21+00:00\",\"dateModified\":\"2023-04-13T20:46:39+00:00\",\"description\":\"A vacinadora Avi-Spray proporciona uma vacina\u00e7\u00e3o ocular f\u00e1cil e segura, com maior prote\u00e7\u00e3o em compara\u00e7\u00e3o com a adi\u00e7\u00e3o de vacina \u00e0 \u00e1gua de beber. As gotas grandes geradas pela Avi-Spray reproduzem o melhor m\u00e9todo de vacina\u00e7\u00e3o para coccidiose, newcastle e bronquite, ou seja, o da gota individual no olho.\",\"breadcrumb\":{\"@id\":\"https:\/\/wingsdustcontrol.com.br\/avi-spray-vacinacao-ocular-gotinhas-aves-pintinhos\/#breadcrumb\"},\"inLanguage\":\"pt-BR\",\"potentialAction\":[{\"@type\":\"ReadAction\",\"target\":[\"https:\/\/wingsdustcontrol.com.br\/avi-spray-vacinacao-ocular-gotinhas-aves-pintinhos\/\"]}]},{\"@type\":\"ImageObject\",\"inLanguage\":\"pt-BR\",\"@id\":\"https:\/\/wingsdustcontrol.com.br\/avi-spray-vacinacao-ocular-gotinhas-aves-pintinhos\/#primaryimage\",\"url\":\"https:\/\/wingsdustcontrol.com.br\/wp-content\/uploads\/2021\/03\/spray5.jpg\",\"contentUrl\":\"https:\/\/wingsdustcontrol.com.br\/wp-content\/uploads\/2021\/03\/spray5.jpg\",\"width\":320,\"height\":250,\"caption\":\"O Sistema Avi-Spray desenvolvido pela Wings Ltda, proporciona uma vacina\u00e7\u00e3o ocular f\u00e1cil e segura, com maior prote\u00e7\u00e3o em compara\u00e7\u00e3o com a adi\u00e7\u00e3o de vacina \u00e0 \u00e1gua de beber. As gotas grandes geradas pela Avi-Spray reproduzem o melhor m\u00e9todo de vacina\u00e7\u00e3o para coccidiose, newcastle e bronquite, ou seja, o da gota individual no olho.\"},{\"@type\":\"BreadcrumbList\",\"@id\":\"https:\/\/wingsdustcontrol.com.br\/avi-spray-vacinacao-ocular-gotinhas-aves-pintinhos\/#breadcrumb\",\"itemListElement\":[{\"@type\":\"ListItem\",\"position\":1,\"name\":\"In\u00edcio\",\"item\":\"https:\/\/wingsdustcontrol.com.br\/\"},{\"@type\":\"ListItem\",\"position\":2,\"name\":\"AVI SPRAY\"}]},{\"@type\":\"WebSite\",\"@id\":\"https:\/\/wingsdustcontrol.com.br\/#website\",\"url\":\"https:\/\/wingsdustcontrol.com.br\/\",\"name\":\"Wings Ltda |\",\"description\":\"Transformando sua opera\u00e7\u00e3o no agro.\",\"publisher\":{\"@id\":\"https:\/\/wingsdustcontrol.com.br\/#organization\"},\"potentialAction\":[{\"@type\":\"SearchAction\",\"target\":{\"@type\":\"EntryPoint\",\"urlTemplate\":\"https:\/\/wingsdustcontrol.com.br\/?s={search_term_string}\"},\"query-input\":{\"@type\":\"PropertyValueSpecification\",\"valueRequired\":true,\"valueName\":\"search_term_string\"}}],\"inLanguage\":\"pt-BR\"},{\"@type\":\"Organization\",\"@id\":\"https:\/\/wingsdustcontrol.com.br\/#organization\",\"name\":\"Wings Ltda\",\"url\":\"https:\/\/wingsdustcontrol.com.br\/\",\"logo\":{\"@type\":\"ImageObject\",\"inLanguage\":\"pt-BR\",\"@id\":\"https:\/\/wingsdustcontrol.com.br\/#\/schema\/logo\/image\/\",\"url\":\"https:\/\/wingsdustcontrol.com.br\/wp-content\/uploads\/2021\/11\/Wings-Logo-A1-e1664037880754.png\",\"contentUrl\":\"https:\/\/wingsdustcontrol.com.br\/wp-content\/uploads\/2021\/11\/Wings-Logo-A1-e1664037880754.png\",\"width\":1089,\"height\":356,\"caption\":\"Wings Ltda\"},\"image\":{\"@id\":\"https:\/\/wingsdustcontrol.com.br\/#\/schema\/logo\/image\/\"},\"sameAs\":[\"https:\/\/www.facebook.com\/wingsltda\/\",\"https:\/\/www.linkedin.com\/company\/wingsltda\/\",\"https:\/\/www.youtube.com\/channel\/UC2XSL5EljSgDh-pwalcPLLA\"]}]}<\/script>\n<!-- \/ Yoast SEO plugin. -->","yoast_head_json":{"title":"AVI SPRAY - Wings Ltda |","description":"A vacinadora Avi-Spray proporciona uma vacina\u00e7\u00e3o ocular f\u00e1cil e segura, com maior prote\u00e7\u00e3o em compara\u00e7\u00e3o com a adi\u00e7\u00e3o de vacina \u00e0 \u00e1gua de beber. As gotas grandes geradas pela Avi-Spray reproduzem o melhor m\u00e9todo de vacina\u00e7\u00e3o para coccidiose, newcastle e bronquite, ou seja, o da gota individual no olho.","robots":{"index":"index","follow":"follow","max-snippet":"max-snippet:-1","max-image-preview":"max-image-preview:large","max-video-preview":"max-video-preview:-1"},"canonical":"https:\/\/wingsdustcontrol.com.br\/pt-br\/avi-spray-vacinacao-ocular-gotinhas-aves-pintinhos\/","og_locale":"pt_BR","og_type":"article","og_title":"AVI SPRAY - Wings Ltda |","og_description":"A vacinadora Avi-Spray proporciona uma vacina\u00e7\u00e3o ocular f\u00e1cil e segura, com maior prote\u00e7\u00e3o em compara\u00e7\u00e3o com a adi\u00e7\u00e3o de vacina \u00e0 \u00e1gua de beber. As gotas grandes geradas pela Avi-Spray reproduzem o melhor m\u00e9todo de vacina\u00e7\u00e3o para coccidiose, newcastle e bronquite, ou seja, o da gota individual no olho.","og_url":"https:\/\/wingsdustcontrol.com.br\/avi-spray-vacinacao-ocular-gotinhas-aves-pintinhos\/","og_site_name":"Wings Ltda |","article_publisher":"https:\/\/www.facebook.com\/wingsltda\/","article_modified_time":"2023-04-13T20:46:39+00:00","og_image":[{"width":320,"height":250,"url":"https:\/\/wingsdustcontrol.com.br\/wp-content\/uploads\/2021\/03\/spray5.jpg","type":"image\/jpeg"}],"twitter_card":"summary_large_image","twitter_misc":{"Est. tempo de leitura":"2 minutos"},"schema":{"@context":"https:\/\/schema.org","@graph":[{"@type":"WebPage","@id":"https:\/\/wingsdustcontrol.com.br\/avi-spray-vacinacao-ocular-gotinhas-aves-pintinhos\/","url":"https:\/\/wingsdustcontrol.com.br\/avi-spray-vacinacao-ocular-gotinhas-aves-pintinhos\/","name":"AVI SPRAY - Wings Ltda |","isPartOf":{"@id":"https:\/\/wingsdustcontrol.com.br\/#website"},"primaryImageOfPage":{"@id":"https:\/\/wingsdustcontrol.com.br\/avi-spray-vacinacao-ocular-gotinhas-aves-pintinhos\/#primaryimage"},"image":{"@id":"https:\/\/wingsdustcontrol.com.br\/avi-spray-vacinacao-ocular-gotinhas-aves-pintinhos\/#primaryimage"},"thumbnailUrl":"https:\/\/wingsdustcontrol.com.br\/wp-content\/uploads\/2021\/03\/spray5.jpg","datePublished":"2021-03-25T12:44:21+00:00","dateModified":"2023-04-13T20:46:39+00:00","description":"A vacinadora Avi-Spray proporciona uma vacina\u00e7\u00e3o ocular f\u00e1cil e segura, com maior prote\u00e7\u00e3o em compara\u00e7\u00e3o com a adi\u00e7\u00e3o de vacina \u00e0 \u00e1gua de beber. As gotas grandes geradas pela Avi-Spray reproduzem o melhor m\u00e9todo de vacina\u00e7\u00e3o para coccidiose, newcastle e bronquite, ou seja, o da gota individual no olho.","breadcrumb":{"@id":"https:\/\/wingsdustcontrol.com.br\/avi-spray-vacinacao-ocular-gotinhas-aves-pintinhos\/#breadcrumb"},"inLanguage":"pt-BR","potentialAction":[{"@type":"ReadAction","target":["https:\/\/wingsdustcontrol.com.br\/avi-spray-vacinacao-ocular-gotinhas-aves-pintinhos\/"]}]},{"@type":"ImageObject","inLanguage":"pt-BR","@id":"https:\/\/wingsdustcontrol.com.br\/avi-spray-vacinacao-ocular-gotinhas-aves-pintinhos\/#primaryimage","url":"https:\/\/wingsdustcontrol.com.br\/wp-content\/uploads\/2021\/03\/spray5.jpg","contentUrl":"https:\/\/wingsdustcontrol.com.br\/wp-content\/uploads\/2021\/03\/spray5.jpg","width":320,"height":250,"caption":"O Sistema Avi-Spray desenvolvido pela Wings Ltda, proporciona uma vacina\u00e7\u00e3o ocular f\u00e1cil e segura, com maior prote\u00e7\u00e3o em compara\u00e7\u00e3o com a adi\u00e7\u00e3o de vacina \u00e0 \u00e1gua de beber. As gotas grandes geradas pela Avi-Spray reproduzem o melhor m\u00e9todo de vacina\u00e7\u00e3o para coccidiose, newcastle e bronquite, ou seja, o da gota individual no olho."},{"@type":"BreadcrumbList","@id":"https:\/\/wingsdustcontrol.com.br\/avi-spray-vacinacao-ocular-gotinhas-aves-pintinhos\/#breadcrumb","itemListElement":[{"@type":"ListItem","position":1,"name":"In\u00edcio","item":"https:\/\/wingsdustcontrol.com.br\/"},{"@type":"ListItem","position":2,"name":"AVI SPRAY"}]},{"@type":"WebSite","@id":"https:\/\/wingsdustcontrol.com.br\/#website","url":"https:\/\/wingsdustcontrol.com.br\/","name":"Wings Ltda |","description":"Transformando sua opera\u00e7\u00e3o no agro.","publisher":{"@id":"https:\/\/wingsdustcontrol.com.br\/#organization"},"potentialAction":[{"@type":"SearchAction","target":{"@type":"EntryPoint","urlTemplate":"https:\/\/wingsdustcontrol.com.br\/?s={search_term_string}"},"query-input":{"@type":"PropertyValueSpecification","valueRequired":true,"valueName":"search_term_string"}}],"inLanguage":"pt-BR"},{"@type":"Organization","@id":"https:\/\/wingsdustcontrol.com.br\/#organization","name":"Wings Ltda","url":"https:\/\/wingsdustcontrol.com.br\/","logo":{"@type":"ImageObject","inLanguage":"pt-BR","@id":"https:\/\/wingsdustcontrol.com.br\/#\/schema\/logo\/image\/","url":"https:\/\/wingsdustcontrol.com.br\/wp-content\/uploads\/2021\/11\/Wings-Logo-A1-e1664037880754.png","contentUrl":"https:\/\/wingsdustcontrol.com.br\/wp-content\/uploads\/2021\/11\/Wings-Logo-A1-e1664037880754.png","width":1089,"height":356,"caption":"Wings Ltda"},"image":{"@id":"https:\/\/wingsdustcontrol.com.br\/#\/schema\/logo\/image\/"},"sameAs":["https:\/\/www.facebook.com\/wingsltda\/","https:\/\/www.linkedin.com\/company\/wingsltda\/","https:\/\/www.youtube.com\/channel\/UC2XSL5EljSgDh-pwalcPLLA"]}]}},"_links":{"self":[{"href":"https:\/\/wingsdustcontrol.com.br\/pt-br\/wp-json\/wp\/v2\/pages\/3492","targetHints":{"allow":["GET"]}}],"collection":[{"href":"https:\/\/wingsdustcontrol.com.br\/pt-br\/wp-json\/wp\/v2\/pages"}],"about":[{"href":"https:\/\/wingsdustcontrol.com.br\/pt-br\/wp-json\/wp\/v2\/types\/page"}],"author":[{"embeddable":true,"href":"https:\/\/wingsdustcontrol.com.br\/pt-br\/wp-json\/wp\/v2\/users\/1"}],"replies":[{"embeddable":true,"href":"https:\/\/wingsdustcontrol.com.br\/pt-br\/wp-json\/wp\/v2\/comments?post=3492"}],"version-history":[{"count":9,"href":"https:\/\/wingsdustcontrol.com.br\/pt-br\/wp-json\/wp\/v2\/pages\/3492\/revisions"}],"predecessor-version":[{"id":8152,"href":"https:\/\/wingsdustcontrol.com.br\/pt-br\/wp-json\/wp\/v2\/pages\/3492\/revisions\/8152"}],"wp:featuredmedia":[{"embeddable":true,"href":"https:\/\/wingsdustcontrol.com.br\/pt-br\/wp-json\/wp\/v2\/media\/2694"}],"wp:attachment":[{"href":"https:\/\/wingsdustcontrol.com.br\/pt-br\/wp-json\/wp\/v2\/media?parent=3492"}],"curies":[{"name":"wp","href":"https:\/\/api.w.org\/{rel}","templated":true}]}}