{"id":3505,"date":"2021-03-25T13:01:56","date_gmt":"2021-03-25T13:01:56","guid":{"rendered":"https:\/\/wingsdustcontrol.com.br\/?page_id=3505"},"modified":"2023-10-05T12:59:32","modified_gmt":"2023-10-05T15:59:32","slug":"usinagem-ferramentaria-caldeiraria","status":"publish","type":"page","link":"https:\/\/wingsdustcontrol.com.br\/pt-br\/usinagem-ferramentaria-caldeiraria\/","title":{"rendered":"SERVI\u00c7OS"},"content":{"rendered":"\n<div class=\"slider-wrapper relative\" id=\"slider-1538012495\" >\n    <div class=\"slider slider-nav-circle slider-nav-large slider-nav-light slider-style-normal\"\n        data-flickity-options='{\n            \"cellAlign\": \"center\",\n            \"imagesLoaded\": true,\n            \"lazyLoad\": 1,\n            \"freeScroll\": false,\n            \"wrapAround\": true,\n            \"autoPlay\": 6000,\n            \"pauseAutoPlayOnHover\" : true,\n            \"prevNextButtons\": true,\n            \"contain\" : true,\n            \"adaptiveHeight\" : true,\n            \"dragThreshold\" : 10,\n            \"percentPosition\": true,\n            \"pageDots\": true,\n            \"rightToLeft\": false,\n            \"draggable\": true,\n            \"selectedAttraction\": 0.1,\n            \"parallax\" : 0,\n            \"friction\": 0.6        }'\n        >\n        \n\n\n  <div class=\"banner has-hover\" id=\"banner-615292812\">\n          <div class=\"banner-inner fill\">\n        <div class=\"banner-bg fill\" >\n            <div class=\"bg fill bg-fill \"><\/div>\n                        <div class=\"overlay\"><\/div>            \n                    <\/div>\n        <div class=\"banner-layers container\">\n            <div class=\"fill banner-link\"><\/div>            \n\n   <div id=\"text-box-986277523\" class=\"text-box banner-layer text-box-circle x90 md-x90 lg-x90 y50 md-y50 lg-y50 res-text\">\n                                <div class=\"text-box-content text dark\">\n              \n              <div class=\"text-inner text-center\">\n                  \n\n<h2 class=\"uppercase\">Servi\u00e7os completos&nbsp;<\/h2>\n<h3>de usinagem, ferramentaria e caldeiraria<\/h3>\n\n              <\/div>\n           <\/div>\n                            \n<style>\n#text-box-986277523 .text-box-content {\n  background-color: rgb(22, 43, 15);\n  font-size: 100%;\n  transform: rotate(17deg);\n}\n#text-box-986277523 .text-inner {\n  padding: 30px 30px 30px 30px;\n}\n#text-box-986277523 {\n  width: 60%;\n}\n@media (min-width:550px) {\n  #text-box-986277523 {\n    width: 40%;\n  }\n}\n<\/style>\n    <\/div>\n \n\n        <\/div>\n      <\/div>\n\n            \n<style>\n#banner-615292812 {\n  padding-top: 500px;\n}\n#banner-615292812 .bg.bg-loaded {\n  background-image: url(https:\/\/wingsdustcontrol.com.br\/wp-content\/uploads\/2021\/03\/pecas-seriadas-e-nao-seriadas-01.jpg);\n}\n#banner-615292812 .overlay {\n  background-color: rgba(0, 0, 0, 0.31);\n}\n<\/style>\n  <\/div>\n\n\n\n     <\/div>\n\n     <div class=\"loading-spin dark large centered\"><\/div>\n\n     \t<\/div>\n\n\n<div class=\"container section-title-container\" ><h3 class=\"section-title section-title-center\"><b><\/b><span class=\"section-title-main\" >SERVI\u00c7OS<\/span><b><\/b><\/h3><\/div>\n\n<div class=\"row\"  id=\"row-1752464601\">\n\n\n\t<div id=\"col-1454004311\" class=\"col small-12 large-12\"  >\n\t\t\t\t<div class=\"col-inner\"  >\n\t\t\t\n\t\t\t\n\n<p style=\"text-align: justify;\">A <strong>Wings<\/strong> oferece, em uma \u00fanica empresa, solu\u00e7\u00f5es ideais em ferramentaria, usinagem seriada e n\u00e3o seriada, caldeiraria e desenvolvimento de projetos especiais. Nosso completo portf\u00f3lio de servi\u00e7os garante flexibilidade e tranquilidade para que nossos clientes obtenham o melhor atendimento e servi\u00e7os impec\u00e1veis, tudo em um s\u00f3 lugar.<\/p>\n<p style=\"text-align: justify;\">Realizamos usinagem seriada e n\u00e3o seriada em todas as mat\u00e9rias-primas com os seguintes equipamentos:<\/p>\n<ul>\n<li>Fresas ferramenteira e CNC;<\/li>\n<li>Tornos CNC, mec\u00e2nico e rev\u00f3lver;<\/li>\n<li>Furadeira de precis\u00e3o;<\/li>\n<li>Rosqueadeiras.<\/li>\n<li>Todos est\u00e3o equipados com sistema digital.<\/li>\n<\/ul>\n<p>Os servi\u00e7os especializados de caldeiraria incluem:<\/p>\n<ol>\n<li>Corte;<\/li>\n<li>Dobra;<\/li>\n<li>Solda em a\u00e7o carbono, a\u00e7o inox e alum\u00ednio.<\/li>\n<\/ol>\n<p style=\"text-align: justify;\">Os projetos seguem as normas da <strong>ABNT<\/strong> e s\u00e3o assinados por profissionais registrados no <strong>CREA-SP<\/strong>.<\/p>\n<p style=\"text-align: justify;\">Os projetos s\u00e3o desenvolvidos totalmente em 3D com o programa SolidWorks, capaz de prever falhas e erros de projeto e de elaborar projetos especiais conforme as especifica\u00e7\u00f5es dos clientes, incluindo tamb\u00e9m automa\u00e7\u00e3o e dispositivos poka-yoke.<\/p>\n<p style=\"text-align: justify;\">Se precisa de usinagem, ferramentaria ou caldeiraria, fale conosco!<\/p>\n\n\t\t<\/div>\n\t\t\t\t\t<\/div>\n\n\t\n\n<\/div>\n<div class=\"row\"  id=\"row-1901996119\">\n\n\n\t<div id=\"col-647928893\" class=\"col medium-4 small-12 large-4\"  >\n\t\t\t\t<div class=\"col-inner\"  >\n\t\t\t\n\t\t\t\n\n<p><strong>CATEGORIAS<\/strong><\/p>\n<p><a href=\"https:\/\/wingsdustcontrol.com.br\/como-e-porque-se-deve-fazer-o-despoeiramento-em-sua-moega\/\">DustControl<\/a><\/p>\n<p><a href=\"https:\/\/wingsdustcontrol.com.br\/avicultura\/\">Avicultura<\/a><\/p>\n<p>Infraestrutura<\/p>\n<p><a href=\"https:\/\/wingsdustcontrol.com.br\/infraestrutura-para-ferramentaria-e-usinagem-seriada-e-nao-seriada\/\">Usinagem e Caldeiraria<\/a><\/p>\n\n\t\t<\/div>\n\t\t\t\t\t<\/div>\n\n\t\n\n\t<div id=\"col-1057387093\" class=\"col medium-8 small-12 large-8\"  >\n\t\t\t\t<div class=\"col-inner\"  >\n\t\t\t\n\t\t\t\n\n<div class=\"row\"  id=\"row-440322644\">\n\n\n\t<div id=\"col-1378959277\" class=\"col medium-6 small-12 large-6\"  >\n\t\t\t\t<div class=\"col-inner\"  >\n\t\t\t\n\t\t\t\n\n\t<div class=\"box has-hover   has-hover box-text-bottom\" >\n\n\t\t<div class=\"box-image\" >\n\t\t\t<a href=\"https:\/\/wingsferramentaria.com.br\/\"  >\t\t\t<div class=\"\" >\n\t\t\t\t<img loading=\"lazy\" decoding=\"async\" width=\"800\" height=\"600\" src=\"https:\/\/wingsdustcontrol.com.br\/wp-content\/uploads\/2021\/03\/pecas-seriadas-e-nao-seriadas-01.jpg\" class=\"attachment- size-\" alt=\"Infraestrutura para ferramentaria e usinagem seriada e n\u00e3o seriada\" srcset=\"https:\/\/wingsdustcontrol.com.br\/wp-content\/uploads\/2021\/03\/pecas-seriadas-e-nao-seriadas-01.jpg 800w, https:\/\/wingsdustcontrol.com.br\/wp-content\/uploads\/2021\/03\/pecas-seriadas-e-nao-seriadas-01-533x400.jpg 533w, https:\/\/wingsdustcontrol.com.br\/wp-content\/uploads\/2021\/03\/pecas-seriadas-e-nao-seriadas-01-768x576.jpg 768w, https:\/\/wingsdustcontrol.com.br\/wp-content\/uploads\/2021\/03\/pecas-seriadas-e-nao-seriadas-01-600x450.jpg 600w\" sizes=\"auto, (max-width: 800px) 100vw, 800px\" \/>\t\t\t\t\t\t\t\t\t\t\t<\/div>\n\t\t\t<\/a>\t\t<\/div>\n\n\t\t<div class=\"box-text text-center\" >\n\t\t\t<div class=\"box-text-inner\">\n\t\t\t\t\n\n<h4>INFRAESTRUTURA<\/h4>\n<p>SERVI\u00c7OS<\/p>\n\n\t\t\t<\/div>\n\t\t<\/div>\n\t<\/div>\n\t\n\n\t\t<\/div>\n\t\t\t\t\t<\/div>\n\n\t\n\n\t<div id=\"col-894123727\" class=\"col medium-6 small-12 large-6\"  >\n\t\t\t\t<div class=\"col-inner\"  >\n\t\t\t\n\t\t\t\n\n\t<div class=\"box has-hover   has-hover box-text-bottom\" >\n\n\t\t<div class=\"box-image\" >\n\t\t\t<a href=\"https:\/\/wingsferramentaria.com.br\/\"  >\t\t\t<div class=\"image-cover\" style=\"padding-top:255px;\">\n\t\t\t\t<img loading=\"lazy\" decoding=\"async\" width=\"296\" height=\"194\" src=\"https:\/\/wingsdustcontrol.com.br\/wp-content\/uploads\/2021\/03\/usinagem2.png\" class=\"attachment- size-\" alt=\"Usinagem e calderaria Wings Ltda\" \/>\t\t\t\t\t\t\t\t\t\t\t<\/div>\n\t\t\t<\/a>\t\t<\/div>\n\n\t\t<div class=\"box-text text-center\" >\n\t\t\t<div class=\"box-text-inner\">\n\t\t\t\t\n\n<h4>USINAGEM<\/h4>\n<p>SERVI\u00c7OS<\/p>\n\n\t\t\t<\/div>\n\t\t<\/div>\n\t<\/div>\n\t\n\n\t\t<\/div>\n\t\t\t\t\t<\/div>\n\n\t\n\n<\/div>\n\n\t\t<\/div>\n\t\t\t\t\t<\/div>\n\n\t\n\n<\/div>\n\n","protected":false},"excerpt":{"rendered":"","protected":false},"author":1,"featured_media":2651,"parent":0,"menu_order":0,"comment_status":"closed","ping_status":"closed","template":"","meta":{"footnotes":""},"class_list":["post-3505","page","type-page","status-publish","has-post-thumbnail","hentry"],"yoast_head":"<!-- This site is optimized with the Yoast SEO plugin v26.6 - https:\/\/yoast.com\/wordpress\/plugins\/seo\/ -->\n<title>SERVI\u00c7OS - Wings Ltda |<\/title>\n<meta name=\"robots\" content=\"index, follow, max-snippet:-1, max-image-preview:large, max-video-preview:-1\" \/>\n<link rel=\"canonical\" href=\"https:\/\/wingsdustcontrol.com.br\/pt-br\/usinagem-ferramentaria-caldeiraria\/\" \/>\n<meta property=\"og:locale\" content=\"pt_BR\" \/>\n<meta property=\"og:type\" content=\"article\" \/>\n<meta property=\"og:title\" content=\"SERVI\u00c7OS - Wings Ltda |\" \/>\n<meta property=\"og:url\" content=\"https:\/\/wingsdustcontrol.com.br\/usinagem-ferramentaria-caldeiraria\/\" \/>\n<meta property=\"og:site_name\" content=\"Wings Ltda |\" \/>\n<meta property=\"article:publisher\" content=\"https:\/\/www.facebook.com\/wingsltda\/\" \/>\n<meta property=\"article:modified_time\" content=\"2023-10-05T15:59:32+00:00\" \/>\n<meta property=\"og:image\" content=\"https:\/\/wingsdustcontrol.com.br\/wp-content\/uploads\/2021\/03\/planta-sustentavel.jpg\" \/>\n\t<meta property=\"og:image:width\" content=\"512\" \/>\n\t<meta property=\"og:image:height\" content=\"268\" \/>\n\t<meta property=\"og:image:type\" content=\"image\/jpeg\" \/>\n<meta name=\"twitter:card\" content=\"summary_large_image\" \/>\n<meta name=\"twitter:label1\" content=\"Est. tempo de leitura\" \/>\n\t<meta name=\"twitter:data1\" content=\"2 minutos\" \/>\n<script type=\"application\/ld+json\" class=\"yoast-schema-graph\">{\"@context\":\"https:\/\/schema.org\",\"@graph\":[{\"@type\":\"WebPage\",\"@id\":\"https:\/\/wingsdustcontrol.com.br\/usinagem-ferramentaria-caldeiraria\/\",\"url\":\"https:\/\/wingsdustcontrol.com.br\/usinagem-ferramentaria-caldeiraria\/\",\"name\":\"SERVI\u00c7OS - Wings Ltda |\",\"isPartOf\":{\"@id\":\"https:\/\/wingsdustcontrol.com.br\/#website\"},\"primaryImageOfPage\":{\"@id\":\"https:\/\/wingsdustcontrol.com.br\/usinagem-ferramentaria-caldeiraria\/#primaryimage\"},\"image\":{\"@id\":\"https:\/\/wingsdustcontrol.com.br\/usinagem-ferramentaria-caldeiraria\/#primaryimage\"},\"thumbnailUrl\":\"https:\/\/wingsdustcontrol.com.br\/wp-content\/uploads\/2021\/03\/planta-sustentavel.jpg\",\"datePublished\":\"2021-03-25T13:01:56+00:00\",\"dateModified\":\"2023-10-05T15:59:32+00:00\",\"breadcrumb\":{\"@id\":\"https:\/\/wingsdustcontrol.com.br\/usinagem-ferramentaria-caldeiraria\/#breadcrumb\"},\"inLanguage\":\"pt-BR\",\"potentialAction\":[{\"@type\":\"ReadAction\",\"target\":[\"https:\/\/wingsdustcontrol.com.br\/usinagem-ferramentaria-caldeiraria\/\"]}]},{\"@type\":\"ImageObject\",\"inLanguage\":\"pt-BR\",\"@id\":\"https:\/\/wingsdustcontrol.com.br\/usinagem-ferramentaria-caldeiraria\/#primaryimage\",\"url\":\"https:\/\/wingsdustcontrol.com.br\/wp-content\/uploads\/2021\/03\/planta-sustentavel.jpg\",\"contentUrl\":\"https:\/\/wingsdustcontrol.com.br\/wp-content\/uploads\/2021\/03\/planta-sustentavel.jpg\",\"width\":512,\"height\":268,\"caption\":\"Plantio sustent\u00e1vel,\"},{\"@type\":\"BreadcrumbList\",\"@id\":\"https:\/\/wingsdustcontrol.com.br\/usinagem-ferramentaria-caldeiraria\/#breadcrumb\",\"itemListElement\":[{\"@type\":\"ListItem\",\"position\":1,\"name\":\"In\u00edcio\",\"item\":\"https:\/\/wingsdustcontrol.com.br\/\"},{\"@type\":\"ListItem\",\"position\":2,\"name\":\"SERVI\u00c7OS\"}]},{\"@type\":\"WebSite\",\"@id\":\"https:\/\/wingsdustcontrol.com.br\/#website\",\"url\":\"https:\/\/wingsdustcontrol.com.br\/\",\"name\":\"Wings Ltda |\",\"description\":\"Transformando sua opera\u00e7\u00e3o no agro.\",\"publisher\":{\"@id\":\"https:\/\/wingsdustcontrol.com.br\/#organization\"},\"potentialAction\":[{\"@type\":\"SearchAction\",\"target\":{\"@type\":\"EntryPoint\",\"urlTemplate\":\"https:\/\/wingsdustcontrol.com.br\/?s={search_term_string}\"},\"query-input\":{\"@type\":\"PropertyValueSpecification\",\"valueRequired\":true,\"valueName\":\"search_term_string\"}}],\"inLanguage\":\"pt-BR\"},{\"@type\":\"Organization\",\"@id\":\"https:\/\/wingsdustcontrol.com.br\/#organization\",\"name\":\"Wings Ltda\",\"url\":\"https:\/\/wingsdustcontrol.com.br\/\",\"logo\":{\"@type\":\"ImageObject\",\"inLanguage\":\"pt-BR\",\"@id\":\"https:\/\/wingsdustcontrol.com.br\/#\/schema\/logo\/image\/\",\"url\":\"https:\/\/wingsdustcontrol.com.br\/wp-content\/uploads\/2021\/11\/Wings-Logo-A1-e1664037880754.png\",\"contentUrl\":\"https:\/\/wingsdustcontrol.com.br\/wp-content\/uploads\/2021\/11\/Wings-Logo-A1-e1664037880754.png\",\"width\":1089,\"height\":356,\"caption\":\"Wings Ltda\"},\"image\":{\"@id\":\"https:\/\/wingsdustcontrol.com.br\/#\/schema\/logo\/image\/\"},\"sameAs\":[\"https:\/\/www.facebook.com\/wingsltda\/\",\"https:\/\/www.linkedin.com\/company\/wingsltda\/\",\"https:\/\/www.youtube.com\/channel\/UC2XSL5EljSgDh-pwalcPLLA\"]}]}<\/script>\n<!-- \/ Yoast SEO plugin. -->","yoast_head_json":{"title":"SERVI\u00c7OS - Wings Ltda |","robots":{"index":"index","follow":"follow","max-snippet":"max-snippet:-1","max-image-preview":"max-image-preview:large","max-video-preview":"max-video-preview:-1"},"canonical":"https:\/\/wingsdustcontrol.com.br\/pt-br\/usinagem-ferramentaria-caldeiraria\/","og_locale":"pt_BR","og_type":"article","og_title":"SERVI\u00c7OS - Wings Ltda |","og_url":"https:\/\/wingsdustcontrol.com.br\/usinagem-ferramentaria-caldeiraria\/","og_site_name":"Wings Ltda |","article_publisher":"https:\/\/www.facebook.com\/wingsltda\/","article_modified_time":"2023-10-05T15:59:32+00:00","og_image":[{"width":512,"height":268,"url":"https:\/\/wingsdustcontrol.com.br\/wp-content\/uploads\/2021\/03\/planta-sustentavel.jpg","type":"image\/jpeg"}],"twitter_card":"summary_large_image","twitter_misc":{"Est. tempo de leitura":"2 minutos"},"schema":{"@context":"https:\/\/schema.org","@graph":[{"@type":"WebPage","@id":"https:\/\/wingsdustcontrol.com.br\/usinagem-ferramentaria-caldeiraria\/","url":"https:\/\/wingsdustcontrol.com.br\/usinagem-ferramentaria-caldeiraria\/","name":"SERVI\u00c7OS - Wings Ltda |","isPartOf":{"@id":"https:\/\/wingsdustcontrol.com.br\/#website"},"primaryImageOfPage":{"@id":"https:\/\/wingsdustcontrol.com.br\/usinagem-ferramentaria-caldeiraria\/#primaryimage"},"image":{"@id":"https:\/\/wingsdustcontrol.com.br\/usinagem-ferramentaria-caldeiraria\/#primaryimage"},"thumbnailUrl":"https:\/\/wingsdustcontrol.com.br\/wp-content\/uploads\/2021\/03\/planta-sustentavel.jpg","datePublished":"2021-03-25T13:01:56+00:00","dateModified":"2023-10-05T15:59:32+00:00","breadcrumb":{"@id":"https:\/\/wingsdustcontrol.com.br\/usinagem-ferramentaria-caldeiraria\/#breadcrumb"},"inLanguage":"pt-BR","potentialAction":[{"@type":"ReadAction","target":["https:\/\/wingsdustcontrol.com.br\/usinagem-ferramentaria-caldeiraria\/"]}]},{"@type":"ImageObject","inLanguage":"pt-BR","@id":"https:\/\/wingsdustcontrol.com.br\/usinagem-ferramentaria-caldeiraria\/#primaryimage","url":"https:\/\/wingsdustcontrol.com.br\/wp-content\/uploads\/2021\/03\/planta-sustentavel.jpg","contentUrl":"https:\/\/wingsdustcontrol.com.br\/wp-content\/uploads\/2021\/03\/planta-sustentavel.jpg","width":512,"height":268,"caption":"Plantio sustent\u00e1vel,"},{"@type":"BreadcrumbList","@id":"https:\/\/wingsdustcontrol.com.br\/usinagem-ferramentaria-caldeiraria\/#breadcrumb","itemListElement":[{"@type":"ListItem","position":1,"name":"In\u00edcio","item":"https:\/\/wingsdustcontrol.com.br\/"},{"@type":"ListItem","position":2,"name":"SERVI\u00c7OS"}]},{"@type":"WebSite","@id":"https:\/\/wingsdustcontrol.com.br\/#website","url":"https:\/\/wingsdustcontrol.com.br\/","name":"Wings Ltda |","description":"Transformando sua opera\u00e7\u00e3o no agro.","publisher":{"@id":"https:\/\/wingsdustcontrol.com.br\/#organization"},"potentialAction":[{"@type":"SearchAction","target":{"@type":"EntryPoint","urlTemplate":"https:\/\/wingsdustcontrol.com.br\/?s={search_term_string}"},"query-input":{"@type":"PropertyValueSpecification","valueRequired":true,"valueName":"search_term_string"}}],"inLanguage":"pt-BR"},{"@type":"Organization","@id":"https:\/\/wingsdustcontrol.com.br\/#organization","name":"Wings Ltda","url":"https:\/\/wingsdustcontrol.com.br\/","logo":{"@type":"ImageObject","inLanguage":"pt-BR","@id":"https:\/\/wingsdustcontrol.com.br\/#\/schema\/logo\/image\/","url":"https:\/\/wingsdustcontrol.com.br\/wp-content\/uploads\/2021\/11\/Wings-Logo-A1-e1664037880754.png","contentUrl":"https:\/\/wingsdustcontrol.com.br\/wp-content\/uploads\/2021\/11\/Wings-Logo-A1-e1664037880754.png","width":1089,"height":356,"caption":"Wings Ltda"},"image":{"@id":"https:\/\/wingsdustcontrol.com.br\/#\/schema\/logo\/image\/"},"sameAs":["https:\/\/www.facebook.com\/wingsltda\/","https:\/\/www.linkedin.com\/company\/wingsltda\/","https:\/\/www.youtube.com\/channel\/UC2XSL5EljSgDh-pwalcPLLA"]}]}},"_links":{"self":[{"href":"https:\/\/wingsdustcontrol.com.br\/pt-br\/wp-json\/wp\/v2\/pages\/3505","targetHints":{"allow":["GET"]}}],"collection":[{"href":"https:\/\/wingsdustcontrol.com.br\/pt-br\/wp-json\/wp\/v2\/pages"}],"about":[{"href":"https:\/\/wingsdustcontrol.com.br\/pt-br\/wp-json\/wp\/v2\/types\/page"}],"author":[{"embeddable":true,"href":"https:\/\/wingsdustcontrol.com.br\/pt-br\/wp-json\/wp\/v2\/users\/1"}],"replies":[{"embeddable":true,"href":"https:\/\/wingsdustcontrol.com.br\/pt-br\/wp-json\/wp\/v2\/comments?post=3505"}],"version-history":[{"count":6,"href":"https:\/\/wingsdustcontrol.com.br\/pt-br\/wp-json\/wp\/v2\/pages\/3505\/revisions"}],"predecessor-version":[{"id":17931,"href":"https:\/\/wingsdustcontrol.com.br\/pt-br\/wp-json\/wp\/v2\/pages\/3505\/revisions\/17931"}],"wp:featuredmedia":[{"embeddable":true,"href":"https:\/\/wingsdustcontrol.com.br\/pt-br\/wp-json\/wp\/v2\/media\/2651"}],"wp:attachment":[{"href":"https:\/\/wingsdustcontrol.com.br\/pt-br\/wp-json\/wp\/v2\/media?parent=3505"}],"curies":[{"name":"wp","href":"https:\/\/api.w.org\/{rel}","templated":true}]}}