{"id":3510,"date":"2021-03-25T13:22:04","date_gmt":"2021-03-25T13:22:04","guid":{"rendered":"https:\/\/wingsdustcontrol.com.br\/?page_id=3510"},"modified":"2021-03-25T13:32:47","modified_gmt":"2021-03-25T13:32:47","slug":"infraestrutura-para-ferramentaria-e-usinagem-seriada-e-nao-seriada","status":"publish","type":"page","link":"https:\/\/wingsdustcontrol.com.br\/pt-br\/infraestrutura-para-ferramentaria-e-usinagem-seriada-e-nao-seriada\/","title":{"rendered":"INFRAESTRUTURA PARA FERRAMENTARIA E USINAGEM SERIADA E N\u00c3O SERIADA"},"content":{"rendered":"\n<div class=\"row\"  id=\"row-1232245813\">\n\n\n\t<div id=\"col-2041209667\" class=\"col small-12 large-12\"  >\n\t\t\t\t<div class=\"col-inner text-center\"  >\n\t\t\t\n\t\t\t\n\n\t<div class=\"img has-hover x md-x lg-x y md-y lg-y\" id=\"image_213389953\">\n\t\t\t\t\t\t\t\t<div class=\"img-inner dark\" >\n\t\t\t<img loading=\"lazy\" decoding=\"async\" width=\"800\" height=\"600\" src=\"https:\/\/wingsdustcontrol.com.br\/wp-content\/uploads\/2021\/03\/pecas-seriadas-e-nao-seriadas-01.jpg\" class=\"attachment-large size-large\" alt=\"Infraestrutura para ferramentaria e usinagem seriada e n\u00e3o seriada\" srcset=\"https:\/\/wingsdustcontrol.com.br\/wp-content\/uploads\/2021\/03\/pecas-seriadas-e-nao-seriadas-01.jpg 800w, https:\/\/wingsdustcontrol.com.br\/wp-content\/uploads\/2021\/03\/pecas-seriadas-e-nao-seriadas-01-533x400.jpg 533w, https:\/\/wingsdustcontrol.com.br\/wp-content\/uploads\/2021\/03\/pecas-seriadas-e-nao-seriadas-01-768x576.jpg 768w, https:\/\/wingsdustcontrol.com.br\/wp-content\/uploads\/2021\/03\/pecas-seriadas-e-nao-seriadas-01-600x450.jpg 600w\" sizes=\"auto, (max-width: 800px) 100vw, 800px\" \/>\t\t\t\t\t\t\n\t\t\t\t\t<\/div>\n\t\t\t\t\t\t\t\t\n<style>\n#image_213389953 {\n  width: 66%;\n}\n<\/style>\n\t<\/div>\n\t\n\n\n\t\t<\/div>\n\t\t\t\t\t<\/div>\n\n\t\n\n<\/div>\n<div class=\"row align-center\"  id=\"row-2061018377\">\n\n\n\t<div id=\"col-1066833326\" class=\"col medium-7 small-12 large-7\"  >\n\t\t\t\t<div class=\"col-inner\"  >\n\t\t\t\n\t\t\t\n\n<div class=\"product-short-description\">\n<p style=\"text-align: justify;\">A\u00a0<strong>Wings<\/strong>\u00a0est\u00e1 localizada em Jandira-SP, na regi\u00e3o oeste da Grande S\u00e3o Paulo. Mantemos uma completa infraestrutura para servi\u00e7os de usinagem de leve\/m\u00e9dio porte para a produ\u00e7\u00e3o de pe\u00e7as seriadas e n\u00e3o seriadas, atendendo ind\u00fastrias de diversos segmentos e portes.<\/p>\n<p style=\"text-align: justify;\">Para isso, dispomos de tornos convencionais, fresadoras CNC e convencionais, dobradeiras e uma caldeiraria de m\u00e9dio porte com guilhotina, al\u00e9m de m\u00e1quinas MIG \/ TIG para realizar soldas em qualquer tipo de material.<\/p>\n<p style=\"text-align: justify;\">Podemos desenvolver, para todo tipo de ind\u00fastria, projetos totalmente em 3D com o programa SolidWorks, capaz de prever falhas e erros de projeto e de elaborar projetos especiais conforme as especifica\u00e7\u00f5es dos clientes, incluindo tamb\u00e9m automa\u00e7\u00e3o e dispositivos poka-yoke.<\/p>\n<p style=\"text-align: justify;\">A usinagem seriada e n\u00e3o seriada \u00e9 feita em todas as mat\u00e9rias-primas, com fresas ferramenteira e CNC, tornos mec\u00e2nico e rev\u00f3lver, furadeira de precis\u00e3o e rosqueadeira, todos equipados com sistema digital.<\/p>\n<p style=\"text-align: justify;\">A empresa tamb\u00e9m oferece servi\u00e7os especializados de caldeiraria, corte, dobra e solda em a\u00e7o carbono, a\u00e7o inox e alum\u00ednio com m\u00e1quinas de solda TIG e MIG, guilhotina e dobradeira.<\/p>\n<p style=\"text-align: justify;\"><strong>Para um bom trabalho, uma boa infraestrutura \u00e9 indispens\u00e1vel.<\/strong><br \/>Rapidez, precis\u00e3o e compromisso com os melhores resultados em servi\u00e7os de usinagem, ferramentaria e caldeiraria s\u00e3o os objetivos que movem a equipe da Wings. Para isso, al\u00e9m de \u00f3timos profissionais, que s\u00e3o incentivados continuamente a aprimorar as t\u00e9cnicas e processos produtivos, mantemos uma infraestrutura capaz de prestar os mais diversos tipos de servi\u00e7os para empresas que necessitam contratar usinagem, ferramentaria e caldeiraria em toda a Regi\u00e3o Metropolitana de S\u00e3o Paulo, especialmente em Jandira, Barueri, Osasco, e Cotia.<\/p>\n<\/div>\n<div class=\"social-icons share-icons share-row relative\" style=\"text-align: justify;\">\u00a0<\/div>\n<div class=\"social-icons follow-icons\" ><a href=\"https:\/\/www.facebook.com\/wingsltda\" target=\"_blank\" data-label=\"Facebook\" rel=\"noopener noreferrer nofollow\" class=\"icon button circle is-outline facebook tooltip\" title=\"Follow on Facebook\" aria-label=\"Follow on Facebook\"><i class=\"icon-facebook\" ><\/i><\/a><a href=\"mailto:mailto:contato@wingsdustcontrol.com.br\" data-label=\"E-mail\" rel=\"nofollow\" class=\"icon button circle is-outline  email tooltip\" title=\"Envie-nos um email\" aria-label=\"Envie-nos um email\"><i class=\"icon-envelop\" ><\/i><\/a><a href=\"tel:(11) 4789-4070\" target=\"_blank\" data-label=\"Phone\" rel=\"noopener noreferrer nofollow\" class=\"icon button circle is-outline  phone tooltip\" title=\"Call us\" aria-label=\"Call us\"><i class=\"icon-phone\" ><\/i><\/a><a href=\"https:\/\/www.linkedin.com\/company\/wingsltda\/\" target=\"_blank\" rel=\"noopener noreferrer nofollow\" data-label=\"LinkedIn\" class=\"icon button circle is-outline  linkedin tooltip\" title=\"Follow on LinkedIn\" aria-label=\"Follow on LinkedIn\"><i class=\"icon-linkedin\" ><\/i><\/a><\/div>\n\n\n\t\t<\/div>\n\t\t\t\t\t<\/div>\n\n\t\n\n\t<div id=\"col-1315484521\" class=\"col medium-5 small-12 large-5\"  >\n\t\t\t\t<div class=\"col-inner\"  >\n\t\t\t\n\t\t\t\n\n<a href=\"https:\/\/wingsdustcontrol.com.br\/contato\/\" target=\"_self\" class=\"button primary\"  >\n    <span>Solicitar uma proposta<\/span>\n  <\/a>\n\n\n\n\t\t<\/div>\n\t\t\t\t\t<\/div>\n\n\t\n\n<\/div>\n<div class=\"text-center\"><div class=\"is-divider divider clearfix\" style=\"max-width:316px;\"><\/div><\/div>\n\n<div class=\"container section-title-container\" ><h3 class=\"section-title section-title-normal\"><b><\/b><span class=\"section-title-main\" >Produtos Relacionados<\/span><b><\/b><\/h3><\/div>\n\n<div class=\"row\"  id=\"row-993334551\">\n\n\n\t<div id=\"col-610595187\" class=\"col small-12 large-12\"  >\n\t\t\t\t<div class=\"col-inner\"  >\n\t\t\t\n\t\t\t\n\n<div class=\"row\"  id=\"row-732953631\">\n\n\n\t<div id=\"col-300730301\" class=\"col medium-4 small-12 large-4\"  >\n\t\t\t\t<div class=\"col-inner\"  >\n\t\t\t\n\t\t\t\n\n\t<div class=\"box has-hover   has-hover box-text-bottom\" >\n\n\t\t<div class=\"box-image\" >\n\t\t\t<a href=\"https:\/\/wingsdustcontrol.com.br\/usinagem-e-calderaria\/\"  >\t\t\t<div class=\"\" >\n\t\t\t\t<img loading=\"lazy\" decoding=\"async\" width=\"296\" height=\"194\" src=\"https:\/\/wingsdustcontrol.com.br\/wp-content\/uploads\/2021\/03\/usinagem2.png\" class=\"attachment- size-\" alt=\"Usinagem e calderaria Wings Ltda\" \/>\t\t\t\t\t\t\t\t\t\t\t<\/div>\n\t\t\t<\/a>\t\t<\/div>\n\n\t\t<div class=\"box-text text-center\" >\n\t\t\t<div class=\"box-text-inner\">\n\t\t\t\t\n\n<h4>USINAGEM E CALDEIRARIA<\/h4>\n<p>SERVI\u00c7OS<\/p>\n\n\t\t\t<\/div>\n\t\t<\/div>\n\t<\/div>\n\t\n\n\t\t<\/div>\n\t\t\t\t\t<\/div>\n\n\t\n\n\t<div id=\"col-262914768\" class=\"col medium-4 small-12 large-4\"  >\n\t\t\t\t<div class=\"col-inner\"  >\n\t\t\t\n\t\t\t\n\n\n\t\t<\/div>\n\t\t\t\t\t<\/div>\n\n\t\n\n\t<div id=\"col-1033525570\" class=\"col medium-4 small-12 large-4\"  >\n\t\t\t\t<div class=\"col-inner\"  >\n\t\t\t\n\t\t\t\n\n\n\t\t<\/div>\n\t\t\t\t\t<\/div>\n\n\t\n\n<\/div>\n\n\t\t<\/div>\n\t\t\t\t\t<\/div>\n\n\t\n\n<\/div>\n\n","protected":false},"excerpt":{"rendered":"","protected":false},"author":1,"featured_media":2719,"parent":0,"menu_order":0,"comment_status":"closed","ping_status":"closed","template":"page-left-sidebar.php","meta":{"footnotes":""},"class_list":["post-3510","page","type-page","status-publish","has-post-thumbnail","hentry"],"yoast_head":"<!-- This site is optimized with the Yoast SEO plugin v26.6 - https:\/\/yoast.com\/wordpress\/plugins\/seo\/ -->\n<title>INFRAESTRUTURA PARA FERRAMENTARIA E USINAGEM SERIADA E N\u00c3O SERIADA - Wings Ltda |<\/title>\n<meta name=\"robots\" content=\"index, follow, max-snippet:-1, max-image-preview:large, max-video-preview:-1\" \/>\n<link rel=\"canonical\" href=\"https:\/\/wingsdustcontrol.com.br\/pt-br\/infraestrutura-para-ferramentaria-e-usinagem-seriada-e-nao-seriada\/\" \/>\n<meta property=\"og:locale\" content=\"pt_BR\" \/>\n<meta property=\"og:type\" content=\"article\" \/>\n<meta property=\"og:title\" content=\"INFRAESTRUTURA PARA FERRAMENTARIA E USINAGEM SERIADA E N\u00c3O SERIADA - Wings Ltda |\" \/>\n<meta property=\"og:url\" content=\"https:\/\/wingsdustcontrol.com.br\/infraestrutura-para-ferramentaria-e-usinagem-seriada-e-nao-seriada\/\" \/>\n<meta property=\"og:site_name\" content=\"Wings Ltda |\" \/>\n<meta property=\"article:publisher\" content=\"https:\/\/www.facebook.com\/wingsltda\/\" \/>\n<meta property=\"article:modified_time\" content=\"2021-03-25T13:32:47+00:00\" \/>\n<meta property=\"og:image\" content=\"https:\/\/wingsdustcontrol.com.br\/wp-content\/uploads\/2021\/03\/pecas-seriadas-e-nao-seriadas-01.jpg\" \/>\n\t<meta property=\"og:image:width\" content=\"800\" \/>\n\t<meta property=\"og:image:height\" content=\"600\" \/>\n\t<meta property=\"og:image:type\" content=\"image\/jpeg\" \/>\n<meta name=\"twitter:card\" content=\"summary_large_image\" \/>\n<meta name=\"twitter:label1\" content=\"Est. tempo de leitura\" \/>\n\t<meta name=\"twitter:data1\" content=\"2 minutos\" \/>\n<script type=\"application\/ld+json\" class=\"yoast-schema-graph\">{\"@context\":\"https:\/\/schema.org\",\"@graph\":[{\"@type\":\"WebPage\",\"@id\":\"https:\/\/wingsdustcontrol.com.br\/infraestrutura-para-ferramentaria-e-usinagem-seriada-e-nao-seriada\/\",\"url\":\"https:\/\/wingsdustcontrol.com.br\/infraestrutura-para-ferramentaria-e-usinagem-seriada-e-nao-seriada\/\",\"name\":\"INFRAESTRUTURA PARA FERRAMENTARIA E USINAGEM SERIADA E N\u00c3O SERIADA - Wings Ltda |\",\"isPartOf\":{\"@id\":\"https:\/\/wingsdustcontrol.com.br\/#website\"},\"primaryImageOfPage\":{\"@id\":\"https:\/\/wingsdustcontrol.com.br\/infraestrutura-para-ferramentaria-e-usinagem-seriada-e-nao-seriada\/#primaryimage\"},\"image\":{\"@id\":\"https:\/\/wingsdustcontrol.com.br\/infraestrutura-para-ferramentaria-e-usinagem-seriada-e-nao-seriada\/#primaryimage\"},\"thumbnailUrl\":\"https:\/\/wingsdustcontrol.com.br\/wp-content\/uploads\/2021\/03\/pecas-seriadas-e-nao-seriadas-01.jpg\",\"datePublished\":\"2021-03-25T13:22:04+00:00\",\"dateModified\":\"2021-03-25T13:32:47+00:00\",\"breadcrumb\":{\"@id\":\"https:\/\/wingsdustcontrol.com.br\/infraestrutura-para-ferramentaria-e-usinagem-seriada-e-nao-seriada\/#breadcrumb\"},\"inLanguage\":\"pt-BR\",\"potentialAction\":[{\"@type\":\"ReadAction\",\"target\":[\"https:\/\/wingsdustcontrol.com.br\/infraestrutura-para-ferramentaria-e-usinagem-seriada-e-nao-seriada\/\"]}]},{\"@type\":\"ImageObject\",\"inLanguage\":\"pt-BR\",\"@id\":\"https:\/\/wingsdustcontrol.com.br\/infraestrutura-para-ferramentaria-e-usinagem-seriada-e-nao-seriada\/#primaryimage\",\"url\":\"https:\/\/wingsdustcontrol.com.br\/wp-content\/uploads\/2021\/03\/pecas-seriadas-e-nao-seriadas-01.jpg\",\"contentUrl\":\"https:\/\/wingsdustcontrol.com.br\/wp-content\/uploads\/2021\/03\/pecas-seriadas-e-nao-seriadas-01.jpg\",\"width\":800,\"height\":600,\"caption\":\"Infraestrutura para ferramentaria e usinagem seriada e n\u00e3o seriada.\"},{\"@type\":\"BreadcrumbList\",\"@id\":\"https:\/\/wingsdustcontrol.com.br\/infraestrutura-para-ferramentaria-e-usinagem-seriada-e-nao-seriada\/#breadcrumb\",\"itemListElement\":[{\"@type\":\"ListItem\",\"position\":1,\"name\":\"In\u00edcio\",\"item\":\"https:\/\/wingsdustcontrol.com.br\/\"},{\"@type\":\"ListItem\",\"position\":2,\"name\":\"INFRAESTRUTURA PARA FERRAMENTARIA E USINAGEM SERIADA E N\u00c3O SERIADA\"}]},{\"@type\":\"WebSite\",\"@id\":\"https:\/\/wingsdustcontrol.com.br\/#website\",\"url\":\"https:\/\/wingsdustcontrol.com.br\/\",\"name\":\"Wings Ltda |\",\"description\":\"Transformando sua opera\u00e7\u00e3o no agro.\",\"publisher\":{\"@id\":\"https:\/\/wingsdustcontrol.com.br\/#organization\"},\"potentialAction\":[{\"@type\":\"SearchAction\",\"target\":{\"@type\":\"EntryPoint\",\"urlTemplate\":\"https:\/\/wingsdustcontrol.com.br\/?s={search_term_string}\"},\"query-input\":{\"@type\":\"PropertyValueSpecification\",\"valueRequired\":true,\"valueName\":\"search_term_string\"}}],\"inLanguage\":\"pt-BR\"},{\"@type\":\"Organization\",\"@id\":\"https:\/\/wingsdustcontrol.com.br\/#organization\",\"name\":\"Wings Ltda\",\"url\":\"https:\/\/wingsdustcontrol.com.br\/\",\"logo\":{\"@type\":\"ImageObject\",\"inLanguage\":\"pt-BR\",\"@id\":\"https:\/\/wingsdustcontrol.com.br\/#\/schema\/logo\/image\/\",\"url\":\"https:\/\/wingsdustcontrol.com.br\/wp-content\/uploads\/2021\/11\/Wings-Logo-A1-e1664037880754.png\",\"contentUrl\":\"https:\/\/wingsdustcontrol.com.br\/wp-content\/uploads\/2021\/11\/Wings-Logo-A1-e1664037880754.png\",\"width\":1089,\"height\":356,\"caption\":\"Wings Ltda\"},\"image\":{\"@id\":\"https:\/\/wingsdustcontrol.com.br\/#\/schema\/logo\/image\/\"},\"sameAs\":[\"https:\/\/www.facebook.com\/wingsltda\/\",\"https:\/\/www.linkedin.com\/company\/wingsltda\/\",\"https:\/\/www.youtube.com\/channel\/UC2XSL5EljSgDh-pwalcPLLA\"]}]}<\/script>\n<!-- \/ Yoast SEO plugin. -->","yoast_head_json":{"title":"INFRAESTRUTURA PARA FERRAMENTARIA E USINAGEM SERIADA E N\u00c3O SERIADA - Wings Ltda |","robots":{"index":"index","follow":"follow","max-snippet":"max-snippet:-1","max-image-preview":"max-image-preview:large","max-video-preview":"max-video-preview:-1"},"canonical":"https:\/\/wingsdustcontrol.com.br\/pt-br\/infraestrutura-para-ferramentaria-e-usinagem-seriada-e-nao-seriada\/","og_locale":"pt_BR","og_type":"article","og_title":"INFRAESTRUTURA PARA FERRAMENTARIA E USINAGEM SERIADA E N\u00c3O SERIADA - Wings Ltda |","og_url":"https:\/\/wingsdustcontrol.com.br\/infraestrutura-para-ferramentaria-e-usinagem-seriada-e-nao-seriada\/","og_site_name":"Wings Ltda |","article_publisher":"https:\/\/www.facebook.com\/wingsltda\/","article_modified_time":"2021-03-25T13:32:47+00:00","og_image":[{"width":800,"height":600,"url":"https:\/\/wingsdustcontrol.com.br\/wp-content\/uploads\/2021\/03\/pecas-seriadas-e-nao-seriadas-01.jpg","type":"image\/jpeg"}],"twitter_card":"summary_large_image","twitter_misc":{"Est. tempo de leitura":"2 minutos"},"schema":{"@context":"https:\/\/schema.org","@graph":[{"@type":"WebPage","@id":"https:\/\/wingsdustcontrol.com.br\/infraestrutura-para-ferramentaria-e-usinagem-seriada-e-nao-seriada\/","url":"https:\/\/wingsdustcontrol.com.br\/infraestrutura-para-ferramentaria-e-usinagem-seriada-e-nao-seriada\/","name":"INFRAESTRUTURA PARA FERRAMENTARIA E USINAGEM SERIADA E N\u00c3O SERIADA - Wings Ltda |","isPartOf":{"@id":"https:\/\/wingsdustcontrol.com.br\/#website"},"primaryImageOfPage":{"@id":"https:\/\/wingsdustcontrol.com.br\/infraestrutura-para-ferramentaria-e-usinagem-seriada-e-nao-seriada\/#primaryimage"},"image":{"@id":"https:\/\/wingsdustcontrol.com.br\/infraestrutura-para-ferramentaria-e-usinagem-seriada-e-nao-seriada\/#primaryimage"},"thumbnailUrl":"https:\/\/wingsdustcontrol.com.br\/wp-content\/uploads\/2021\/03\/pecas-seriadas-e-nao-seriadas-01.jpg","datePublished":"2021-03-25T13:22:04+00:00","dateModified":"2021-03-25T13:32:47+00:00","breadcrumb":{"@id":"https:\/\/wingsdustcontrol.com.br\/infraestrutura-para-ferramentaria-e-usinagem-seriada-e-nao-seriada\/#breadcrumb"},"inLanguage":"pt-BR","potentialAction":[{"@type":"ReadAction","target":["https:\/\/wingsdustcontrol.com.br\/infraestrutura-para-ferramentaria-e-usinagem-seriada-e-nao-seriada\/"]}]},{"@type":"ImageObject","inLanguage":"pt-BR","@id":"https:\/\/wingsdustcontrol.com.br\/infraestrutura-para-ferramentaria-e-usinagem-seriada-e-nao-seriada\/#primaryimage","url":"https:\/\/wingsdustcontrol.com.br\/wp-content\/uploads\/2021\/03\/pecas-seriadas-e-nao-seriadas-01.jpg","contentUrl":"https:\/\/wingsdustcontrol.com.br\/wp-content\/uploads\/2021\/03\/pecas-seriadas-e-nao-seriadas-01.jpg","width":800,"height":600,"caption":"Infraestrutura para ferramentaria e usinagem seriada e n\u00e3o seriada."},{"@type":"BreadcrumbList","@id":"https:\/\/wingsdustcontrol.com.br\/infraestrutura-para-ferramentaria-e-usinagem-seriada-e-nao-seriada\/#breadcrumb","itemListElement":[{"@type":"ListItem","position":1,"name":"In\u00edcio","item":"https:\/\/wingsdustcontrol.com.br\/"},{"@type":"ListItem","position":2,"name":"INFRAESTRUTURA PARA FERRAMENTARIA E USINAGEM SERIADA E N\u00c3O SERIADA"}]},{"@type":"WebSite","@id":"https:\/\/wingsdustcontrol.com.br\/#website","url":"https:\/\/wingsdustcontrol.com.br\/","name":"Wings Ltda |","description":"Transformando sua opera\u00e7\u00e3o no agro.","publisher":{"@id":"https:\/\/wingsdustcontrol.com.br\/#organization"},"potentialAction":[{"@type":"SearchAction","target":{"@type":"EntryPoint","urlTemplate":"https:\/\/wingsdustcontrol.com.br\/?s={search_term_string}"},"query-input":{"@type":"PropertyValueSpecification","valueRequired":true,"valueName":"search_term_string"}}],"inLanguage":"pt-BR"},{"@type":"Organization","@id":"https:\/\/wingsdustcontrol.com.br\/#organization","name":"Wings Ltda","url":"https:\/\/wingsdustcontrol.com.br\/","logo":{"@type":"ImageObject","inLanguage":"pt-BR","@id":"https:\/\/wingsdustcontrol.com.br\/#\/schema\/logo\/image\/","url":"https:\/\/wingsdustcontrol.com.br\/wp-content\/uploads\/2021\/11\/Wings-Logo-A1-e1664037880754.png","contentUrl":"https:\/\/wingsdustcontrol.com.br\/wp-content\/uploads\/2021\/11\/Wings-Logo-A1-e1664037880754.png","width":1089,"height":356,"caption":"Wings Ltda"},"image":{"@id":"https:\/\/wingsdustcontrol.com.br\/#\/schema\/logo\/image\/"},"sameAs":["https:\/\/www.facebook.com\/wingsltda\/","https:\/\/www.linkedin.com\/company\/wingsltda\/","https:\/\/www.youtube.com\/channel\/UC2XSL5EljSgDh-pwalcPLLA"]}]}},"_links":{"self":[{"href":"https:\/\/wingsdustcontrol.com.br\/pt-br\/wp-json\/wp\/v2\/pages\/3510","targetHints":{"allow":["GET"]}}],"collection":[{"href":"https:\/\/wingsdustcontrol.com.br\/pt-br\/wp-json\/wp\/v2\/pages"}],"about":[{"href":"https:\/\/wingsdustcontrol.com.br\/pt-br\/wp-json\/wp\/v2\/types\/page"}],"author":[{"embeddable":true,"href":"https:\/\/wingsdustcontrol.com.br\/pt-br\/wp-json\/wp\/v2\/users\/1"}],"replies":[{"embeddable":true,"href":"https:\/\/wingsdustcontrol.com.br\/pt-br\/wp-json\/wp\/v2\/comments?post=3510"}],"version-history":[{"count":3,"href":"https:\/\/wingsdustcontrol.com.br\/pt-br\/wp-json\/wp\/v2\/pages\/3510\/revisions"}],"predecessor-version":[{"id":3515,"href":"https:\/\/wingsdustcontrol.com.br\/pt-br\/wp-json\/wp\/v2\/pages\/3510\/revisions\/3515"}],"wp:featuredmedia":[{"embeddable":true,"href":"https:\/\/wingsdustcontrol.com.br\/pt-br\/wp-json\/wp\/v2\/media\/2719"}],"wp:attachment":[{"href":"https:\/\/wingsdustcontrol.com.br\/pt-br\/wp-json\/wp\/v2\/media?parent=3510"}],"curies":[{"name":"wp","href":"https:\/\/api.w.org\/{rel}","templated":true}]}}