{"id":38,"date":"2021-03-03T11:15:19","date_gmt":"2021-03-03T11:15:19","guid":{"rendered":"http:\/\/flatsome.dev\/?page_id=8412"},"modified":"2021-03-23T09:51:36","modified_gmt":"2021-03-23T09:51:36","slug":"nossa-historia","status":"publish","type":"page","link":"https:\/\/wingsdustcontrol.com.br\/pt-br\/nossa-historia\/","title":{"rendered":"Nossa hist\u00f3ria"},"content":{"rendered":"\n\n  <div class=\"banner has-hover has-parallax\" id=\"banner-569444180\">\n          <div class=\"banner-inner fill\">\n        <div class=\"banner-bg fill\" data-parallax=\"-2\" data-parallax-container=\".banner\" data-parallax-background>\n            <div class=\"bg fill bg-fill \"><\/div>\n                        <div class=\"overlay\"><\/div>            \n                    <\/div>\n        <div class=\"banner-layers container\">\n            <div class=\"fill banner-link\"><\/div>            \n\n   <div id=\"text-box-1900229108\" class=\"text-box banner-layer x50 md-x50 lg-x50 y50 md-y50 lg-y50 res-text\">\n                                <div class=\"text-box-content text dark\">\n              \n              <div class=\"text-inner text-center\">\n                  \n\n<h3 class=\"uppercase\"><strong>Nossa Hist\u00f3ria<\/strong><\/h3>\n<div class=\"is-divider divider clearfix\" ><\/div>\n\n<div class=\"social-icons share-icons share-row relative\" ><a href=\"whatsapp:\/\/send?text=Nossa%20hist%C3%B3ria - https:\/\/wingsdustcontrol.com.br\/pt-br\/nossa-historia\/\" data-action=\"share\/whatsapp\/share\" class=\"icon button circle is-outline tooltip whatsapp show-for-medium\" title=\"Share on WhatsApp\" aria-label=\"Share on WhatsApp\"><i class=\"icon-whatsapp\"><\/i><\/a><a href=\"https:\/\/www.facebook.com\/sharer.php?u=https:\/\/wingsdustcontrol.com.br\/pt-br\/nossa-historia\/\" data-label=\"Facebook\" onclick=\"window.open(this.href,this.title,'width=500,height=500,top=300px,left=300px');  return false;\" rel=\"noopener noreferrer nofollow\" target=\"_blank\" class=\"icon button circle is-outline tooltip facebook\" title=\"Compartilhar no Facebook\" aria-label=\"Compartilhar no Facebook\"><i class=\"icon-facebook\" ><\/i><\/a><a href=\"https:\/\/twitter.com\/share?url=https:\/\/wingsdustcontrol.com.br\/pt-br\/nossa-historia\/\" onclick=\"window.open(this.href,this.title,'width=500,height=500,top=300px,left=300px');  return false;\" rel=\"noopener noreferrer nofollow\" target=\"_blank\" class=\"icon button circle is-outline tooltip twitter\" title=\"Compartilhar no Twitter\" aria-label=\"Compartilhar no Twitter\"><i class=\"icon-twitter\" ><\/i><\/a><a href=\"mailto:enteryour@addresshere.com?subject=Nossa%20hist%C3%B3ria&amp;body=Check%20this%20out:%20https:\/\/wingsdustcontrol.com.br\/pt-br\/nossa-historia\/\" rel=\"nofollow\" class=\"icon button circle is-outline tooltip email\" title=\"Enviar por email para um amigo\" aria-label=\"Enviar por email para um amigo\"><i class=\"icon-envelop\" ><\/i><\/a><a href=\"https:\/\/pinterest.com\/pin\/create\/button\/?url=https:\/\/wingsdustcontrol.com.br\/pt-br\/nossa-historia\/&amp;media=&amp;description=Nossa%20hist%C3%B3ria\" onclick=\"window.open(this.href,this.title,'width=500,height=500,top=300px,left=300px');  return false;\" rel=\"noopener noreferrer nofollow\" target=\"_blank\" class=\"icon button circle is-outline tooltip pinterest\" title=\"Pin no Pinterest\" aria-label=\"Pin no Pinterest\"><i class=\"icon-pinterest\" ><\/i><\/a><a href=\"https:\/\/www.linkedin.com\/shareArticle?mini=true&url=https:\/\/wingsdustcontrol.com.br\/pt-br\/nossa-historia\/&title=Nossa%20hist%C3%B3ria\" onclick=\"window.open(this.href,this.title,'width=500,height=500,top=300px,left=300px');  return false;\"  rel=\"noopener noreferrer nofollow\" target=\"_blank\" class=\"icon button circle is-outline tooltip linkedin\" title=\"Share on LinkedIn\" aria-label=\"Share on LinkedIn\"><i class=\"icon-linkedin\" ><\/i><\/a><\/div>\n\n\n              <\/div>\n           <\/div>\n                            \n<style>\n#text-box-1900229108 {\n  width: 60%;\n}\n#text-box-1900229108 .text-box-content {\n  font-size: 100%;\n}\n@media (min-width:550px) {\n  #text-box-1900229108 {\n    width: 68%;\n  }\n}\n<\/style>\n    <\/div>\n \n\n        <\/div>\n      <\/div>\n\n            \n<style>\n#banner-569444180 {\n  padding-top: 300px;\n  background-color: #3a5e21;\n}\n#banner-569444180 .overlay {\n  background-color: rgba(0, 0, 0, 0.2);\n}\n<\/style>\n  <\/div>\n\n\n<div class=\"row\"  id=\"row-1912449216\">\n\n\n\t<div id=\"col-1630699640\" class=\"col small-12 large-12\"  >\n\t\t\t\t<div class=\"col-inner\"  >\n\t\t\t\n\t\t\t\n\n<p class=\"lead\" style=\"text-align: justify;\">Nosso objetivo \u00e9 trazer para o agroneg\u00f3cio uma opera\u00e7\u00e3o mais rent\u00e1vel e sustent\u00e1vel. Comercializamos desde 2000 o DustControl, nossa solu\u00e7\u00e3o que vai eliminar definitivamente com a poeira na sua moega de recebimento. Estamos presentes no Brasil, Estados Unidos, Chile e M\u00e9xico, expandindo cada vez mais nosso raio de clientes para trazer mais bem estar a todos que operam e habitam pr\u00f3ximos a opera\u00e7\u00e3o de descarga de gr\u00e3os.\u00a0<\/p>\n\n\t\t<div class=\"tabbed-content\">\n\t\t\t\n\t\t\t<ul class=\"nav nav-line nav-vertical nav-uppercase nav-size-normal nav-left\"><li class=\"tab active has-icon\"><a href=\"#tab_brasil\"><span>Brasil<\/span><\/a><\/li>\n<li class=\"tab has-icon\"><a href=\"#tab_estados-unidos\"><span>Estados unidos<\/span><\/a><\/li><\/ul><div class=\"tab-panels\"><div class=\"panel active entry-content\" id=\"tab_brasil\">\n\n\t<div class=\"img has-hover x md-x lg-x y md-y lg-y\" id=\"image_1785501844\">\n\t\t\t\t\t\t\t\t<div class=\"img-inner dark\" >\n\t\t\t<img loading=\"lazy\" decoding=\"async\" width=\"626\" height=\"518\" src=\"https:\/\/wingsdustcontrol.com.br\/wp-content\/uploads\/2021\/03\/presenca-Brasil-1.png\" class=\"attachment-large size-large\" alt=\"Sistemas DustControl da Wings Ltda instalados no Brasil\" srcset=\"https:\/\/wingsdustcontrol.com.br\/wp-content\/uploads\/2021\/03\/presenca-Brasil-1.png 626w, https:\/\/wingsdustcontrol.com.br\/wp-content\/uploads\/2021\/03\/presenca-Brasil-1-483x400.png 483w, https:\/\/wingsdustcontrol.com.br\/wp-content\/uploads\/2021\/03\/presenca-Brasil-1-600x496.png 600w\" sizes=\"auto, (max-width: 626px) 100vw, 626px\" \/>\t\t\t\t\t\t\n\t\t\t\t\t<\/div>\n\t\t\t\t\t\t\t\t\n<style>\n#image_1785501844 {\n  width: 100%;\n}\n<\/style>\n\t<\/div>\n\t\n\n\n<\/div>\n<div class=\"panel entry-content\" id=\"tab_estados-unidos\">\n\n\t<div class=\"img has-hover x md-x lg-x y md-y lg-y\" id=\"image_1563367440\">\n\t\t\t\t\t\t\t\t<div class=\"img-inner dark\" >\n\t\t\t<img loading=\"lazy\" decoding=\"async\" width=\"695\" height=\"434\" src=\"https:\/\/wingsdustcontrol.com.br\/wp-content\/uploads\/2021\/03\/presenca-EUA-1.png\" class=\"attachment-large size-large\" alt=\"Sistemas DustControl da Wings Ltda instalados no EUA\" srcset=\"https:\/\/wingsdustcontrol.com.br\/wp-content\/uploads\/2021\/03\/presenca-EUA-1.png 695w, https:\/\/wingsdustcontrol.com.br\/wp-content\/uploads\/2021\/03\/presenca-EUA-1-641x400.png 641w, https:\/\/wingsdustcontrol.com.br\/wp-content\/uploads\/2021\/03\/presenca-EUA-1-600x375.png 600w\" sizes=\"auto, (max-width: 695px) 100vw, 695px\" \/>\t\t\t\t\t\t\n\t\t\t\t\t<\/div>\n\t\t\t\t\t\t\t\t\n<style>\n#image_1563367440 {\n  width: 100%;\n}\n<\/style>\n\t<\/div>\n\t\n\n\n<\/div><\/div><\/div>\n\n\t\t<\/div>\n\t\t\t\t\t<\/div>\n\n\t\n\n<\/div>\n\n","protected":false},"excerpt":{"rendered":"","protected":false},"author":1,"featured_media":0,"parent":0,"menu_order":0,"comment_status":"closed","ping_status":"closed","template":"page-blank.php","meta":{"footnotes":""},"class_list":["post-38","page","type-page","status-publish","hentry"],"yoast_head":"<!-- This site is optimized with the Yoast SEO plugin v26.6 - https:\/\/yoast.com\/wordpress\/plugins\/seo\/ -->\n<title>Nossa hist\u00f3ria - Wings Ltda |<\/title>\n<meta name=\"robots\" content=\"index, follow, max-snippet:-1, max-image-preview:large, max-video-preview:-1\" \/>\n<link rel=\"canonical\" href=\"https:\/\/wingsdustcontrol.com.br\/pt-br\/nossa-historia\/\" \/>\n<meta property=\"og:locale\" content=\"pt_BR\" \/>\n<meta property=\"og:type\" content=\"article\" \/>\n<meta property=\"og:title\" content=\"Nossa hist\u00f3ria - Wings Ltda |\" \/>\n<meta property=\"og:url\" content=\"https:\/\/wingsdustcontrol.com.br\/nossa-historia\/\" \/>\n<meta property=\"og:site_name\" content=\"Wings Ltda |\" \/>\n<meta property=\"article:publisher\" content=\"https:\/\/www.facebook.com\/wingsltda\/\" \/>\n<meta property=\"article:modified_time\" content=\"2021-03-23T09:51:36+00:00\" \/>\n<meta name=\"twitter:card\" content=\"summary_large_image\" \/>\n<meta name=\"twitter:label1\" content=\"Est. tempo de leitura\" \/>\n\t<meta name=\"twitter:data1\" content=\"1 minuto\" \/>\n<script type=\"application\/ld+json\" class=\"yoast-schema-graph\">{\"@context\":\"https:\/\/schema.org\",\"@graph\":[{\"@type\":\"WebPage\",\"@id\":\"https:\/\/wingsdustcontrol.com.br\/nossa-historia\/\",\"url\":\"https:\/\/wingsdustcontrol.com.br\/nossa-historia\/\",\"name\":\"Nossa hist\u00f3ria - Wings Ltda |\",\"isPartOf\":{\"@id\":\"https:\/\/wingsdustcontrol.com.br\/#website\"},\"datePublished\":\"2021-03-03T11:15:19+00:00\",\"dateModified\":\"2021-03-23T09:51:36+00:00\",\"breadcrumb\":{\"@id\":\"https:\/\/wingsdustcontrol.com.br\/nossa-historia\/#breadcrumb\"},\"inLanguage\":\"pt-BR\",\"potentialAction\":[{\"@type\":\"ReadAction\",\"target\":[\"https:\/\/wingsdustcontrol.com.br\/nossa-historia\/\"]}]},{\"@type\":\"BreadcrumbList\",\"@id\":\"https:\/\/wingsdustcontrol.com.br\/nossa-historia\/#breadcrumb\",\"itemListElement\":[{\"@type\":\"ListItem\",\"position\":1,\"name\":\"In\u00edcio\",\"item\":\"https:\/\/wingsdustcontrol.com.br\/\"},{\"@type\":\"ListItem\",\"position\":2,\"name\":\"Nossa hist\u00f3ria\"}]},{\"@type\":\"WebSite\",\"@id\":\"https:\/\/wingsdustcontrol.com.br\/#website\",\"url\":\"https:\/\/wingsdustcontrol.com.br\/\",\"name\":\"Wings Ltda |\",\"description\":\"Transformando sua opera\u00e7\u00e3o no agro.\",\"publisher\":{\"@id\":\"https:\/\/wingsdustcontrol.com.br\/#organization\"},\"potentialAction\":[{\"@type\":\"SearchAction\",\"target\":{\"@type\":\"EntryPoint\",\"urlTemplate\":\"https:\/\/wingsdustcontrol.com.br\/?s={search_term_string}\"},\"query-input\":{\"@type\":\"PropertyValueSpecification\",\"valueRequired\":true,\"valueName\":\"search_term_string\"}}],\"inLanguage\":\"pt-BR\"},{\"@type\":\"Organization\",\"@id\":\"https:\/\/wingsdustcontrol.com.br\/#organization\",\"name\":\"Wings Ltda\",\"url\":\"https:\/\/wingsdustcontrol.com.br\/\",\"logo\":{\"@type\":\"ImageObject\",\"inLanguage\":\"pt-BR\",\"@id\":\"https:\/\/wingsdustcontrol.com.br\/#\/schema\/logo\/image\/\",\"url\":\"https:\/\/wingsdustcontrol.com.br\/wp-content\/uploads\/2021\/11\/Wings-Logo-A1-e1664037880754.png\",\"contentUrl\":\"https:\/\/wingsdustcontrol.com.br\/wp-content\/uploads\/2021\/11\/Wings-Logo-A1-e1664037880754.png\",\"width\":1089,\"height\":356,\"caption\":\"Wings Ltda\"},\"image\":{\"@id\":\"https:\/\/wingsdustcontrol.com.br\/#\/schema\/logo\/image\/\"},\"sameAs\":[\"https:\/\/www.facebook.com\/wingsltda\/\",\"https:\/\/www.linkedin.com\/company\/wingsltda\/\",\"https:\/\/www.youtube.com\/channel\/UC2XSL5EljSgDh-pwalcPLLA\"]}]}<\/script>\n<!-- \/ Yoast SEO plugin. -->","yoast_head_json":{"title":"Nossa hist\u00f3ria - Wings Ltda |","robots":{"index":"index","follow":"follow","max-snippet":"max-snippet:-1","max-image-preview":"max-image-preview:large","max-video-preview":"max-video-preview:-1"},"canonical":"https:\/\/wingsdustcontrol.com.br\/pt-br\/nossa-historia\/","og_locale":"pt_BR","og_type":"article","og_title":"Nossa hist\u00f3ria - Wings Ltda |","og_url":"https:\/\/wingsdustcontrol.com.br\/nossa-historia\/","og_site_name":"Wings Ltda |","article_publisher":"https:\/\/www.facebook.com\/wingsltda\/","article_modified_time":"2021-03-23T09:51:36+00:00","twitter_card":"summary_large_image","twitter_misc":{"Est. tempo de leitura":"1 minuto"},"schema":{"@context":"https:\/\/schema.org","@graph":[{"@type":"WebPage","@id":"https:\/\/wingsdustcontrol.com.br\/nossa-historia\/","url":"https:\/\/wingsdustcontrol.com.br\/nossa-historia\/","name":"Nossa hist\u00f3ria - Wings Ltda |","isPartOf":{"@id":"https:\/\/wingsdustcontrol.com.br\/#website"},"datePublished":"2021-03-03T11:15:19+00:00","dateModified":"2021-03-23T09:51:36+00:00","breadcrumb":{"@id":"https:\/\/wingsdustcontrol.com.br\/nossa-historia\/#breadcrumb"},"inLanguage":"pt-BR","potentialAction":[{"@type":"ReadAction","target":["https:\/\/wingsdustcontrol.com.br\/nossa-historia\/"]}]},{"@type":"BreadcrumbList","@id":"https:\/\/wingsdustcontrol.com.br\/nossa-historia\/#breadcrumb","itemListElement":[{"@type":"ListItem","position":1,"name":"In\u00edcio","item":"https:\/\/wingsdustcontrol.com.br\/"},{"@type":"ListItem","position":2,"name":"Nossa hist\u00f3ria"}]},{"@type":"WebSite","@id":"https:\/\/wingsdustcontrol.com.br\/#website","url":"https:\/\/wingsdustcontrol.com.br\/","name":"Wings Ltda |","description":"Transformando sua opera\u00e7\u00e3o no agro.","publisher":{"@id":"https:\/\/wingsdustcontrol.com.br\/#organization"},"potentialAction":[{"@type":"SearchAction","target":{"@type":"EntryPoint","urlTemplate":"https:\/\/wingsdustcontrol.com.br\/?s={search_term_string}"},"query-input":{"@type":"PropertyValueSpecification","valueRequired":true,"valueName":"search_term_string"}}],"inLanguage":"pt-BR"},{"@type":"Organization","@id":"https:\/\/wingsdustcontrol.com.br\/#organization","name":"Wings Ltda","url":"https:\/\/wingsdustcontrol.com.br\/","logo":{"@type":"ImageObject","inLanguage":"pt-BR","@id":"https:\/\/wingsdustcontrol.com.br\/#\/schema\/logo\/image\/","url":"https:\/\/wingsdustcontrol.com.br\/wp-content\/uploads\/2021\/11\/Wings-Logo-A1-e1664037880754.png","contentUrl":"https:\/\/wingsdustcontrol.com.br\/wp-content\/uploads\/2021\/11\/Wings-Logo-A1-e1664037880754.png","width":1089,"height":356,"caption":"Wings Ltda"},"image":{"@id":"https:\/\/wingsdustcontrol.com.br\/#\/schema\/logo\/image\/"},"sameAs":["https:\/\/www.facebook.com\/wingsltda\/","https:\/\/www.linkedin.com\/company\/wingsltda\/","https:\/\/www.youtube.com\/channel\/UC2XSL5EljSgDh-pwalcPLLA"]}]}},"_links":{"self":[{"href":"https:\/\/wingsdustcontrol.com.br\/pt-br\/wp-json\/wp\/v2\/pages\/38","targetHints":{"allow":["GET"]}}],"collection":[{"href":"https:\/\/wingsdustcontrol.com.br\/pt-br\/wp-json\/wp\/v2\/pages"}],"about":[{"href":"https:\/\/wingsdustcontrol.com.br\/pt-br\/wp-json\/wp\/v2\/types\/page"}],"author":[{"embeddable":true,"href":"https:\/\/wingsdustcontrol.com.br\/pt-br\/wp-json\/wp\/v2\/users\/1"}],"replies":[{"embeddable":true,"href":"https:\/\/wingsdustcontrol.com.br\/pt-br\/wp-json\/wp\/v2\/comments?post=38"}],"version-history":[{"count":3,"href":"https:\/\/wingsdustcontrol.com.br\/pt-br\/wp-json\/wp\/v2\/pages\/38\/revisions"}],"predecessor-version":[{"id":2809,"href":"https:\/\/wingsdustcontrol.com.br\/pt-br\/wp-json\/wp\/v2\/pages\/38\/revisions\/2809"}],"wp:attachment":[{"href":"https:\/\/wingsdustcontrol.com.br\/pt-br\/wp-json\/wp\/v2\/media?parent=38"}],"curies":[{"name":"wp","href":"https:\/\/api.w.org\/{rel}","templated":true}]}}