{"id":93,"date":"2021-03-04T19:22:53","date_gmt":"2021-03-04T19:22:53","guid":{"rendered":"http:\/\/localhost:8888\/test\/?page_id=532"},"modified":"2021-03-31T21:13:53","modified_gmt":"2021-03-31T21:13:53","slug":"contato","status":"publish","type":"page","link":"https:\/\/wingsdustcontrol.com.br\/pt-br\/contato\/","title":{"rendered":"Contato"},"content":{"rendered":"\n\n  <div class=\"banner has-hover\" id=\"banner-1067221269\">\n          <div class=\"banner-inner fill\">\n        <div class=\"banner-bg fill\" >\n            <div class=\"bg fill bg-fill \"><\/div>\n                        <div class=\"overlay\"><\/div>            \n                    <\/div>\n        <div class=\"banner-layers container\">\n            <div class=\"fill banner-link\"><\/div>            \n\n   <div id=\"text-box-1239680630\" class=\"text-box banner-layer x95 md-x95 lg-x95 y50 md-y50 lg-y50 res-text\">\n                                <div class=\"text-box-content text box-shadow-3\">\n              \n              <div class=\"text-inner text-center\">\n                  \n\n<h2 class=\"uppercase\"><strong>Wings Ltda<\/strong><\/h2>\n<h3>Rua Dom Pedro I, 135 &#8211; Jandira &#8211; SP<\/h3>\n<h3>CEP: 06616-030<\/h3>\n<p>Estamos abertos de Segunda &#8211; Sexta 09:00 \u00e0s 18:00hrs<\/p>\n\n              <\/div>\n           <\/div>\n                            \n<style>\n#text-box-1239680630 .text-box-content {\n  background-color: rgba(255, 255, 255, 0.86);\n  font-size: 100%;\n}\n#text-box-1239680630 .text-inner {\n  padding: 30px 30px 30px 30px;\n}\n#text-box-1239680630 {\n  width: 60%;\n}\n@media (min-width:550px) {\n  #text-box-1239680630 {\n    width: 40%;\n  }\n}\n<\/style>\n    <\/div>\n \n\n        <\/div>\n      <\/div>\n\n            \n<style>\n#banner-1067221269 {\n  padding-top: 500px;\n}\n#banner-1067221269 .bg.bg-loaded {\n  background-image: url(https:\/\/wingsdustcontrol.com.br\/wp-content\/uploads\/2021\/03\/mapa.png);\n}\n#banner-1067221269 .overlay {\n  background-color: rgba(0, 0, 0, 0.2);\n}\n<\/style>\n  <\/div>\n\n\n<div class=\"row\"  id=\"row-1838065840\">\n\n\n\t<div id=\"col-941922103\" class=\"col medium-6 large-6\"  >\n\t\t\t\t<div class=\"col-inner\"  >\n\t\t\t\n\t\t\t\n\n<p class=\"lead\" style=\"text-align: justify;\">Preencha o formul\u00e1rio ao lado com a sua solicita\u00e7\u00e3o, que entraremos em contato o mais breve poss\u00edvel.<\/p>\n\n\t\t<\/div>\n\t\t\t\t\t<\/div>\n\n\t\n\n\t<div id=\"col-1790424407\" class=\"col medium-6 large-6\"  >\n\t\t\t\t<div class=\"col-inner\"  >\n\t\t\t\n\t\t\t\n\n<div class=\"container section-title-container\" ><h3 class=\"section-title section-title-normal\"><b><\/b><span class=\"section-title-main\" >Contato<\/span><b><\/b><\/h3><\/div>\n\n\n<div class=\"wpcf7 no-js\" id=\"wpcf7-f20-o1\" lang=\"en-US\" dir=\"ltr\" data-wpcf7-id=\"20\">\n<div class=\"screen-reader-response\"><p role=\"status\" aria-live=\"polite\" aria-atomic=\"true\"><\/p> <ul><\/ul><\/div>\n<form action=\"\/pt-br\/wp-json\/wp\/v2\/pages\/93#wpcf7-f20-o1\" method=\"post\" class=\"wpcf7-form init\" aria-label=\"Contact form\" novalidate=\"novalidate\" data-status=\"init\">\n<fieldset class=\"hidden-fields-container\"><input type=\"hidden\" name=\"_wpcf7\" value=\"20\" \/><input type=\"hidden\" name=\"_wpcf7_version\" value=\"6.1.4\" \/><input type=\"hidden\" name=\"_wpcf7_locale\" value=\"en_US\" \/><input type=\"hidden\" name=\"_wpcf7_unit_tag\" value=\"wpcf7-f20-o1\" \/><input type=\"hidden\" name=\"_wpcf7_container_post\" value=\"0\" \/><input type=\"hidden\" name=\"_wpcf7_posted_data_hash\" value=\"\" \/>\n<\/fieldset>\n<p><span class=\"wpcf7-form-control-wrap\" data-name=\"your-name\"><input size=\"40\" maxlength=\"400\" class=\"wpcf7-form-control wpcf7-text wpcf7-validates-as-required\" aria-required=\"true\" aria-invalid=\"false\" placeholder=\"Nome (obrigat\u00f3rio)\" value=\"\" type=\"text\" name=\"your-name\" \/><\/span>\n<\/p>\n<p><span class=\"wpcf7-form-control-wrap\" data-name=\"your-email\"><input size=\"40\" maxlength=\"400\" class=\"wpcf7-form-control wpcf7-email wpcf7-validates-as-required wpcf7-text wpcf7-validates-as-email\" aria-required=\"true\" aria-invalid=\"false\" placeholder=\"Email (obrigat\u00f3rio)\" value=\"\" type=\"email\" name=\"your-email\" \/><\/span>\n<\/p>\n<p><span class=\"wpcf7-form-control-wrap\" data-name=\"tel-704\"><input size=\"40\" maxlength=\"400\" class=\"wpcf7-form-control wpcf7-tel wpcf7-validates-as-required wpcf7-text wpcf7-validates-as-tel\" aria-required=\"true\" aria-invalid=\"false\" placeholder=\"Telefone (obrigat\u00f3rio)\" value=\"\" type=\"tel\" name=\"tel-704\" \/><\/span>\n<\/p>\n<p><label>\u00c1rea de interesse<\/label><br \/>\n<span class=\"wpcf7-form-control-wrap\" data-name=\"AreaInteresse\"><select class=\"wpcf7-form-control wpcf7-select wpcf7-validates-as-required\" aria-required=\"true\" aria-invalid=\"false\" name=\"AreaInteresse\"><option value=\"Avicultura\">Avicultura<\/option><option value=\"Despoeiramento Moegas\">Despoeiramento Moegas<\/option><option value=\"Usinagem e Ferramentaria\">Usinagem e Ferramentaria<\/option><\/select><\/span>\n<\/p>\n<p><label>Mensagem (opcional)<\/label><br \/>\n<span class=\"wpcf7-form-control-wrap\" data-name=\"your-message\"><input size=\"40\" maxlength=\"400\" class=\"wpcf7-form-control wpcf7-text\" aria-invalid=\"false\" value=\"\" type=\"text\" name=\"your-message\" \/><\/span>\n<\/p>\n<p><span id=\"wpcf7-69e76115a6bb8-wrapper\" class=\"wpcf7-form-control-wrap website-wrap\" ><input type=\"hidden\" name=\"website-time-start\" value=\"1776771349\"><input type=\"hidden\" name=\"website-time-check\" value=\"4\"><label for=\"wpcf7-69e76115a6bb8-field\" class=\"hp-message\">Please leave this field empty.<\/label><input id=\"wpcf7-69e76115a6bb8-field\"  class=\"wpcf7-form-control wpcf7-text\" type=\"text\" name=\"website\" value=\"\" size=\"40\" tabindex=\"-1\" autocomplete=\"new-password\" \/><\/span>\n<\/p>\n<p><input class=\"wpcf7-form-control wpcf7-submit has-spinner button\" type=\"submit\" value=\"Enviar\" \/>\n<\/p><div class=\"wpcf7-response-output\" aria-hidden=\"true\"><\/div>\n<\/form>\n<\/div>\n\n\n\n\t\t<\/div>\n\t\t\t\t\t<\/div>\n\n\t\n\n<\/div>\n\n","protected":false},"excerpt":{"rendered":"","protected":false},"author":1,"featured_media":0,"parent":0,"menu_order":0,"comment_status":"closed","ping_status":"closed","template":"page-blank.php","meta":{"footnotes":""},"class_list":["post-93","page","type-page","status-publish","hentry"],"yoast_head":"<!-- This site is optimized with the Yoast SEO plugin v26.6 - https:\/\/yoast.com\/wordpress\/plugins\/seo\/ -->\n<title>Contato - Wings Ltda |<\/title>\n<meta name=\"robots\" content=\"index, follow, max-snippet:-1, max-image-preview:large, max-video-preview:-1\" \/>\n<link rel=\"canonical\" href=\"https:\/\/wingsdustcontrol.com.br\/pt-br\/contato\/\" \/>\n<meta property=\"og:locale\" content=\"pt_BR\" \/>\n<meta property=\"og:type\" content=\"article\" \/>\n<meta property=\"og:title\" content=\"Contato - Wings Ltda |\" \/>\n<meta property=\"og:url\" content=\"https:\/\/wingsdustcontrol.com.br\/contato\/\" \/>\n<meta property=\"og:site_name\" content=\"Wings Ltda |\" \/>\n<meta property=\"article:publisher\" content=\"https:\/\/www.facebook.com\/wingsltda\/\" \/>\n<meta property=\"article:modified_time\" content=\"2021-03-31T21:13:53+00:00\" \/>\n<meta name=\"twitter:card\" content=\"summary_large_image\" \/>\n<script type=\"application\/ld+json\" class=\"yoast-schema-graph\">{\"@context\":\"https:\/\/schema.org\",\"@graph\":[{\"@type\":\"WebPage\",\"@id\":\"https:\/\/wingsdustcontrol.com.br\/contato\/\",\"url\":\"https:\/\/wingsdustcontrol.com.br\/contato\/\",\"name\":\"Contato - Wings Ltda |\",\"isPartOf\":{\"@id\":\"https:\/\/wingsdustcontrol.com.br\/#website\"},\"datePublished\":\"2021-03-04T19:22:53+00:00\",\"dateModified\":\"2021-03-31T21:13:53+00:00\",\"breadcrumb\":{\"@id\":\"https:\/\/wingsdustcontrol.com.br\/contato\/#breadcrumb\"},\"inLanguage\":\"pt-BR\",\"potentialAction\":[{\"@type\":\"ReadAction\",\"target\":[\"https:\/\/wingsdustcontrol.com.br\/contato\/\"]}]},{\"@type\":\"BreadcrumbList\",\"@id\":\"https:\/\/wingsdustcontrol.com.br\/contato\/#breadcrumb\",\"itemListElement\":[{\"@type\":\"ListItem\",\"position\":1,\"name\":\"In\u00edcio\",\"item\":\"https:\/\/wingsdustcontrol.com.br\/\"},{\"@type\":\"ListItem\",\"position\":2,\"name\":\"Contato\"}]},{\"@type\":\"WebSite\",\"@id\":\"https:\/\/wingsdustcontrol.com.br\/#website\",\"url\":\"https:\/\/wingsdustcontrol.com.br\/\",\"name\":\"Wings Ltda |\",\"description\":\"Transformando sua opera\u00e7\u00e3o no agro.\",\"publisher\":{\"@id\":\"https:\/\/wingsdustcontrol.com.br\/#organization\"},\"potentialAction\":[{\"@type\":\"SearchAction\",\"target\":{\"@type\":\"EntryPoint\",\"urlTemplate\":\"https:\/\/wingsdustcontrol.com.br\/?s={search_term_string}\"},\"query-input\":{\"@type\":\"PropertyValueSpecification\",\"valueRequired\":true,\"valueName\":\"search_term_string\"}}],\"inLanguage\":\"pt-BR\"},{\"@type\":\"Organization\",\"@id\":\"https:\/\/wingsdustcontrol.com.br\/#organization\",\"name\":\"Wings Ltda\",\"url\":\"https:\/\/wingsdustcontrol.com.br\/\",\"logo\":{\"@type\":\"ImageObject\",\"inLanguage\":\"pt-BR\",\"@id\":\"https:\/\/wingsdustcontrol.com.br\/#\/schema\/logo\/image\/\",\"url\":\"https:\/\/wingsdustcontrol.com.br\/wp-content\/uploads\/2021\/11\/Wings-Logo-A1-e1664037880754.png\",\"contentUrl\":\"https:\/\/wingsdustcontrol.com.br\/wp-content\/uploads\/2021\/11\/Wings-Logo-A1-e1664037880754.png\",\"width\":1089,\"height\":356,\"caption\":\"Wings Ltda\"},\"image\":{\"@id\":\"https:\/\/wingsdustcontrol.com.br\/#\/schema\/logo\/image\/\"},\"sameAs\":[\"https:\/\/www.facebook.com\/wingsltda\/\",\"https:\/\/www.linkedin.com\/company\/wingsltda\/\",\"https:\/\/www.youtube.com\/channel\/UC2XSL5EljSgDh-pwalcPLLA\"]}]}<\/script>\n<!-- \/ Yoast SEO plugin. -->","yoast_head_json":{"title":"Contato - Wings Ltda |","robots":{"index":"index","follow":"follow","max-snippet":"max-snippet:-1","max-image-preview":"max-image-preview:large","max-video-preview":"max-video-preview:-1"},"canonical":"https:\/\/wingsdustcontrol.com.br\/pt-br\/contato\/","og_locale":"pt_BR","og_type":"article","og_title":"Contato - Wings Ltda |","og_url":"https:\/\/wingsdustcontrol.com.br\/contato\/","og_site_name":"Wings Ltda |","article_publisher":"https:\/\/www.facebook.com\/wingsltda\/","article_modified_time":"2021-03-31T21:13:53+00:00","twitter_card":"summary_large_image","schema":{"@context":"https:\/\/schema.org","@graph":[{"@type":"WebPage","@id":"https:\/\/wingsdustcontrol.com.br\/contato\/","url":"https:\/\/wingsdustcontrol.com.br\/contato\/","name":"Contato - Wings Ltda |","isPartOf":{"@id":"https:\/\/wingsdustcontrol.com.br\/#website"},"datePublished":"2021-03-04T19:22:53+00:00","dateModified":"2021-03-31T21:13:53+00:00","breadcrumb":{"@id":"https:\/\/wingsdustcontrol.com.br\/contato\/#breadcrumb"},"inLanguage":"pt-BR","potentialAction":[{"@type":"ReadAction","target":["https:\/\/wingsdustcontrol.com.br\/contato\/"]}]},{"@type":"BreadcrumbList","@id":"https:\/\/wingsdustcontrol.com.br\/contato\/#breadcrumb","itemListElement":[{"@type":"ListItem","position":1,"name":"In\u00edcio","item":"https:\/\/wingsdustcontrol.com.br\/"},{"@type":"ListItem","position":2,"name":"Contato"}]},{"@type":"WebSite","@id":"https:\/\/wingsdustcontrol.com.br\/#website","url":"https:\/\/wingsdustcontrol.com.br\/","name":"Wings Ltda |","description":"Transformando sua opera\u00e7\u00e3o no agro.","publisher":{"@id":"https:\/\/wingsdustcontrol.com.br\/#organization"},"potentialAction":[{"@type":"SearchAction","target":{"@type":"EntryPoint","urlTemplate":"https:\/\/wingsdustcontrol.com.br\/?s={search_term_string}"},"query-input":{"@type":"PropertyValueSpecification","valueRequired":true,"valueName":"search_term_string"}}],"inLanguage":"pt-BR"},{"@type":"Organization","@id":"https:\/\/wingsdustcontrol.com.br\/#organization","name":"Wings Ltda","url":"https:\/\/wingsdustcontrol.com.br\/","logo":{"@type":"ImageObject","inLanguage":"pt-BR","@id":"https:\/\/wingsdustcontrol.com.br\/#\/schema\/logo\/image\/","url":"https:\/\/wingsdustcontrol.com.br\/wp-content\/uploads\/2021\/11\/Wings-Logo-A1-e1664037880754.png","contentUrl":"https:\/\/wingsdustcontrol.com.br\/wp-content\/uploads\/2021\/11\/Wings-Logo-A1-e1664037880754.png","width":1089,"height":356,"caption":"Wings Ltda"},"image":{"@id":"https:\/\/wingsdustcontrol.com.br\/#\/schema\/logo\/image\/"},"sameAs":["https:\/\/www.facebook.com\/wingsltda\/","https:\/\/www.linkedin.com\/company\/wingsltda\/","https:\/\/www.youtube.com\/channel\/UC2XSL5EljSgDh-pwalcPLLA"]}]}},"_links":{"self":[{"href":"https:\/\/wingsdustcontrol.com.br\/pt-br\/wp-json\/wp\/v2\/pages\/93","targetHints":{"allow":["GET"]}}],"collection":[{"href":"https:\/\/wingsdustcontrol.com.br\/pt-br\/wp-json\/wp\/v2\/pages"}],"about":[{"href":"https:\/\/wingsdustcontrol.com.br\/pt-br\/wp-json\/wp\/v2\/types\/page"}],"author":[{"embeddable":true,"href":"https:\/\/wingsdustcontrol.com.br\/pt-br\/wp-json\/wp\/v2\/users\/1"}],"replies":[{"embeddable":true,"href":"https:\/\/wingsdustcontrol.com.br\/pt-br\/wp-json\/wp\/v2\/comments?post=93"}],"version-history":[{"count":5,"href":"https:\/\/wingsdustcontrol.com.br\/pt-br\/wp-json\/wp\/v2\/pages\/93\/revisions"}],"predecessor-version":[{"id":3843,"href":"https:\/\/wingsdustcontrol.com.br\/pt-br\/wp-json\/wp\/v2\/pages\/93\/revisions\/3843"}],"wp:attachment":[{"href":"https:\/\/wingsdustcontrol.com.br\/pt-br\/wp-json\/wp\/v2\/media?parent=93"}],"curies":[{"name":"wp","href":"https:\/\/api.w.org\/{rel}","templated":true}]}}