{"id":95,"date":"2021-03-05T19:06:15","date_gmt":"2021-03-05T19:06:15","guid":{"rendered":"http:\/\/localhost:8888\/test\/?page_id=520"},"modified":"2021-04-20T19:50:58","modified_gmt":"2021-04-20T19:50:58","slug":"sobre-nos","status":"publish","type":"page","link":"https:\/\/wingsdustcontrol.com.br\/pt-br\/sobre-nos\/","title":{"rendered":"Sobre n\u00f3s"},"content":{"rendered":"\n\n  <div class=\"banner has-hover has-parallax\" id=\"banner-761103970\">\n          <div class=\"banner-inner fill\">\n        <div class=\"banner-bg fill\" data-parallax=\"-3\" data-parallax-container=\".banner\" data-parallax-background>\n            <div class=\"bg fill bg-fill \"><\/div>\n                        <div class=\"overlay\"><\/div>            \n                    <\/div>\n        <div class=\"banner-layers container\">\n            <div class=\"fill banner-link\"><\/div>            \n\n   <div id=\"text-box-1790897139\" class=\"text-box banner-layer x50 md-x50 lg-x50 y80 md-y80 lg-y80 res-text\">\n                                <div class=\"text-box-content text dark\">\n              \n              <div class=\"text-inner text-center\">\n                  \n\n\t<div id=\"text-3279853544\" class=\"text\">\n\t\t\n\n<h1 class=\"lead\">Sobre n\u00f3s<\/h1>\n<p class=\"lead\">\u00a0<\/p>\n\t\t\n<style>\n#text-3279853544 {\n  color: rgb(0,0,0);\n}\n#text-3279853544 > * {\n  color: rgb(0,0,0);\n}\n<\/style>\n\t<\/div>\n\t\n\n              <\/div>\n           <\/div>\n                            \n<style>\n#text-box-1790897139 {\n  width: 60%;\n}\n#text-box-1790897139 .text-box-content {\n  font-size: 100%;\n}\n<\/style>\n    <\/div>\n \n\n        <\/div>\n      <\/div>\n\n            \n<style>\n#banner-761103970 {\n  padding-top: 507px;\n  background-color: rgb(165, 161, 161);\n}\n#banner-761103970 .bg.bg-loaded {\n  background-image: url(https:\/\/wingsdustcontrol.com.br\/wp-content\/uploads\/2021\/03\/wings-ltda-ajudando-o-agro-a-prosperar-sem-poluir.jpg);\n}\n#banner-761103970 .overlay {\n  background-color: rgba(255,255,255,.5);\n}\n<\/style>\n  <\/div>\n\n\n<div class=\"row\"  id=\"row-1107698103\">\n\n\n\t<div id=\"col-1646160119\" class=\"col small-12 large-12\"  >\n\t\t\t\t<div class=\"col-inner\"  >\n\t\t\t\n\t\t\t\n\n<p style=\"text-align: justify;\">A Wings Ltda iniciou suas atividades na \u00e1rea de avicultura em 1983, fabricando a primeira vacinadora pneum\u00e1tica subcut\u00e2nea do Brasil.\u00a0Sua linha de produtos cresceu com o desenvolvimento de novos equipamentos para avicultura, como vacinadoras oculares, debicadores autom\u00e1ticos, equipamentos para transfer\u00eancia de ovos e, finalmente, a vacinadora in-ovo Ovo-Jector.<\/p>\n<p style=\"text-align: justify;\">A alta tecnologia da Ovo-Jector foi passada para a empresa Profilax Sa\u00fade Animal em 2012, quando a Wings Ltda vendeu suas patentes, as quais fizeram desta vacinadora in-ovo uma das mais eficientes entre as quatro fabricadas no mundo.<\/p>\n<p style=\"text-align: justify;\">Desde 2000, a Wings Ltda \u00e9 fabricante dos sistemas de controle de emiss\u00e3o de poeira Dustcontrol, cuja fun\u00e7\u00e3o \u00e9 controlar a emiss\u00e3o de poeira em moegas de recebimento de produtos a granel. Os sistemas s\u00e3o instalados em f\u00e1bricas de ra\u00e7\u00e3o, portos, ind\u00fastrias aliment\u00edcias, armaz\u00e9ns de produtos a granel e onde quer que seja feito o descarregamento a granel de caminh\u00f5es ou vag\u00f5es de trem. Os sistemas Dustcontrol fabricados pela Wings Ltda \u00e9 o \u00fanico do mercado com a mais alta capacidade de reten\u00e7\u00e3o da poeira e com o melhor custo benef\u00edcio.<\/p>\n<p style=\"text-align: justify;\">Ao longo de suas opera\u00e7\u00f5es, j\u00e1 foram instalados mais de 250 sistemas Dustcontrol no Brasil, Estados Unidos, Chile, M\u00e9xico e Equador, e com isso estas empresas tornaram suas opera\u00e7\u00f5es industriais ecologicamente corretas, ajudando a melhorar tanto a qualidade do meio ambiente quando a qualidade de vida dos seus colaboradores.<\/p>\n<p style=\"text-align: justify;\">Hoje a Wings \u00e9 uma empresa respeitada no mercado, por desenvolver produtos que tem como foco principal a preserva\u00e7\u00e3o do meio ambiente e ajudar as empresas a tornar suas opera\u00e7\u00f5es sustent\u00e1veis. Os seus maiores apoiadores, al\u00e9m dos diversos clientes que atende e operadores, s\u00e3o os \u00f3rg\u00e3os governamentais de controle ambiental.<\/p>\n<p style=\"text-align: justify;\">Depois de anos fabricando pe\u00e7as de alta tecnologia para seus pr\u00f3prios equipamentos, a Wings Ltda, implantou a Wings Ferramentaria www.wingsferramentaria.com.br, e contatando uma equipe de oper\u00e1rios altamente qualificados, passou a oferecer a seus clientes servi\u00e7os de ferramentaria, usinagem, caldeiraria e desenvolvimento de projetos especiais.<\/p>\n<div class=\"text-center\"><div class=\"is-divider divider clearfix\" ><\/div><\/div>\n\n\n\t\t<\/div>\n\t\t\t\t\t<\/div>\n\n\t\n\n\t<div id=\"col-338244144\" class=\"col medium-4 small-12 large-4\"  >\n\t\t\t\t<div class=\"col-inner\"  >\n\t\t\t\n\t\t\t\n\n    <div class=\"box has-hover has-hover box-text-bottom\" >\n\n                  <div class=\"box-image \" style=\"width:80%;\">\n           <div class=\"box-image-inner image-cover\" style=\"border-radius:100%;padding-top:100%;\">\n              <img loading=\"lazy\" decoding=\"async\" width=\"200\" height=\"200\" src=\"https:\/\/wingsdustcontrol.com.br\/wp-content\/uploads\/2021\/03\/david-smith.jpg\" class=\"attachment- size-\" alt=\"David Smith\" srcset=\"https:\/\/wingsdustcontrol.com.br\/wp-content\/uploads\/2021\/03\/david-smith.jpg 200w, https:\/\/wingsdustcontrol.com.br\/wp-content\/uploads\/2021\/03\/david-smith-100x100.jpg 100w\" sizes=\"auto, (max-width: 200px) 100vw, 200px\" \/>                         <\/div>\n          <\/div>\n         \n          <div class=\"box-text text-center\" >\n                <div class=\"box-text-inner\">\n                  <h4 class=\"uppercase\">\n                    <span class=\"person-name\">David Smith<\/span><br\/>\n                    <span class=\"person-title is-small thin-font op-7\">\n                      Presidente                    <\/span>\n                  <\/h4>\n                 <div class=\"social-icons follow-icons\" ><a href=\"https:\/\/www.facebook.com\/profile.php?id=1110854186\" target=\"_blank\" data-label=\"Facebook\" rel=\"noopener noreferrer nofollow\" class=\"icon button circle is-outline facebook tooltip\" title=\"Follow on Facebook\" aria-label=\"Follow on Facebook\"><i class=\"icon-facebook\" ><\/i><\/a><a href=\"mailto:david@wingsdustcontrol.com.br\" data-label=\"E-mail\" rel=\"nofollow\" class=\"icon button circle is-outline  email tooltip\" title=\"Envie-nos um email\" aria-label=\"Envie-nos um email\"><i class=\"icon-envelop\" ><\/i><\/a><a href=\"https:\/\/www.linkedin.com\/in\/david-smith-92b2411b\/\" target=\"_blank\" rel=\"noopener noreferrer nofollow\" data-label=\"LinkedIn\" class=\"icon button circle is-outline  linkedin tooltip\" title=\"Follow on LinkedIn\" aria-label=\"Follow on LinkedIn\"><i class=\"icon-linkedin\" ><\/i><\/a><\/div>                 \n\n<p>Mudei-me para o Brasil h\u00e1 mais de 40 anos como o primeiro funcion\u00e1rio da futura GSI Brasil, uma grande fabricante de silos de gr\u00e3os. Em 1983, comecei a Wings, fabricando o primeiro vacinador pneum\u00e1tico de pintinhos do pa\u00eds e desenvolvendo gradualmente uma linha completa de produtos para incubat\u00f3rios de aves. Desde que foram vendidas as patentes para o vacinadora em ovo,\u00a0 Ovo-Jector para a empresa de vacinas Merial em 2012, dediquei 100% dos recursos da empresa para a fabrica\u00e7\u00e3o de sistemas DustControl\u00ae que evitam que a poeira seja expelida de po\u00e7os de recebimento a granel no meio ambiente .<\/p>\n\n                <\/div>\n          <\/div>\n    <\/div>\n\n    \n    \n\n\t\t<\/div>\n\t\t\t\t\t<\/div>\n\n\t\n\n\t<div id=\"col-2078598455\" class=\"col medium-4 small-12 large-4\"  >\n\t\t\t\t<div class=\"col-inner\"  >\n\t\t\t\n\t\t\t\n\n    <div class=\"box has-hover has-hover box-text-bottom\" >\n\n                  <div class=\"box-image \" style=\"width:80%;\">\n           <div class=\"box-image-inner image-cover\" style=\"border-radius:100%;padding-top:100%;\">\n              <img loading=\"lazy\" decoding=\"async\" width=\"200\" height=\"200\" src=\"https:\/\/wingsdustcontrol.com.br\/wp-content\/uploads\/2021\/03\/Linda-Smith.jpg\" class=\"attachment- size-\" alt=\"Linda Smith\" srcset=\"https:\/\/wingsdustcontrol.com.br\/wp-content\/uploads\/2021\/03\/Linda-Smith.jpg 200w, https:\/\/wingsdustcontrol.com.br\/wp-content\/uploads\/2021\/03\/Linda-Smith-100x100.jpg 100w\" sizes=\"auto, (max-width: 200px) 100vw, 200px\" \/>                         <\/div>\n          <\/div>\n         \n          <div class=\"box-text text-center\" >\n                <div class=\"box-text-inner\">\n                  <h4 class=\"uppercase\">\n                    <span class=\"person-name\">Linda Smith<\/span><br\/>\n                    <span class=\"person-title is-small thin-font op-7\">\n                      Diretoria                    <\/span>\n                  <\/h4>\n                 <div class=\"social-icons follow-icons\" ><a href=\"https:\/\/www.facebook.com\/linda.f.smith.967\" target=\"_blank\" data-label=\"Facebook\" rel=\"noopener noreferrer nofollow\" class=\"icon button circle is-outline facebook tooltip\" title=\"Follow on Facebook\" aria-label=\"Follow on Facebook\"><i class=\"icon-facebook\" ><\/i><\/a><a href=\"mailto:wingscom@wingsdustcontrol.com.br\" data-label=\"E-mail\" rel=\"nofollow\" class=\"icon button circle is-outline  email tooltip\" title=\"Envie-nos um email\" aria-label=\"Envie-nos um email\"><i class=\"icon-envelop\" ><\/i><\/a><a href=\"https:\/\/www.linkedin.com\/in\/linda-feutz-smith\/\" target=\"_blank\" rel=\"noopener noreferrer nofollow\" data-label=\"LinkedIn\" class=\"icon button circle is-outline  linkedin tooltip\" title=\"Follow on LinkedIn\" aria-label=\"Follow on LinkedIn\"><i class=\"icon-linkedin\" ><\/i><\/a><\/div>                 \n\n<p>Moro no Brasil h\u00e1 mais de 40 anos, tenho uma vasta experi\u00eancia, tanto no setor privado quanto como volunt\u00e1rio em ONGS. Desde o in\u00edcio da Wings, operava nos bastidores, \u00e0 medida que assumia responsabilidades administrativas, fiz cursos de curta dura\u00e7\u00e3o em grandes universidades para aprender novas habilidades em contabilidade e gest\u00e3o. Al\u00e9m das responsabilidades do dia a dia, sou respons\u00e1vel por muitos dos novos projetos da empresa. Gosto do desafio de encontrar maneiras de melhorar tudo o que nossa empresa precisa fazer.<\/p>\n\n                <\/div>\n          <\/div>\n    <\/div>\n\n    \n    \n\n\t\t<\/div>\n\t\t\t\t\t<\/div>\n\n\t\n\n\t<div id=\"col-1182622538\" class=\"col medium-4 small-12 large-4\"  >\n\t\t\t\t<div class=\"col-inner\"  >\n\t\t\t\n\t\t\t\n\n    <div class=\"box has-hover has-hover box-text-bottom\" >\n\n                  <div class=\"box-image \" style=\"width:80%;\">\n           <div class=\"box-image-inner image-cover\" style=\"border-radius:100%;padding-top:100%;\">\n              <img loading=\"lazy\" decoding=\"async\" width=\"200\" height=\"200\" src=\"https:\/\/wingsdustcontrol.com.br\/wp-content\/uploads\/2021\/03\/jesse.jpg\" class=\"attachment- size-\" alt=\"Jess\u00e9 Venancio\" srcset=\"https:\/\/wingsdustcontrol.com.br\/wp-content\/uploads\/2021\/03\/jesse.jpg 200w, https:\/\/wingsdustcontrol.com.br\/wp-content\/uploads\/2021\/03\/jesse-100x100.jpg 100w\" sizes=\"auto, (max-width: 200px) 100vw, 200px\" \/>                         <\/div>\n          <\/div>\n         \n          <div class=\"box-text text-center\" >\n                <div class=\"box-text-inner\">\n                  <h4 class=\"uppercase\">\n                    <span class=\"person-name\">Jess\u00e9 Ven\u00e2ncio<\/span><br\/>\n                    <span class=\"person-title is-small thin-font op-7\">\n                      Gerente administrativo                    <\/span>\n                  <\/h4>\n                 <div class=\"social-icons follow-icons\" ><a href=\"https:\/\/www.facebook.com\/jesse.venancio.5\" target=\"_blank\" data-label=\"Facebook\" rel=\"noopener noreferrer nofollow\" class=\"icon button circle is-outline facebook tooltip\" title=\"Follow on Facebook\" aria-label=\"Follow on Facebook\"><i class=\"icon-facebook\" ><\/i><\/a><a href=\"mailto:contato@wingsdustcontrol.com.br\" data-label=\"E-mail\" rel=\"nofollow\" class=\"icon button circle is-outline  email tooltip\" title=\"Envie-nos um email\" aria-label=\"Envie-nos um email\"><i class=\"icon-envelop\" ><\/i><\/a><a href=\"https:\/\/www.linkedin.com\/in\/jesse-venancio-de-lima-75a27ab2\/\" target=\"_blank\" rel=\"noopener noreferrer nofollow\" data-label=\"LinkedIn\" class=\"icon button circle is-outline  linkedin tooltip\" title=\"Follow on LinkedIn\" aria-label=\"Follow on LinkedIn\"><i class=\"icon-linkedin\" ><\/i><\/a><\/div>                 \n\n<p>Vindo de outras experi\u00eancias profissionais cheguei na Wings no ano de 2004 como gerente administrativo respons\u00e1vel pelas opera\u00e7\u00f5es da empresa.<br \/>Hoje s\u00f3cio-gerente tenho o comprometimento de garantir e viabilizar as opera\u00e7\u00f5es comerciais e de fabrica\u00e7\u00e3o para atingir os objetivos.<br \/>Graduado em Administra\u00e7\u00e3o de empresas tenho como gest\u00e3o foco nos resultados, acredito que o capital humano e o comprometimento de fazer acontecer \u00e9 o pilar que me move.<\/p>\n\n                <\/div>\n          <\/div>\n    <\/div>\n\n    \n    \n\n\t\t<\/div>\n\t\t\t\t\t<\/div>\n\n\t\n\n<\/div>\n\n","protected":false},"excerpt":{"rendered":"","protected":false},"author":1,"featured_media":0,"parent":0,"menu_order":0,"comment_status":"closed","ping_status":"closed","template":"page-blank.php","meta":{"footnotes":""},"class_list":["post-95","page","type-page","status-publish","hentry"],"yoast_head":"<!-- This site is optimized with the Yoast SEO plugin v26.6 - https:\/\/yoast.com\/wordpress\/plugins\/seo\/ -->\n<title>Sobre n\u00f3s - Wings Ltda |<\/title>\n<meta name=\"robots\" content=\"index, follow, max-snippet:-1, max-image-preview:large, max-video-preview:-1\" \/>\n<link rel=\"canonical\" href=\"https:\/\/wingsdustcontrol.com.br\/pt-br\/sobre-nos\/\" \/>\n<meta property=\"og:locale\" content=\"pt_BR\" \/>\n<meta property=\"og:type\" content=\"article\" \/>\n<meta property=\"og:title\" content=\"Sobre n\u00f3s - Wings Ltda |\" \/>\n<meta property=\"og:url\" content=\"https:\/\/wingsdustcontrol.com.br\/sobre-nos\/\" \/>\n<meta property=\"og:site_name\" content=\"Wings Ltda |\" \/>\n<meta property=\"article:publisher\" content=\"https:\/\/www.facebook.com\/wingsltda\/\" \/>\n<meta property=\"article:modified_time\" content=\"2021-04-20T19:50:58+00:00\" \/>\n<meta name=\"twitter:card\" content=\"summary_large_image\" \/>\n<meta name=\"twitter:label1\" content=\"Est. tempo de leitura\" \/>\n\t<meta name=\"twitter:data1\" content=\"4 minutos\" \/>\n<script type=\"application\/ld+json\" class=\"yoast-schema-graph\">{\"@context\":\"https:\/\/schema.org\",\"@graph\":[{\"@type\":\"WebPage\",\"@id\":\"https:\/\/wingsdustcontrol.com.br\/sobre-nos\/\",\"url\":\"https:\/\/wingsdustcontrol.com.br\/sobre-nos\/\",\"name\":\"Sobre n\u00f3s - Wings Ltda |\",\"isPartOf\":{\"@id\":\"https:\/\/wingsdustcontrol.com.br\/#website\"},\"datePublished\":\"2021-03-05T19:06:15+00:00\",\"dateModified\":\"2021-04-20T19:50:58+00:00\",\"breadcrumb\":{\"@id\":\"https:\/\/wingsdustcontrol.com.br\/sobre-nos\/#breadcrumb\"},\"inLanguage\":\"pt-BR\",\"potentialAction\":[{\"@type\":\"ReadAction\",\"target\":[\"https:\/\/wingsdustcontrol.com.br\/sobre-nos\/\"]}]},{\"@type\":\"BreadcrumbList\",\"@id\":\"https:\/\/wingsdustcontrol.com.br\/sobre-nos\/#breadcrumb\",\"itemListElement\":[{\"@type\":\"ListItem\",\"position\":1,\"name\":\"In\u00edcio\",\"item\":\"https:\/\/wingsdustcontrol.com.br\/\"},{\"@type\":\"ListItem\",\"position\":2,\"name\":\"Sobre n\u00f3s\"}]},{\"@type\":\"WebSite\",\"@id\":\"https:\/\/wingsdustcontrol.com.br\/#website\",\"url\":\"https:\/\/wingsdustcontrol.com.br\/\",\"name\":\"Wings Ltda |\",\"description\":\"Transformando sua opera\u00e7\u00e3o no agro.\",\"publisher\":{\"@id\":\"https:\/\/wingsdustcontrol.com.br\/#organization\"},\"potentialAction\":[{\"@type\":\"SearchAction\",\"target\":{\"@type\":\"EntryPoint\",\"urlTemplate\":\"https:\/\/wingsdustcontrol.com.br\/?s={search_term_string}\"},\"query-input\":{\"@type\":\"PropertyValueSpecification\",\"valueRequired\":true,\"valueName\":\"search_term_string\"}}],\"inLanguage\":\"pt-BR\"},{\"@type\":\"Organization\",\"@id\":\"https:\/\/wingsdustcontrol.com.br\/#organization\",\"name\":\"Wings Ltda\",\"url\":\"https:\/\/wingsdustcontrol.com.br\/\",\"logo\":{\"@type\":\"ImageObject\",\"inLanguage\":\"pt-BR\",\"@id\":\"https:\/\/wingsdustcontrol.com.br\/#\/schema\/logo\/image\/\",\"url\":\"https:\/\/wingsdustcontrol.com.br\/wp-content\/uploads\/2021\/11\/Wings-Logo-A1-e1664037880754.png\",\"contentUrl\":\"https:\/\/wingsdustcontrol.com.br\/wp-content\/uploads\/2021\/11\/Wings-Logo-A1-e1664037880754.png\",\"width\":1089,\"height\":356,\"caption\":\"Wings Ltda\"},\"image\":{\"@id\":\"https:\/\/wingsdustcontrol.com.br\/#\/schema\/logo\/image\/\"},\"sameAs\":[\"https:\/\/www.facebook.com\/wingsltda\/\",\"https:\/\/www.linkedin.com\/company\/wingsltda\/\",\"https:\/\/www.youtube.com\/channel\/UC2XSL5EljSgDh-pwalcPLLA\"]}]}<\/script>\n<!-- \/ Yoast SEO plugin. -->","yoast_head_json":{"title":"Sobre n\u00f3s - Wings Ltda |","robots":{"index":"index","follow":"follow","max-snippet":"max-snippet:-1","max-image-preview":"max-image-preview:large","max-video-preview":"max-video-preview:-1"},"canonical":"https:\/\/wingsdustcontrol.com.br\/pt-br\/sobre-nos\/","og_locale":"pt_BR","og_type":"article","og_title":"Sobre n\u00f3s - Wings Ltda |","og_url":"https:\/\/wingsdustcontrol.com.br\/sobre-nos\/","og_site_name":"Wings Ltda |","article_publisher":"https:\/\/www.facebook.com\/wingsltda\/","article_modified_time":"2021-04-20T19:50:58+00:00","twitter_card":"summary_large_image","twitter_misc":{"Est. tempo de leitura":"4 minutos"},"schema":{"@context":"https:\/\/schema.org","@graph":[{"@type":"WebPage","@id":"https:\/\/wingsdustcontrol.com.br\/sobre-nos\/","url":"https:\/\/wingsdustcontrol.com.br\/sobre-nos\/","name":"Sobre n\u00f3s - Wings Ltda |","isPartOf":{"@id":"https:\/\/wingsdustcontrol.com.br\/#website"},"datePublished":"2021-03-05T19:06:15+00:00","dateModified":"2021-04-20T19:50:58+00:00","breadcrumb":{"@id":"https:\/\/wingsdustcontrol.com.br\/sobre-nos\/#breadcrumb"},"inLanguage":"pt-BR","potentialAction":[{"@type":"ReadAction","target":["https:\/\/wingsdustcontrol.com.br\/sobre-nos\/"]}]},{"@type":"BreadcrumbList","@id":"https:\/\/wingsdustcontrol.com.br\/sobre-nos\/#breadcrumb","itemListElement":[{"@type":"ListItem","position":1,"name":"In\u00edcio","item":"https:\/\/wingsdustcontrol.com.br\/"},{"@type":"ListItem","position":2,"name":"Sobre n\u00f3s"}]},{"@type":"WebSite","@id":"https:\/\/wingsdustcontrol.com.br\/#website","url":"https:\/\/wingsdustcontrol.com.br\/","name":"Wings Ltda |","description":"Transformando sua opera\u00e7\u00e3o no agro.","publisher":{"@id":"https:\/\/wingsdustcontrol.com.br\/#organization"},"potentialAction":[{"@type":"SearchAction","target":{"@type":"EntryPoint","urlTemplate":"https:\/\/wingsdustcontrol.com.br\/?s={search_term_string}"},"query-input":{"@type":"PropertyValueSpecification","valueRequired":true,"valueName":"search_term_string"}}],"inLanguage":"pt-BR"},{"@type":"Organization","@id":"https:\/\/wingsdustcontrol.com.br\/#organization","name":"Wings Ltda","url":"https:\/\/wingsdustcontrol.com.br\/","logo":{"@type":"ImageObject","inLanguage":"pt-BR","@id":"https:\/\/wingsdustcontrol.com.br\/#\/schema\/logo\/image\/","url":"https:\/\/wingsdustcontrol.com.br\/wp-content\/uploads\/2021\/11\/Wings-Logo-A1-e1664037880754.png","contentUrl":"https:\/\/wingsdustcontrol.com.br\/wp-content\/uploads\/2021\/11\/Wings-Logo-A1-e1664037880754.png","width":1089,"height":356,"caption":"Wings Ltda"},"image":{"@id":"https:\/\/wingsdustcontrol.com.br\/#\/schema\/logo\/image\/"},"sameAs":["https:\/\/www.facebook.com\/wingsltda\/","https:\/\/www.linkedin.com\/company\/wingsltda\/","https:\/\/www.youtube.com\/channel\/UC2XSL5EljSgDh-pwalcPLLA"]}]}},"_links":{"self":[{"href":"https:\/\/wingsdustcontrol.com.br\/pt-br\/wp-json\/wp\/v2\/pages\/95","targetHints":{"allow":["GET"]}}],"collection":[{"href":"https:\/\/wingsdustcontrol.com.br\/pt-br\/wp-json\/wp\/v2\/pages"}],"about":[{"href":"https:\/\/wingsdustcontrol.com.br\/pt-br\/wp-json\/wp\/v2\/types\/page"}],"author":[{"embeddable":true,"href":"https:\/\/wingsdustcontrol.com.br\/pt-br\/wp-json\/wp\/v2\/users\/1"}],"replies":[{"embeddable":true,"href":"https:\/\/wingsdustcontrol.com.br\/pt-br\/wp-json\/wp\/v2\/comments?post=95"}],"version-history":[{"count":9,"href":"https:\/\/wingsdustcontrol.com.br\/pt-br\/wp-json\/wp\/v2\/pages\/95\/revisions"}],"predecessor-version":[{"id":4456,"href":"https:\/\/wingsdustcontrol.com.br\/pt-br\/wp-json\/wp\/v2\/pages\/95\/revisions\/4456"}],"wp:attachment":[{"href":"https:\/\/wingsdustcontrol.com.br\/pt-br\/wp-json\/wp\/v2\/media?parent=95"}],"curies":[{"name":"wp","href":"https:\/\/api.w.org\/{rel}","templated":true}]}}